{"id":8181,"date":"2025-04-28T15:47:39","date_gmt":"2025-04-28T15:47:39","guid":{"rendered":"https:\/\/belart-gallery.com\/product-page\/le-coin-de-lartiste\/"},"modified":"2026-03-08T16:18:47","modified_gmt":"2026-03-08T16:18:47","slug":"sophie-dumont-le-coin-de-l-artiste","status":"publish","type":"product","link":"https:\/\/www.belart-gallery.com\/fr\/product-page\/sophie-dumont-le-coin-de-l-artiste\/","title":{"rendered":"Le coin de l&#8217;artiste"},"content":{"rendered":"<p>L'\u0153uvre peut \u00eatre retir\u00e9e \u00e0 la galerie BelArt \u00e0 Bruxelles, Belgique, ou peut \u00eatre livr\u00e9e \u00e0 l'adresse de votre choix dans un d\u00e9lai de 2 \u00e0 3 semaines apr\u00e8s la confirmation de votre commande. L'\u0153uvre est assur\u00e9e pendant le transport, il n'y a donc aucun risque. Origine : Belgique : Belgique.<\/p>\n<p>&nbsp;<\/p>\n<p>&#8220;Le Coin de l&#8217;Artiste&#8221; is a work that immerses the viewer in the intimacy of a studio, where ideas and creations are born. The composition, deliberately structured and geometric, evokes the various elements that populate a creative workspace: canvases, frames, materials, and sketches. Each colored shape, whether red, green, yellow or blue, finds its place in this harmonious whole, creating a visual balance that reflects both the order and chaos characteristic of any artist&#8217;s studio.<\/p>\n<p>The artist plays with shapes and colors to capture the essence of this creative space, where every object tells a story and every empty space is an invitation to inspiration. The rich textures of the oil paint add a depth and materiality that make the painting almost tactile, as if the viewer could reach out and touch these elements of artistic everyday life.<\/p>\n<p>\u201cThe Artist&#8217;s Corner&#8221; is a celebration of the artist&#8217;s intimate space, a place where dreams take shape and the magic of creation manifests.<\/p>","protected":false},"excerpt":{"rendered":"<p>The artwork is available for pickup at BelArt Gallery in Brussels, Belgium, or it can be delivered to the address of your choice within 2 to 3 weeks after your order is confirmed. The artwork is insured during transportation, so there&#8217;s no risk. Origin: Belgium. &nbsp; &#8220;Le Coin de l&#8217;Artiste&#8221; is a work that immerses [&hellip;]<\/p>","protected":false},"featured_media":2846,"template":"","meta":{"_acf_changed":false,"inline_featured_image":false,"_monsterinsights_skip_tracking":false,"_monsterinsights_sitenote_active":false,"_monsterinsights_sitenote_note":"","_monsterinsights_sitenote_category":0},"product_brand":[180],"product_cat":[27,36],"product_tag":[117,169,128],"department":[],"class_list":{"0":"post-8181","1":"product","2":"type-product","3":"status-publish","4":"has-post-thumbnail","6":"product_brand-sophie-dumont","7":"product_cat-abstract","8":"product_cat-painting","9":"product_tag-abstract-art","10":"product_tag-colors","11":"product_tag-geometric","12":"product_shipping_class-small","14":"first","15":"outofstock","16":"sold-individually","17":"shipping-taxable","18":"purchasable","19":"product-type-simple"},"acf":[],"_links":{"self":[{"href":"https:\/\/www.belart-gallery.com\/fr\/wp-json\/wp\/v2\/product\/8181","targetHints":{"allow":["GET"]}}],"collection":[{"href":"https:\/\/www.belart-gallery.com\/fr\/wp-json\/wp\/v2\/product"}],"about":[{"href":"https:\/\/www.belart-gallery.com\/fr\/wp-json\/wp\/v2\/types\/product"}],"wp:featuredmedia":[{"embeddable":true,"href":"https:\/\/www.belart-gallery.com\/fr\/wp-json\/wp\/v2\/media\/2846"}],"wp:attachment":[{"href":"https:\/\/www.belart-gallery.com\/fr\/wp-json\/wp\/v2\/media?parent=8181"}],"wp:term":[{"taxonomy":"product_brand","embeddable":true,"href":"https:\/\/www.belart-gallery.com\/fr\/wp-json\/wp\/v2\/product_brand?post=8181"},{"taxonomy":"product_cat","embeddable":true,"href":"https:\/\/www.belart-gallery.com\/fr\/wp-json\/wp\/v2\/product_cat?post=8181"},{"taxonomy":"product_tag","embeddable":true,"href":"https:\/\/www.belart-gallery.com\/fr\/wp-json\/wp\/v2\/product_tag?post=8181"},{"taxonomy":"department","embeddable":true,"href":"https:\/\/www.belart-gallery.com\/fr\/wp-json\/wp\/v2\/department?post=8181"}],"curies":[{"name":"wp","href":"https:\/\/api.w.org\/{rel}","templated":true}]}}