{"id":8183,"date":"2025-04-28T15:47:39","date_gmt":"2025-04-28T15:47:39","guid":{"rendered":"https:\/\/belart-gallery.com\/product-page\/unpredictable-past-paesaggio-poetico\/"},"modified":"2025-07-19T15:34:52","modified_gmt":"2025-07-19T15:34:52","slug":"daniela-pasqualini-unpredictable-past-paesaggio-poetico","status":"publish","type":"product","link":"https:\/\/www.belart-gallery.com\/fr\/product-page\/daniela-pasqualini-unpredictable-past-paesaggio-poetico\/","title":{"rendered":"Unpredictable past &#8211; Paesaggio Poetico"},"content":{"rendered":"<p>L'\u0153uvre peut \u00eatre retir\u00e9e \u00e0 la galerie BelArt \u00e0 Bruxelles, Belgique, ou peut \u00eatre livr\u00e9e \u00e0 l'adresse de votre choix dans un d\u00e9lai de 2 \u00e0 3 semaines apr\u00e8s la confirmation de votre commande. L'\u0153uvre est assur\u00e9e pendant le transport, il n'y a donc aucun risque. Origine : Belgique : Belgique.<\/p>\n<p>This painting is from the serie &#8220;Paesaggi Poetici&#8221;, serie about sensitivity to our surroundings&#8230;. ethereal introspective landscape opposed to realistic one. My goal is to let the viewer completes the painting with what is personally meaningful creating space for his memories and his unexpressed voice.<br \/>\nThe result is an open compositions, full of charm and energy which is the essence of my art.<\/p>\n<p>Peint au pinceau et au couteau \u00e0 palette<br \/>\nUne derni\u00e8re couche de vernis pr\u00e9serve les couleurs pendant une longue p\u00e9riode et prot\u00e8ge la peinture de la poussi\u00e8re et des rayons UV.<br \/>\nLe tableau est sign\u00e9 au recto et dat\u00e9 avec le nom au verso.<\/p>","protected":false},"excerpt":{"rendered":"<p>The artwork is available for pickup at BelArt Gallery in Brussels, Belgium, or it can be delivered to the address of your choice within 2 to 3 weeks after your order is confirmed. The artwork is insured during transportation, so there&#8217;s no risk. Origin: Belgium. This painting is from the serie &#8220;Paesaggi Poetici&#8221;, serie about [&hellip;]<\/p>","protected":false},"featured_media":11246,"template":"","meta":{"_acf_changed":false,"inline_featured_image":false,"_monsterinsights_skip_tracking":false,"_monsterinsights_sitenote_active":false,"_monsterinsights_sitenote_note":"","_monsterinsights_sitenote_category":0},"product_brand":[255],"product_cat":[27,36],"product_tag":[117],"department":[],"class_list":{"0":"post-8183","1":"product","2":"type-product","3":"status-publish","4":"has-post-thumbnail","6":"product_brand-daniela-pasqualini","7":"product_cat-abstract","8":"product_cat-painting","9":"product_tag-abstract-art","10":"product_shipping_class-medium","12":"first","13":"instock","14":"sold-individually","15":"shipping-taxable","16":"purchasable","17":"product-type-simple"},"acf":[],"_links":{"self":[{"href":"https:\/\/www.belart-gallery.com\/fr\/wp-json\/wp\/v2\/product\/8183","targetHints":{"allow":["GET"]}}],"collection":[{"href":"https:\/\/www.belart-gallery.com\/fr\/wp-json\/wp\/v2\/product"}],"about":[{"href":"https:\/\/www.belart-gallery.com\/fr\/wp-json\/wp\/v2\/types\/product"}],"wp:featuredmedia":[{"embeddable":true,"href":"https:\/\/www.belart-gallery.com\/fr\/wp-json\/wp\/v2\/media\/11246"}],"wp:attachment":[{"href":"https:\/\/www.belart-gallery.com\/fr\/wp-json\/wp\/v2\/media?parent=8183"}],"wp:term":[{"taxonomy":"product_brand","embeddable":true,"href":"https:\/\/www.belart-gallery.com\/fr\/wp-json\/wp\/v2\/product_brand?post=8183"},{"taxonomy":"product_cat","embeddable":true,"href":"https:\/\/www.belart-gallery.com\/fr\/wp-json\/wp\/v2\/product_cat?post=8183"},{"taxonomy":"product_tag","embeddable":true,"href":"https:\/\/www.belart-gallery.com\/fr\/wp-json\/wp\/v2\/product_tag?post=8183"},{"taxonomy":"department","embeddable":true,"href":"https:\/\/www.belart-gallery.com\/fr\/wp-json\/wp\/v2\/department?post=8183"}],"curies":[{"name":"wp","href":"https:\/\/api.w.org\/{rel}","templated":true}]}}