{"id":8184,"date":"2025-04-28T15:47:39","date_gmt":"2025-04-28T15:47:39","guid":{"rendered":"https:\/\/belart-gallery.com\/product-page\/evolving-language-composition-of-6-paintings\/"},"modified":"2025-07-16T09:22:25","modified_gmt":"2025-07-16T09:22:25","slug":"daniela-pasqualini-evolving-language-composition-of-6-paintings","status":"publish","type":"product","link":"https:\/\/www.belart-gallery.com\/fr\/product-page\/daniela-pasqualini-evolving-language-composition-of-6-paintings\/","title":{"rendered":"Evolving Language &#8211; Composition of 6 paintings"},"content":{"rendered":"<p>L'\u0153uvre peut \u00eatre retir\u00e9e \u00e0 la galerie BelArt \u00e0 Bruxelles, Belgique, ou peut \u00eatre livr\u00e9e \u00e0 l'adresse de votre choix dans un d\u00e9lai de 2 \u00e0 3 semaines apr\u00e8s la confirmation de votre commande. L'\u0153uvre est assur\u00e9e pendant le transport, il n'y a donc aucun risque. Origine : Belgique : Belgique.<\/p>\n<p>&nbsp;<\/p>\n<p>&#8220;Evolving Language \u201c collection\u2026 the power of texture, shapes and colors<br \/>\nComposition of 6 paintings- 12 x 12 in.<br \/>\nWhite Floating Frame<\/p>\n<p>Using a range of medium from acrylic, watercolor and pencils, this new works represent intertwined moments that combined become a series of chapters narrating a set of experiences. Every mark I make is a reaction to the previous. It is a physical process, an exploration of how a mark can evolve and form a language, an emotional language, an evolving language.<\/p>\n<p>Le tableau est sign\u00e9 au recto et dat\u00e9 avec le nom au verso.<\/p>\n<p>Certificat d'authenticit\u00e9 inclus.<\/p>","protected":false},"excerpt":{"rendered":"<p>The artwork is available for pickup at BelArt Gallery in Brussels, Belgium, or it can be delivered to the address of your choice within 2 to 3 weeks after your order is confirmed. The artwork is insured during transportation, so there&#8217;s no risk. Origin: Belgium. &nbsp; &#8220;Evolving Language \u201c collection\u2026 the power of texture, shapes [&hellip;]<\/p>","protected":false},"featured_media":2869,"template":"","meta":{"_acf_changed":false,"inline_featured_image":false,"_monsterinsights_skip_tracking":false,"_monsterinsights_sitenote_active":false,"_monsterinsights_sitenote_note":"","_monsterinsights_sitenote_category":0},"product_brand":[255],"product_cat":[27,45,36],"product_tag":[117,123],"department":[],"class_list":{"0":"post-8184","1":"product","2":"type-product","3":"status-publish","4":"has-post-thumbnail","6":"product_brand-daniela-pasqualini","7":"product_cat-abstract","8":"product_cat-mixed-media","9":"product_cat-painting","10":"product_tag-abstract-art","11":"product_tag-colorful-artwork","12":"product_shipping_class-medium","14":"first","15":"instock","16":"sold-individually","17":"shipping-taxable","18":"purchasable","19":"product-type-simple"},"acf":[],"_links":{"self":[{"href":"https:\/\/www.belart-gallery.com\/fr\/wp-json\/wp\/v2\/product\/8184","targetHints":{"allow":["GET"]}}],"collection":[{"href":"https:\/\/www.belart-gallery.com\/fr\/wp-json\/wp\/v2\/product"}],"about":[{"href":"https:\/\/www.belart-gallery.com\/fr\/wp-json\/wp\/v2\/types\/product"}],"version-history":[{"count":1,"href":"https:\/\/www.belart-gallery.com\/fr\/wp-json\/wp\/v2\/product\/8184\/revisions"}],"predecessor-version":[{"id":11055,"href":"https:\/\/www.belart-gallery.com\/fr\/wp-json\/wp\/v2\/product\/8184\/revisions\/11055"}],"wp:featuredmedia":[{"embeddable":true,"href":"https:\/\/www.belart-gallery.com\/fr\/wp-json\/wp\/v2\/media\/2869"}],"wp:attachment":[{"href":"https:\/\/www.belart-gallery.com\/fr\/wp-json\/wp\/v2\/media?parent=8184"}],"wp:term":[{"taxonomy":"product_brand","embeddable":true,"href":"https:\/\/www.belart-gallery.com\/fr\/wp-json\/wp\/v2\/product_brand?post=8184"},{"taxonomy":"product_cat","embeddable":true,"href":"https:\/\/www.belart-gallery.com\/fr\/wp-json\/wp\/v2\/product_cat?post=8184"},{"taxonomy":"product_tag","embeddable":true,"href":"https:\/\/www.belart-gallery.com\/fr\/wp-json\/wp\/v2\/product_tag?post=8184"},{"taxonomy":"department","embeddable":true,"href":"https:\/\/www.belart-gallery.com\/fr\/wp-json\/wp\/v2\/department?post=8184"}],"curies":[{"name":"wp","href":"https:\/\/api.w.org\/{rel}","templated":true}]}}