{"id":8194,"date":"2025-04-28T15:47:41","date_gmt":"2025-04-28T15:47:41","guid":{"rendered":"https:\/\/belart-gallery.com\/product-page\/deauville\/"},"modified":"2026-01-20T13:11:32","modified_gmt":"2026-01-20T13:11:32","slug":"sophie-dumont-deauville","status":"publish","type":"product","link":"https:\/\/www.belart-gallery.com\/fr\/product-page\/sophie-dumont-deauville\/","title":{"rendered":"Deauville"},"content":{"rendered":"<div>\n<div>\n<div>\n<div>\n<div>\n<div>\n<p>L'\u0153uvre peut \u00eatre retir\u00e9e \u00e0 la galerie BelArt \u00e0 Bruxelles, Belgique, ou peut \u00eatre livr\u00e9e \u00e0 l'adresse de votre choix dans un d\u00e9lai de 2 \u00e0 3 semaines apr\u00e8s la confirmation de votre commande. L'\u0153uvre est assur\u00e9e pendant le transport, il n'y a donc aucun risque. Origine : Belgique : Belgique.<\/p>\n<p>&nbsp;<\/p>\n<p>Deauville beach under stormy skies and its lights so special to Normandy<br \/>\nLandscape, marine, between sky and sea, treated with oil and knife.<br \/>\nSky and sea end up merging. Capturing the present moment, the light of the moment so fleeting and changing, such is the challenge of the artist. The multiple layers of material patiently elaborate the transparencies from which the lights spring. the artist strives to translate the movement of clouds, the variations of light and air.<br \/>\nFigurative painting approaching impressionism. This painting is framed with an American box in natural wood.<br \/>\nSigned lower right<\/p>\n<\/div>\n<\/div>\n<\/div>\n<\/div>\n<\/div>\n<\/div>","protected":false},"excerpt":{"rendered":"<p>The artwork is available for pickup at BelArt Gallery in Brussels, Belgium, or it can be delivered to the address of your choice within 2 to 3 weeks after your order is confirmed. The artwork is insured during transportation, so there&#8217;s no risk. Origin: Belgium. &nbsp; Deauville beach under stormy skies and its lights so [&hellip;]<\/p>","protected":false},"featured_media":10754,"template":"","meta":{"_acf_changed":false,"inline_featured_image":false,"_monsterinsights_skip_tracking":false,"_monsterinsights_sitenote_active":false,"_monsterinsights_sitenote_note":"","_monsterinsights_sitenote_category":0},"product_brand":[180],"product_cat":[27,36],"product_tag":[117,247,248],"department":[],"class_list":{"0":"post-8194","1":"product","2":"type-product","3":"status-publish","4":"has-post-thumbnail","6":"product_brand-sophie-dumont","7":"product_cat-abstract","8":"product_cat-painting","9":"product_tag-abstract-art","10":"product_tag-seascape","11":"product_tag-sky","12":"product_shipping_class-medium","14":"first","15":"instock","16":"sold-individually","17":"shipping-taxable","18":"purchasable","19":"product-type-simple"},"acf":[],"_links":{"self":[{"href":"https:\/\/www.belart-gallery.com\/fr\/wp-json\/wp\/v2\/product\/8194","targetHints":{"allow":["GET"]}}],"collection":[{"href":"https:\/\/www.belart-gallery.com\/fr\/wp-json\/wp\/v2\/product"}],"about":[{"href":"https:\/\/www.belart-gallery.com\/fr\/wp-json\/wp\/v2\/types\/product"}],"wp:featuredmedia":[{"embeddable":true,"href":"https:\/\/www.belart-gallery.com\/fr\/wp-json\/wp\/v2\/media\/10754"}],"wp:attachment":[{"href":"https:\/\/www.belart-gallery.com\/fr\/wp-json\/wp\/v2\/media?parent=8194"}],"wp:term":[{"taxonomy":"product_brand","embeddable":true,"href":"https:\/\/www.belart-gallery.com\/fr\/wp-json\/wp\/v2\/product_brand?post=8194"},{"taxonomy":"product_cat","embeddable":true,"href":"https:\/\/www.belart-gallery.com\/fr\/wp-json\/wp\/v2\/product_cat?post=8194"},{"taxonomy":"product_tag","embeddable":true,"href":"https:\/\/www.belart-gallery.com\/fr\/wp-json\/wp\/v2\/product_tag?post=8194"},{"taxonomy":"department","embeddable":true,"href":"https:\/\/www.belart-gallery.com\/fr\/wp-json\/wp\/v2\/department?post=8194"}],"curies":[{"name":"wp","href":"https:\/\/api.w.org\/{rel}","templated":true}]}}