{"id":8195,"date":"2025-04-28T15:47:41","date_gmt":"2025-04-28T15:47:41","guid":{"rendered":"https:\/\/belart-gallery.com\/product-page\/above-and-beyond-triptych\/"},"modified":"2025-07-15T20:25:40","modified_gmt":"2025-07-15T20:25:40","slug":"daniela-pasqualini-above-and-beyond-triptych","status":"publish","type":"product","link":"https:\/\/www.belart-gallery.com\/fr\/product-page\/daniela-pasqualini-above-and-beyond-triptych\/","title":{"rendered":"Au-del\u00e0 des fronti\u00e8res - Triptyque"},"content":{"rendered":"<p>L'\u0153uvre peut \u00eatre retir\u00e9e \u00e0 la galerie BelArt \u00e0 Bruxelles, Belgique, ou peut \u00eatre livr\u00e9e \u00e0 l'adresse de votre choix dans un d\u00e9lai de 2 \u00e0 3 semaines apr\u00e8s la confirmation de votre commande. L'\u0153uvre est assur\u00e9e pendant le transport, il n'y a donc aucun risque. Origine : Belgique : Belgique.<\/p>\n<p>&nbsp;<\/p>\n<p>Cette \u0153uvre d'art est un triptyque saisissant qui combine magistralement des \u00e9l\u00e9ments de texture, de d\u00e9grad\u00e9 et de forme. Chacun des trois panneaux verticaux est m\u00e9ticuleusement travaill\u00e9 et pr\u00e9sente une transition en d\u00e9grad\u00e9 entre des noirs riches et profonds en haut et des bleus plus clairs, presque luminescents, en bas. La texture des panneaux rappelle la pluie en cascade ou l'eau qui coule, avec des lignes complexes, presque tactiles, qui donnent une impression de mouvement et de profondeur. L'artiste a utilis\u00e9 une technique tr\u00e8s raffin\u00e9e pour obtenir cet effet visuel, qui implique probablement des couches de peinture appliqu\u00e9es m\u00e9ticuleusement pour cr\u00e9er une impression de progression et de flux. Cette technique renforce non seulement la complexit\u00e9 visuelle de l'\u0153uvre, mais invite \u00e9galement les spectateurs \u00e0 s'immerger dans le changement progressif, presque m\u00e9ditatif, de la couleur et de la texture. L'un des aspects uniques de cette \u0153uvre est sa capacit\u00e9 \u00e0 \u00e9voquer simultan\u00e9ment un sentiment de s\u00e9r\u00e9nit\u00e9 et de dynamisme. L'orientation verticale des panneaux combin\u00e9e au d\u00e9grad\u00e9 vers le bas sugg\u00e8re une descente naturelle, imitant peut-\u00eatre une chute d'eau ou un ciel nocturne descendant. Cette dualit\u00e9 de calme et de mouvement t\u00e9moigne de l'habilet\u00e9 de l'artiste \u00e0 capturer et \u00e0 transmettre des paysages \u00e9motionnels complexes. En outre, le format triptyque encourage les spectateurs \u00e0 consid\u00e9rer chaque panneau individuellement tout en les appr\u00e9ciant comme faisant partie d'un ensemble plus vaste. Cette interaction entre les parties et le tout ajoute une couche de complexit\u00e9 \u00e0 l'exp\u00e9rience visuelle, suscitant une r\u00e9flexion sur les th\u00e8mes de la continuit\u00e9 et du changement. Dans l'ensemble, cette \u0153uvre est un exemple extraordinaire de la fa\u00e7on dont la texture, la couleur et la forme peuvent \u00eatre harmonieusement m\u00e9lang\u00e9es pour cr\u00e9er une \u0153uvre d'art visuellement et \u00e9motionnellement convaincante. Son ex\u00e9cution m\u00e9ticuleuse et sa composition r\u00e9fl\u00e9chie en font une \u0153uvre remarquable, qui ne manquera pas de captiver et d'inspirer les spectateurs.<\/p>","protected":false},"excerpt":{"rendered":"<p>The artwork is available for pickup at BelArt Gallery in Brussels, Belgium, or it can be delivered to the address of your choice within 2 to 3 weeks after your order is confirmed. The artwork is insured during transportation, so there&#8217;s no risk. Origin: Belgium. &nbsp; This artwork is a striking triptych that masterfully combines [&hellip;]<\/p>","protected":false},"featured_media":2990,"template":"","meta":{"_acf_changed":false,"inline_featured_image":false,"_monsterinsights_skip_tracking":false,"_monsterinsights_sitenote_active":false,"_monsterinsights_sitenote_note":"","_monsterinsights_sitenote_category":0},"product_brand":[255],"product_cat":[27,36],"product_tag":[117],"department":[],"class_list":{"0":"post-8195","1":"product","2":"type-product","3":"status-publish","4":"has-post-thumbnail","6":"product_brand-daniela-pasqualini","7":"product_cat-abstract","8":"product_cat-painting","9":"product_tag-abstract-art","10":"product_shipping_class-extra-large","12":"first","13":"instock","14":"sold-individually","15":"shipping-taxable","16":"purchasable","17":"product-type-simple"},"acf":[],"_links":{"self":[{"href":"https:\/\/www.belart-gallery.com\/fr\/wp-json\/wp\/v2\/product\/8195","targetHints":{"allow":["GET"]}}],"collection":[{"href":"https:\/\/www.belart-gallery.com\/fr\/wp-json\/wp\/v2\/product"}],"about":[{"href":"https:\/\/www.belart-gallery.com\/fr\/wp-json\/wp\/v2\/types\/product"}],"version-history":[{"count":0,"href":"https:\/\/www.belart-gallery.com\/fr\/wp-json\/wp\/v2\/product\/8195\/revisions"}],"wp:featuredmedia":[{"embeddable":true,"href":"https:\/\/www.belart-gallery.com\/fr\/wp-json\/wp\/v2\/media\/2990"}],"wp:attachment":[{"href":"https:\/\/www.belart-gallery.com\/fr\/wp-json\/wp\/v2\/media?parent=8195"}],"wp:term":[{"taxonomy":"product_brand","embeddable":true,"href":"https:\/\/www.belart-gallery.com\/fr\/wp-json\/wp\/v2\/product_brand?post=8195"},{"taxonomy":"product_cat","embeddable":true,"href":"https:\/\/www.belart-gallery.com\/fr\/wp-json\/wp\/v2\/product_cat?post=8195"},{"taxonomy":"product_tag","embeddable":true,"href":"https:\/\/www.belart-gallery.com\/fr\/wp-json\/wp\/v2\/product_tag?post=8195"},{"taxonomy":"department","embeddable":true,"href":"https:\/\/www.belart-gallery.com\/fr\/wp-json\/wp\/v2\/department?post=8195"}],"curies":[{"name":"wp","href":"https:\/\/api.w.org\/{rel}","templated":true}]}}