{"id":8196,"date":"2025-04-28T15:47:41","date_gmt":"2025-04-28T15:47:41","guid":{"rendered":"https:\/\/belart-gallery.com\/product-page\/poetic-landscape-gold-ii\/"},"modified":"2025-10-03T02:27:21","modified_gmt":"2025-10-03T02:27:21","slug":"daniela-pasqualini-poetic-landscape-gold-ii","status":"publish","type":"product","link":"https:\/\/www.belart-gallery.com\/fr\/product-page\/daniela-pasqualini-poetic-landscape-gold-ii\/","title":{"rendered":"Poetic Landscape &#8211; Gold II"},"content":{"rendered":"<p>L'\u0153uvre peut \u00eatre retir\u00e9e \u00e0 la galerie BelArt \u00e0 Bruxelles, Belgique, ou peut \u00eatre livr\u00e9e \u00e0 l'adresse de votre choix dans un d\u00e9lai de 2 \u00e0 3 semaines apr\u00e8s la confirmation de votre commande. L'\u0153uvre est assur\u00e9e pendant le transport, il n'y a donc aucun risque. Origine : Belgique : Belgique.<\/p>\n<p>&nbsp;<\/p>\n<p>Cette s\u00e9rie traite de la sensibilit\u00e9 \u00e0 notre environnement.... paysage introspectif \u00e9th\u00e9r\u00e9 oppos\u00e9 \u00e0 un paysage r\u00e9aliste. Mon but est de laisser le spectateur compl\u00e9ter la peinture avec ce qui est personnellement significatif en cr\u00e9ant un espace pour ses souvenirs et sa voix inexprim\u00e9e.<\/p>\n<p>Peint au pinceau et au couteau \u00e0 palette<br \/>\n-Gold Leaves<\/p>\n<p>Technique mixte sur toile<\/p>\n<p>Une derni\u00e8re couche de vernis pr\u00e9serve les couleurs pendant une longue p\u00e9riode et prot\u00e8ge la peinture de la poussi\u00e8re et des rayons UV.<br \/>\nLe tableau est sign\u00e9 au recto et dat\u00e9 avec le nom au verso.<br \/>\nCertificat d'authenticit\u00e9 inclus.<\/p>","protected":false},"excerpt":{"rendered":"<p>The artwork is available for pickup at BelArt Gallery in Brussels, Belgium, or it can be delivered to the address of your choice within 2 to 3 weeks after your order is confirmed. The artwork is insured during transportation, so there&#8217;s no risk. Origin: Belgium. &nbsp; This serie is about sensitivity to our surroundings&#8230;. ethereal [&hellip;]<\/p>","protected":false},"featured_media":3005,"template":"","meta":{"_acf_changed":false,"inline_featured_image":false,"_monsterinsights_skip_tracking":false,"_monsterinsights_sitenote_active":false,"_monsterinsights_sitenote_note":"","_monsterinsights_sitenote_category":0},"product_brand":[255],"product_cat":[27,36],"product_tag":[117],"department":[],"class_list":{"0":"post-8196","1":"product","2":"type-product","3":"status-publish","4":"has-post-thumbnail","6":"product_brand-daniela-pasqualini","7":"product_cat-abstract","8":"product_cat-painting","9":"product_tag-abstract-art","10":"product_shipping_class-small","12":"first","13":"instock","14":"sold-individually","15":"shipping-taxable","16":"purchasable","17":"product-type-simple"},"acf":[],"_links":{"self":[{"href":"https:\/\/www.belart-gallery.com\/fr\/wp-json\/wp\/v2\/product\/8196","targetHints":{"allow":["GET"]}}],"collection":[{"href":"https:\/\/www.belart-gallery.com\/fr\/wp-json\/wp\/v2\/product"}],"about":[{"href":"https:\/\/www.belart-gallery.com\/fr\/wp-json\/wp\/v2\/types\/product"}],"wp:featuredmedia":[{"embeddable":true,"href":"https:\/\/www.belart-gallery.com\/fr\/wp-json\/wp\/v2\/media\/3005"}],"wp:attachment":[{"href":"https:\/\/www.belart-gallery.com\/fr\/wp-json\/wp\/v2\/media?parent=8196"}],"wp:term":[{"taxonomy":"product_brand","embeddable":true,"href":"https:\/\/www.belart-gallery.com\/fr\/wp-json\/wp\/v2\/product_brand?post=8196"},{"taxonomy":"product_cat","embeddable":true,"href":"https:\/\/www.belart-gallery.com\/fr\/wp-json\/wp\/v2\/product_cat?post=8196"},{"taxonomy":"product_tag","embeddable":true,"href":"https:\/\/www.belart-gallery.com\/fr\/wp-json\/wp\/v2\/product_tag?post=8196"},{"taxonomy":"department","embeddable":true,"href":"https:\/\/www.belart-gallery.com\/fr\/wp-json\/wp\/v2\/department?post=8196"}],"curies":[{"name":"wp","href":"https:\/\/api.w.org\/{rel}","templated":true}]}}