{"id":8199,"date":"2025-04-28T15:47:42","date_gmt":"2025-04-28T15:47:42","guid":{"rendered":"https:\/\/belart-gallery.com\/product-page\/the-infinite-man\/"},"modified":"2025-09-13T11:42:48","modified_gmt":"2025-09-13T11:42:48","slug":"belart-collective-the-infinite-man","status":"publish","type":"product","link":"https:\/\/www.belart-gallery.com\/fr\/product-page\/belart-collective-the-infinite-man\/","title":{"rendered":"The Infinite Man"},"content":{"rendered":"<p>L'\u0153uvre peut \u00eatre retir\u00e9e \u00e0 la galerie BelArt \u00e0 Bruxelles, Belgique, ou peut \u00eatre livr\u00e9e \u00e0 l'adresse de votre choix dans un d\u00e9lai de 2 \u00e0 3 semaines apr\u00e8s la confirmation de votre commande. L'\u0153uvre est assur\u00e9e pendant le transport, il n'y a donc aucun risque. Origine : Belgique : Belgique.<br \/>\n&#8220;The Infinite Man&#8221; by the Belart Collective is a sculpture that blends abstract and representational elements to explore the concept of boundless human potential. The figure is constructed in a textured, almost granular finish that gives it a mysterious, timeless quality. Its outstretched arms hold a large circular frame, perhaps symbolizing the never-ending cycle of life or the continuous journey of human exploration and discovery. The positioning of the figure, mid-stride, suggests movement and progression, while the simplicity of the form and the circular motif invites interpretation of eternal continuity and the infinite nature of human creativity and endeavor. This piece stands as a testament to the resilience and unbounded spirit of humanity.<\/p>","protected":false},"excerpt":{"rendered":"<p>The artwork is available for pickup at BelArt Gallery in Brussels, Belgium, or it can be delivered to the address of your choice within 2 to 3 weeks after your order is confirmed. The artwork is insured during transportation, so there&#8217;s no risk. Origin: Belgium. &#8220;The Infinite Man&#8221; by the Belart Collective is a sculpture [&hellip;]<\/p>","protected":false},"featured_media":11587,"template":"","meta":{"_acf_changed":false,"inline_featured_image":false,"_monsterinsights_skip_tracking":false,"_monsterinsights_sitenote_active":false,"_monsterinsights_sitenote_note":"","_monsterinsights_sitenote_category":0},"product_brand":[209],"product_cat":[167,217],"product_tag":[121,262,131,259,136,139],"department":[],"class_list":{"0":"post-8199","1":"product","2":"type-product","3":"status-publish","4":"has-post-thumbnail","6":"product_brand-belart-collective","7":"product_cat-figurative","8":"product_cat-sculpture","9":"product_tag-black-and-white","10":"product_tag-large-size","11":"product_tag-minimalism","12":"product_tag-recycling","13":"product_tag-sculpture","14":"product_tag-textured-art","15":"product_shipping_class-large","17":"first","18":"outofstock","19":"sold-individually","20":"shipping-taxable","21":"purchasable","22":"product-type-simple"},"acf":[],"_links":{"self":[{"href":"https:\/\/www.belart-gallery.com\/fr\/wp-json\/wp\/v2\/product\/8199","targetHints":{"allow":["GET"]}}],"collection":[{"href":"https:\/\/www.belart-gallery.com\/fr\/wp-json\/wp\/v2\/product"}],"about":[{"href":"https:\/\/www.belart-gallery.com\/fr\/wp-json\/wp\/v2\/types\/product"}],"wp:featuredmedia":[{"embeddable":true,"href":"https:\/\/www.belart-gallery.com\/fr\/wp-json\/wp\/v2\/media\/11587"}],"wp:attachment":[{"href":"https:\/\/www.belart-gallery.com\/fr\/wp-json\/wp\/v2\/media?parent=8199"}],"wp:term":[{"taxonomy":"product_brand","embeddable":true,"href":"https:\/\/www.belart-gallery.com\/fr\/wp-json\/wp\/v2\/product_brand?post=8199"},{"taxonomy":"product_cat","embeddable":true,"href":"https:\/\/www.belart-gallery.com\/fr\/wp-json\/wp\/v2\/product_cat?post=8199"},{"taxonomy":"product_tag","embeddable":true,"href":"https:\/\/www.belart-gallery.com\/fr\/wp-json\/wp\/v2\/product_tag?post=8199"},{"taxonomy":"department","embeddable":true,"href":"https:\/\/www.belart-gallery.com\/fr\/wp-json\/wp\/v2\/department?post=8199"}],"curies":[{"name":"wp","href":"https:\/\/api.w.org\/{rel}","templated":true}]}}