{"id":8202,"date":"2025-04-28T15:47:43","date_gmt":"2025-04-28T15:47:43","guid":{"rendered":"https:\/\/belart-gallery.com\/product-page\/dreamscape-zenobia\/"},"modified":"2025-07-15T19:42:26","modified_gmt":"2025-07-15T19:42:26","slug":"dreamscape-zenobia-daniela-pasqualini","status":"publish","type":"product","link":"https:\/\/www.belart-gallery.com\/fr\/product-page\/dreamscape-zenobia-daniela-pasqualini\/","title":{"rendered":"Dreamscape &#8211; Zenobia"},"content":{"rendered":"<p>L'\u0153uvre peut \u00eatre retir\u00e9e \u00e0 la galerie BelArt \u00e0 Bruxelles, Belgique, ou peut \u00eatre livr\u00e9e \u00e0 l'adresse de votre choix dans un d\u00e9lai de 2 \u00e0 3 semaines apr\u00e8s la confirmation de votre commande. L'\u0153uvre est assur\u00e9e pendant le transport, il n'y a donc aucun risque. Origine : Belgique : Belgique.<\/p>\n<p>&nbsp;<\/p>\n<p>Pasqualini\u2019s <em>Dreamscape &#8211; Zenobia<\/em> captures a serene yet immersive atmosphere, where texture and color merge to create a landscape both tangible and dreamlike. The deep cerulean blue, layered with deliberate ridges and curves, evokes a rhythmic movement, as if the land itself is pulsing with quiet energy. There\u2019s a meditative quality in the way the textured surface interacts with light, shifting in depth and intensity depending on the angle of view. While abstract in nature, the piece subtly suggests rolling hills or rippling water, inviting the viewer to interpret and immerse themselves in its tranquil expanse. Like much of Pasqualini\u2019s work, this painting is an invitation to pause, breathe, and let the mind drift into a state of calm reflection.<\/p>","protected":false},"excerpt":{"rendered":"<p>The artwork is available for pickup at BelArt Gallery in Brussels, Belgium, or it can be delivered to the address of your choice within 2 to 3 weeks after your order is confirmed. The artwork is insured during transportation, so there&#8217;s no risk. Origin: Belgium. &nbsp; Pasqualini\u2019s Dreamscape &#8211; Zenobia captures a serene yet immersive [&hellip;]<\/p>","protected":false},"featured_media":3070,"template":"","meta":{"_acf_changed":false,"inline_featured_image":false,"_monsterinsights_skip_tracking":false,"_monsterinsights_sitenote_active":false,"_monsterinsights_sitenote_note":"","_monsterinsights_sitenote_category":0},"product_brand":[255],"product_cat":[27,36],"product_tag":[117,169],"department":[],"class_list":{"0":"post-8202","1":"product","2":"type-product","3":"status-publish","4":"has-post-thumbnail","6":"product_brand-daniela-pasqualini","7":"product_cat-abstract","8":"product_cat-painting","9":"product_tag-abstract-art","10":"product_tag-colors","11":"product_shipping_class-large","13":"first","14":"instock","15":"sold-individually","16":"shipping-taxable","17":"purchasable","18":"product-type-simple"},"acf":[],"_links":{"self":[{"href":"https:\/\/www.belart-gallery.com\/fr\/wp-json\/wp\/v2\/product\/8202","targetHints":{"allow":["GET"]}}],"collection":[{"href":"https:\/\/www.belart-gallery.com\/fr\/wp-json\/wp\/v2\/product"}],"about":[{"href":"https:\/\/www.belart-gallery.com\/fr\/wp-json\/wp\/v2\/types\/product"}],"wp:featuredmedia":[{"embeddable":true,"href":"https:\/\/www.belart-gallery.com\/fr\/wp-json\/wp\/v2\/media\/3070"}],"wp:attachment":[{"href":"https:\/\/www.belart-gallery.com\/fr\/wp-json\/wp\/v2\/media?parent=8202"}],"wp:term":[{"taxonomy":"product_brand","embeddable":true,"href":"https:\/\/www.belart-gallery.com\/fr\/wp-json\/wp\/v2\/product_brand?post=8202"},{"taxonomy":"product_cat","embeddable":true,"href":"https:\/\/www.belart-gallery.com\/fr\/wp-json\/wp\/v2\/product_cat?post=8202"},{"taxonomy":"product_tag","embeddable":true,"href":"https:\/\/www.belart-gallery.com\/fr\/wp-json\/wp\/v2\/product_tag?post=8202"},{"taxonomy":"department","embeddable":true,"href":"https:\/\/www.belart-gallery.com\/fr\/wp-json\/wp\/v2\/department?post=8202"}],"curies":[{"name":"wp","href":"https:\/\/api.w.org\/{rel}","templated":true}]}}