{"id":8228,"date":"2025-04-28T15:47:48","date_gmt":"2025-04-28T15:47:48","guid":{"rendered":"https:\/\/belart-gallery.com\/product-page\/cascade-of-colors\/"},"modified":"2025-07-15T19:12:08","modified_gmt":"2025-07-15T19:12:08","slug":"cascade-of-colors-daniela-pasqualini","status":"publish","type":"product","link":"https:\/\/www.belart-gallery.com\/fr\/product-page\/cascade-of-colors-daniela-pasqualini\/","title":{"rendered":"Cascade of colors"},"content":{"rendered":"<p>L'\u0153uvre peut \u00eatre retir\u00e9e \u00e0 la galerie BelArt \u00e0 Bruxelles, Belgique, ou peut \u00eatre livr\u00e9e \u00e0 l'adresse de votre choix dans un d\u00e9lai de 2 \u00e0 3 semaines apr\u00e8s la confirmation de votre commande. L'\u0153uvre est assur\u00e9e pendant le transport, il n'y a donc aucun risque. Origine : Belgique : Belgique.<\/p>\n<p>&nbsp;<\/p>\n<p>Cette \u0153uvre d'art est un spectacle envo\u00fbtant de lignes verticales, m\u00ealant de mani\u00e8re experte une multitude de couleurs issues de l'ensemble du spectre. L'\u0153uvre commence par une concentration intense de couleurs vibrantes au sommet, pour passer progressivement \u00e0 des teintes plus claires au fur et \u00e0 mesure qu'elle descend. Chaque ligne semble m\u00e9ticuleusement travaill\u00e9e, cr\u00e9ant une cascade de couleurs qui rappelle une forte averse ou une chute d'eau en cascade. L'utilisation des couleurs est magistrale, int\u00e9grant harmonieusement les bleus, les verts, les rouges, les jaunes et les violets pour former une symphonie visuelle dynamique. La partie inf\u00e9rieure de la toile se fond doucement dans le blanc, sugg\u00e9rant habilement un sentiment de s\u00e9r\u00e9nit\u00e9 et d'ach\u00e8vement. La juxtaposition d'une coloration dense et d'un l\u00e9ger fondu illustre la ma\u00eetrise du mouvement et de la profondeur par l'artiste. Cette \u0153uvre d'art est \u00e0 la fois abstraite et \u00e9vocatrice, invitant le spectateur \u00e0 interpr\u00e9ter le paysage \u00e9motionnel d\u00e9peint dans cette odyss\u00e9e verticale vibrante.<\/p>\n<p>Une autre fa\u00e7on d'envisager la m\u00e9ditation est de consid\u00e9rer le processus de pens\u00e9e lui-m\u00eame comme une CASSETTE D'EAU, une cascade continue de pens\u00e9es. En cultivant la pleine conscience, nous allons au-del\u00e0 ou en de\u00e7\u00e0 de notre pens\u00e9e, de la m\u00eame mani\u00e8re que l'on peut trouver un point d'observation dans une grotte ou une d\u00e9pression dans un rocher derri\u00e8re une chute d'eau. Nous voyons et entendons toujours l'eau, mais nous sommes \u00e0 l'\u00e9cart du torrent\".<\/p>\n<p>J'aime cette m\u00e9taphore parfaite de Jon Kabat-Zinn pour d\u00e9crire le processus de m\u00e9ditation.<\/p>\n<p>Si nous sommes pris dans le torrent de nos pens\u00e9es pendant notre m\u00e9ditation, comme nous le serions si une chute d'eau s'abattait sur nous, nous nous perdons. Mais, comme pour la chute d'eau, il suffit de prendre un peu de recul pour s'\u00e9carter du chemin de l'eau qui s'\u00e9crase. En m\u00e9ditation, nous y parvenons en nous voyant nous \u00e9loigner de nos pens\u00e9es et en observant l'eau qui tombe en cascade sous la forme de pens\u00e9es.<\/p>\n<p>Ce moi, assis dans ce si\u00e8ge, est le pilier de toute croissance spirituelle, que ce soit dans la m\u00e9ditation ou dans notre vie quotidienne.<\/p>","protected":false},"excerpt":{"rendered":"<p>The artwork is available for pickup at BelArt Gallery in Brussels, Belgium, or it can be delivered to the address of your choice within 2 to 3 weeks after your order is confirmed. The artwork is insured during transportation, so there&#8217;s no risk. Origin: Belgium. &nbsp; This artwork is an entrancing display of vertical lines, [&hellip;]<\/p>","protected":false},"featured_media":3330,"template":"","meta":{"_acf_changed":false,"inline_featured_image":false,"_monsterinsights_skip_tracking":false,"_monsterinsights_sitenote_active":false,"_monsterinsights_sitenote_note":"","_monsterinsights_sitenote_category":0},"product_brand":[255],"product_cat":[27,45,36],"product_tag":[117,123,169],"department":[],"class_list":{"0":"post-8228","1":"product","2":"type-product","3":"status-publish","4":"has-post-thumbnail","6":"product_brand-daniela-pasqualini","7":"product_cat-abstract","8":"product_cat-mixed-media","9":"product_cat-painting","10":"product_tag-abstract-art","11":"product_tag-colorful-artwork","12":"product_tag-colors","13":"product_shipping_class-large","15":"first","16":"instock","17":"sold-individually","18":"shipping-taxable","19":"purchasable","20":"product-type-simple"},"acf":[],"_links":{"self":[{"href":"https:\/\/www.belart-gallery.com\/fr\/wp-json\/wp\/v2\/product\/8228","targetHints":{"allow":["GET"]}}],"collection":[{"href":"https:\/\/www.belart-gallery.com\/fr\/wp-json\/wp\/v2\/product"}],"about":[{"href":"https:\/\/www.belart-gallery.com\/fr\/wp-json\/wp\/v2\/types\/product"}],"version-history":[{"count":1,"href":"https:\/\/www.belart-gallery.com\/fr\/wp-json\/wp\/v2\/product\/8228\/revisions"}],"predecessor-version":[{"id":11052,"href":"https:\/\/www.belart-gallery.com\/fr\/wp-json\/wp\/v2\/product\/8228\/revisions\/11052"}],"wp:featuredmedia":[{"embeddable":true,"href":"https:\/\/www.belart-gallery.com\/fr\/wp-json\/wp\/v2\/media\/3330"}],"wp:attachment":[{"href":"https:\/\/www.belart-gallery.com\/fr\/wp-json\/wp\/v2\/media?parent=8228"}],"wp:term":[{"taxonomy":"product_brand","embeddable":true,"href":"https:\/\/www.belart-gallery.com\/fr\/wp-json\/wp\/v2\/product_brand?post=8228"},{"taxonomy":"product_cat","embeddable":true,"href":"https:\/\/www.belart-gallery.com\/fr\/wp-json\/wp\/v2\/product_cat?post=8228"},{"taxonomy":"product_tag","embeddable":true,"href":"https:\/\/www.belart-gallery.com\/fr\/wp-json\/wp\/v2\/product_tag?post=8228"},{"taxonomy":"department","embeddable":true,"href":"https:\/\/www.belart-gallery.com\/fr\/wp-json\/wp\/v2\/department?post=8228"}],"curies":[{"name":"wp","href":"https:\/\/api.w.org\/{rel}","templated":true}]}}