{"id":8229,"date":"2025-04-28T15:47:49","date_gmt":"2025-04-28T15:47:49","guid":{"rendered":"https:\/\/belart-gallery.com\/product-page\/tidal-poetry-diptych-framed\/"},"modified":"2025-07-15T18:56:33","modified_gmt":"2025-07-15T18:56:33","slug":"tidal-poetry-diptych-framed-daniela-pasqualini","status":"publish","type":"product","link":"https:\/\/www.belart-gallery.com\/fr\/product-page\/tidal-poetry-diptych-framed-daniela-pasqualini\/","title":{"rendered":"Tidal Poetry diptych &#8211; framed"},"content":{"rendered":"<p>L'\u0153uvre peut \u00eatre retir\u00e9e \u00e0 la galerie BelArt \u00e0 Bruxelles, Belgique, ou peut \u00eatre livr\u00e9e \u00e0 l'adresse de votre choix dans un d\u00e9lai de 2 \u00e0 3 semaines apr\u00e8s la confirmation de votre commande. L'\u0153uvre est assur\u00e9e pendant le transport, il n'y a donc aucun risque. Origine : Belgique : Belgique.<\/p>\n<p>&nbsp;<\/p>\n<p>&nbsp;<\/p>\n<p>\"Tidal Poetry\" est une peinture en diptyque qui explore l'interaction des textures argent\u00e9es, dor\u00e9es, sarcelles avec une touche de bleu, en incorporant des feuilles d'or pour cr\u00e9er une composition captivante et abstraite. Cette s\u00e9rie explore notre sensibilit\u00e9 \u00e0 l'environnement, pr\u00e9sentant un paysage \u00e9th\u00e9r\u00e9 et introspectif qui contraste avec le r\u00e9alisme. En laissant une place \u00e0 l'interpr\u00e9tation personnelle, mon objectif est d'inviter les spectateurs \u00e0 insuffler leur propre signification \u00e0 l'\u0153uvre d'art, en laissant la place \u00e0 leurs souvenirs et \u00e0 leurs pens\u00e9es inavou\u00e9es de s'entrelacer avec l'\u0153uvre. Le r\u00e9sultat est une composition ouverte et s\u00e9duisante, pleine de charme et d'\u00e9nergie, qui incarne l'essence de ma vision artistique.<\/p>\n<p>Peint au pinceau et au couteau \u00e0 palette<\/p>\n<p>-Feuilles d'or et feuilles d'argent<\/p>\n<p>Cadre flottant champagne<\/p>\n<p>Une derni\u00e8re couche de vernis pr\u00e9serve les couleurs pendant une longue p\u00e9riode et prot\u00e8ge la peinture de la poussi\u00e8re et des rayons UV.<\/p>\n<p>Le tableau est sign\u00e9 au recto et dat\u00e9 avec le nom au verso.<\/p>\n<p>Certificat d'authenticit\u00e9 inclus.<\/p>","protected":false},"excerpt":{"rendered":"<p>The artwork is available for pickup at BelArt Gallery in Brussels, Belgium, or it can be delivered to the address of your choice within 2 to 3 weeks after your order is confirmed. The artwork is insured during transportation, so there&#8217;s no risk. Origin: Belgium. &nbsp; &nbsp; &#8220;Tidal Poetry &#8221; is a diptych painting that [&hellip;]<\/p>","protected":false},"featured_media":3336,"template":"","meta":{"_acf_changed":false,"inline_featured_image":false,"_monsterinsights_skip_tracking":false,"_monsterinsights_sitenote_active":false,"_monsterinsights_sitenote_note":"","_monsterinsights_sitenote_category":0},"product_brand":[255],"product_cat":[27,45,36],"product_tag":[117,129],"department":[],"class_list":{"0":"post-8229","1":"product","2":"type-product","3":"status-publish","4":"has-post-thumbnail","6":"product_brand-daniela-pasqualini","7":"product_cat-abstract","8":"product_cat-mixed-media","9":"product_cat-painting","10":"product_tag-abstract-art","11":"product_tag-landscape-artwork","12":"product_shipping_class-extra-large","14":"first","15":"instock","16":"sold-individually","17":"shipping-taxable","18":"purchasable","19":"product-type-simple"},"acf":[],"_links":{"self":[{"href":"https:\/\/www.belart-gallery.com\/fr\/wp-json\/wp\/v2\/product\/8229","targetHints":{"allow":["GET"]}}],"collection":[{"href":"https:\/\/www.belart-gallery.com\/fr\/wp-json\/wp\/v2\/product"}],"about":[{"href":"https:\/\/www.belart-gallery.com\/fr\/wp-json\/wp\/v2\/types\/product"}],"wp:featuredmedia":[{"embeddable":true,"href":"https:\/\/www.belart-gallery.com\/fr\/wp-json\/wp\/v2\/media\/3336"}],"wp:attachment":[{"href":"https:\/\/www.belart-gallery.com\/fr\/wp-json\/wp\/v2\/media?parent=8229"}],"wp:term":[{"taxonomy":"product_brand","embeddable":true,"href":"https:\/\/www.belart-gallery.com\/fr\/wp-json\/wp\/v2\/product_brand?post=8229"},{"taxonomy":"product_cat","embeddable":true,"href":"https:\/\/www.belart-gallery.com\/fr\/wp-json\/wp\/v2\/product_cat?post=8229"},{"taxonomy":"product_tag","embeddable":true,"href":"https:\/\/www.belart-gallery.com\/fr\/wp-json\/wp\/v2\/product_tag?post=8229"},{"taxonomy":"department","embeddable":true,"href":"https:\/\/www.belart-gallery.com\/fr\/wp-json\/wp\/v2\/department?post=8229"}],"curies":[{"name":"wp","href":"https:\/\/api.w.org\/{rel}","templated":true}]}}