{"id":8247,"date":"2025-04-28T15:47:52","date_gmt":"2025-04-28T15:47:52","guid":{"rendered":"https:\/\/belart-gallery.com\/product-page\/sous-la-nuit-les-couleurs-de-la-vie\/"},"modified":"2025-05-28T14:18:47","modified_gmt":"2025-05-28T14:18:47","slug":"jazzu-sous-la-nuit-les-couleurs-de-la-vie","status":"publish","type":"product","link":"https:\/\/www.belart-gallery.com\/fr\/product-page\/jazzu-sous-la-nuit-les-couleurs-de-la-vie\/","title":{"rendered":"Sous la nuit les couleurs de la vie"},"content":{"rendered":"<p>L'\u0153uvre peut \u00eatre retir\u00e9e \u00e0 la galerie BelArt \u00e0 Bruxelles, Belgique, ou peut \u00eatre livr\u00e9e \u00e0 l'adresse de votre choix dans un d\u00e9lai de 2 \u00e0 3 semaines apr\u00e8s la confirmation de votre commande. L'\u0153uvre est assur\u00e9e pendant le transport, il n'y a donc aucun risque. Origine : Belgique : Belgique.<\/p>\n<p>&nbsp;<\/p>\n<p>L'\u0153uvre pr\u00e9sente une s\u00e9rie de visages et de figures abstraits mais expressifs, avec une utilisation audacieuse de la couleur qui renforce leur qualit\u00e9 \u00e9motionnelle. L'arri\u00e8re-plan est un m\u00e9lange dynamique de couleurs n\u00e9on, de gouttes et d'\u00e9claboussures qui dynamisent la toile et imitent la beaut\u00e9 chaotique des graffitis urbains. Avec \"Andalou\", Jazzu explore les th\u00e8mes de l'identit\u00e9 culturelle et de l'expression personnelle, ce qui en fait non seulement une \u0153uvre visuellement captivante, mais aussi un commentaire profond sur les questions sociales contemporaines.<\/p>\n<p>L'int\u00e9gration de diff\u00e9rents styles et l'utilisation de couleurs vives font de cette \u0153uvre une repr\u00e9sentation exemplaire de la mani\u00e8re dont des artistes modernes comme Jazzu comblent le foss\u00e9 entre les formes d'art traditionnelles et les expressions des nouveaux m\u00e9dias. \"Andalou\" est particuli\u00e8rement int\u00e9ressant pour les collections qui mettent l'accent sur l'avant-garde. <strong>pop art<\/strong> et <strong>expressionnisme abstrait<\/strong>Cette exposition pr\u00e9sente les orientations passionnantes dans lesquelles l'art contemporain continue d'\u00e9voluer.<\/p>","protected":false},"excerpt":{"rendered":"<p>The artwork is available for pickup at BelArt Gallery in Brussels, Belgium, or it can be delivered to the address of your choice within 2 to 3 weeks after your order is confirmed. The artwork is insured during transportation, so there&#8217;s no risk. Origin: Belgium. &nbsp; The piece features a series of faces and figures [&hellip;]<\/p>","protected":false},"featured_media":3515,"template":"","meta":{"_acf_changed":false,"inline_featured_image":false,"_monsterinsights_skip_tracking":false,"_monsterinsights_sitenote_active":false,"_monsterinsights_sitenote_note":"","_monsterinsights_sitenote_category":0},"product_brand":[195],"product_cat":[167,33,36],"product_tag":[123,169,168,134,170],"department":[],"class_list":{"0":"post-8247","1":"product","2":"type-product","3":"status-publish","4":"has-post-thumbnail","6":"product_brand-jazzu","7":"product_cat-figurative","8":"product_cat-outsider-art","9":"product_cat-painting","10":"product_tag-colorful-artwork","11":"product_tag-colors","12":"product_tag-friends","13":"product_tag-portrait","14":"product_tag-text","15":"product_shipping_class-large","17":"first","18":"instock","19":"shipping-taxable","20":"purchasable","21":"product-type-simple"},"acf":[],"_links":{"self":[{"href":"https:\/\/www.belart-gallery.com\/fr\/wp-json\/wp\/v2\/product\/8247","targetHints":{"allow":["GET"]}}],"collection":[{"href":"https:\/\/www.belart-gallery.com\/fr\/wp-json\/wp\/v2\/product"}],"about":[{"href":"https:\/\/www.belart-gallery.com\/fr\/wp-json\/wp\/v2\/types\/product"}],"wp:featuredmedia":[{"embeddable":true,"href":"https:\/\/www.belart-gallery.com\/fr\/wp-json\/wp\/v2\/media\/3515"}],"wp:attachment":[{"href":"https:\/\/www.belart-gallery.com\/fr\/wp-json\/wp\/v2\/media?parent=8247"}],"wp:term":[{"taxonomy":"product_brand","embeddable":true,"href":"https:\/\/www.belart-gallery.com\/fr\/wp-json\/wp\/v2\/product_brand?post=8247"},{"taxonomy":"product_cat","embeddable":true,"href":"https:\/\/www.belart-gallery.com\/fr\/wp-json\/wp\/v2\/product_cat?post=8247"},{"taxonomy":"product_tag","embeddable":true,"href":"https:\/\/www.belart-gallery.com\/fr\/wp-json\/wp\/v2\/product_tag?post=8247"},{"taxonomy":"department","embeddable":true,"href":"https:\/\/www.belart-gallery.com\/fr\/wp-json\/wp\/v2\/department?post=8247"}],"curies":[{"name":"wp","href":"https:\/\/api.w.org\/{rel}","templated":true}]}}