{"id":8257,"date":"2025-04-28T15:47:54","date_gmt":"2025-04-28T15:47:54","guid":{"rendered":"https:\/\/belart-gallery.com\/product-page\/classic-blue-allure\/"},"modified":"2025-07-11T11:46:47","modified_gmt":"2025-07-11T11:46:47","slug":"classic-blue-allure-daniela-pasqualini","status":"publish","type":"product","link":"https:\/\/www.belart-gallery.com\/fr\/product-page\/classic-blue-allure-daniela-pasqualini\/","title":{"rendered":"Bleu classique Allure"},"content":{"rendered":"<p>L'\u0153uvre peut \u00eatre retir\u00e9e \u00e0 la galerie BelArt \u00e0 Bruxelles, Belgique, ou peut \u00eatre livr\u00e9e \u00e0 l'adresse de votre choix dans un d\u00e9lai de 2 \u00e0 3 semaines apr\u00e8s la confirmation de votre commande. L'\u0153uvre est assur\u00e9e pendant le transport, il n'y a donc aucun risque. Origine : Belgique : Belgique.<\/p>\n<p>&nbsp;<\/p>\n<p>Classic Blue Allure\", une peinture monochromatique bleue textur\u00e9e qui explore les profondeurs de la couleur et de l'\u00e9motion.<\/p>\n<p>Le choix du bleu est intentionnel ; il \u00e9voque des sentiments de calme, d'introspection, voire de m\u00e9lancolie.<\/p>\n<p>Cette nuance particuli\u00e8re de bleu embl\u00e9matique rend hommage \u00e0 la fa\u00e7on dont la couleur peut transcender le physique et nous relier \u00e0 nos mondes int\u00e9rieurs.<\/p>\n<p>Chaque couche, chaque coup de pinceau, raconte sa propre histoire. La qualit\u00e9 tactile vous invite \u00e0 vous engager dans la surface, \u00e0 explorer les jeux d'ombre et de lumi\u00e8re qui dansent \u00e0 travers les diff\u00e9rentes profondeurs. Je voulais cr\u00e9er un sentiment de mouvement dans l'immobilit\u00e9, rappeler que m\u00eame dans les moments de calme, il y a un courant de vie sous-jacent. \"Allure\" traite de l'attraction, de la fa\u00e7on dont la couleur peut nous attirer, \u00e9voquer des souvenirs et susciter des pens\u00e9es. J'esp\u00e8re qu'en regardant ce tableau, vous ressentirez cette attraction magn\u00e9tique et que vous vous laisserez envelopper par le monde serein et complexe du bleu.<\/p>\n<p>&nbsp;<\/p>\n<p>&nbsp;<\/p>","protected":false},"excerpt":{"rendered":"<p>The artwork is available for pickup at BelArt Gallery in Brussels, Belgium, or it can be delivered to the address of your choice within 2 to 3 weeks after your order is confirmed. The artwork is insured during transportation, so there&#8217;s no risk. Origin: Belgium. &nbsp; Classic Blue Allure,&#8221; a monochromatic blue textured painting that [&hellip;]<\/p>","protected":false},"featured_media":10963,"template":"","meta":{"_acf_changed":false,"inline_featured_image":false,"_monsterinsights_skip_tracking":false,"_monsterinsights_sitenote_active":false,"_monsterinsights_sitenote_note":"","_monsterinsights_sitenote_category":0},"product_brand":[255],"product_cat":[27,45,36],"product_tag":[117,131],"department":[],"class_list":{"0":"post-8257","1":"product","2":"type-product","3":"status-publish","4":"has-post-thumbnail","6":"product_brand-daniela-pasqualini","7":"product_cat-abstract","8":"product_cat-mixed-media","9":"product_cat-painting","10":"product_tag-abstract-art","11":"product_tag-minimalism","12":"product_shipping_class-medium","14":"first","15":"instock","16":"sold-individually","17":"shipping-taxable","18":"purchasable","19":"product-type-simple"},"acf":[],"_links":{"self":[{"href":"https:\/\/www.belart-gallery.com\/fr\/wp-json\/wp\/v2\/product\/8257","targetHints":{"allow":["GET"]}}],"collection":[{"href":"https:\/\/www.belart-gallery.com\/fr\/wp-json\/wp\/v2\/product"}],"about":[{"href":"https:\/\/www.belart-gallery.com\/fr\/wp-json\/wp\/v2\/types\/product"}],"version-history":[{"count":1,"href":"https:\/\/www.belart-gallery.com\/fr\/wp-json\/wp\/v2\/product\/8257\/revisions"}],"predecessor-version":[{"id":10962,"href":"https:\/\/www.belart-gallery.com\/fr\/wp-json\/wp\/v2\/product\/8257\/revisions\/10962"}],"wp:featuredmedia":[{"embeddable":true,"href":"https:\/\/www.belart-gallery.com\/fr\/wp-json\/wp\/v2\/media\/10963"}],"wp:attachment":[{"href":"https:\/\/www.belart-gallery.com\/fr\/wp-json\/wp\/v2\/media?parent=8257"}],"wp:term":[{"taxonomy":"product_brand","embeddable":true,"href":"https:\/\/www.belart-gallery.com\/fr\/wp-json\/wp\/v2\/product_brand?post=8257"},{"taxonomy":"product_cat","embeddable":true,"href":"https:\/\/www.belart-gallery.com\/fr\/wp-json\/wp\/v2\/product_cat?post=8257"},{"taxonomy":"product_tag","embeddable":true,"href":"https:\/\/www.belart-gallery.com\/fr\/wp-json\/wp\/v2\/product_tag?post=8257"},{"taxonomy":"department","embeddable":true,"href":"https:\/\/www.belart-gallery.com\/fr\/wp-json\/wp\/v2\/department?post=8257"}],"curies":[{"name":"wp","href":"https:\/\/api.w.org\/{rel}","templated":true}]}}