{"id":8264,"date":"2025-04-28T15:47:56","date_gmt":"2025-04-28T15:47:56","guid":{"rendered":"https:\/\/belart-gallery.com\/product-page\/golden-memories\/"},"modified":"2025-07-09T10:45:57","modified_gmt":"2025-07-09T10:45:57","slug":"golden-memories-daniela-pasqualini","status":"publish","type":"product","link":"https:\/\/www.belart-gallery.com\/fr\/product-page\/golden-memories-daniela-pasqualini\/","title":{"rendered":"Golden memories"},"content":{"rendered":"<p>L'\u0153uvre peut \u00eatre retir\u00e9e \u00e0 la galerie BelArt \u00e0 Bruxelles, Belgique, ou peut \u00eatre livr\u00e9e \u00e0 l'adresse de votre choix dans un d\u00e9lai de 2 \u00e0 3 semaines apr\u00e8s la confirmation de votre commande. L'\u0153uvre est assur\u00e9e pendant le transport, il n'y a donc aucun risque. Origine : Belgique : Belgique.<\/p>\n<p>&nbsp;<\/p>\n<p>Cette \u0153uvre d'art est un paysage abstrait saisissant, utilisant de mani\u00e8re experte une approche mixte textur\u00e9e. Des touches audacieuses et superpos\u00e9es de blanc et d'or balaient le milieu, sugg\u00e9rant un terrain accident\u00e9 ou des vagues. Ces couches ajoutent un sentiment de profondeur et de mouvement, cr\u00e9ant une tension dynamique entre l'obscurit\u00e9 et la lumi\u00e8re. La partie sup\u00e9rieure est douce, avec des nuances d\u00e9licates de beige et de cr\u00e8me, \u00e9voquant un ciel \u00e0 l'aube, tandis que les textures imitent les formations subtiles des nuages. Le contraste entre la surface rugueuse et tactile et les zones lisses renforce l'intrigue visuelle. La technique de l'emp\u00e2tement utilis\u00e9e par l'artiste cr\u00e9e un effet tridimensionnel vivant, invitant les spectateurs \u00e0 explorer le jeu des textures et des couleurs. Cette \u0153uvre capture magistralement l'\u00e9merveillement des \u00e9l\u00e9ments de la nature par le biais d'une repr\u00e9sentation abstraite.<\/p>\n<p>Peint au pinceau et au couteau \u00e0 palette.<br \/>\nOr champagne Feuilles.<br \/>\nCadre flottant en champagne.<br \/>\nTechnique mixte sur toile.<br \/>\nUne derni\u00e8re couche de vernis pr\u00e9serve les couleurs pendant une longue p\u00e9riode et prot\u00e8ge la peinture de la poussi\u00e8re et des rayons UV.<br \/>\nLe tableau est sign\u00e9 au recto et dat\u00e9 avec le nom au verso.<br \/>\nCertificat d'authenticit\u00e9 inclus.<\/p>","protected":false},"excerpt":{"rendered":"<p>The artwork is available for pickup at BelArt Gallery in Brussels, Belgium, or it can be delivered to the address of your choice within 2 to 3 weeks after your order is confirmed. The artwork is insured during transportation, so there&#8217;s no risk. Origin: Belgium. &nbsp; This artwork is a striking abstract landscape, expertly employing [&hellip;]<\/p>","protected":false},"featured_media":3677,"template":"","meta":{"_acf_changed":false,"inline_featured_image":false,"_monsterinsights_skip_tracking":false,"_monsterinsights_sitenote_active":false,"_monsterinsights_sitenote_note":"","_monsterinsights_sitenote_category":0},"product_brand":[255],"product_cat":[27,45,36],"product_tag":[117],"department":[],"class_list":{"0":"post-8264","1":"product","2":"type-product","3":"status-publish","4":"has-post-thumbnail","6":"product_brand-daniela-pasqualini","7":"product_cat-abstract","8":"product_cat-mixed-media","9":"product_cat-painting","10":"product_tag-abstract-art","11":"product_shipping_class-extra-large","13":"first","14":"instock","15":"sold-individually","16":"shipping-taxable","17":"purchasable","18":"product-type-simple"},"acf":[],"_links":{"self":[{"href":"https:\/\/www.belart-gallery.com\/fr\/wp-json\/wp\/v2\/product\/8264","targetHints":{"allow":["GET"]}}],"collection":[{"href":"https:\/\/www.belart-gallery.com\/fr\/wp-json\/wp\/v2\/product"}],"about":[{"href":"https:\/\/www.belart-gallery.com\/fr\/wp-json\/wp\/v2\/types\/product"}],"version-history":[{"count":1,"href":"https:\/\/www.belart-gallery.com\/fr\/wp-json\/wp\/v2\/product\/8264\/revisions"}],"predecessor-version":[{"id":10957,"href":"https:\/\/www.belart-gallery.com\/fr\/wp-json\/wp\/v2\/product\/8264\/revisions\/10957"}],"wp:featuredmedia":[{"embeddable":true,"href":"https:\/\/www.belart-gallery.com\/fr\/wp-json\/wp\/v2\/media\/3677"}],"wp:attachment":[{"href":"https:\/\/www.belart-gallery.com\/fr\/wp-json\/wp\/v2\/media?parent=8264"}],"wp:term":[{"taxonomy":"product_brand","embeddable":true,"href":"https:\/\/www.belart-gallery.com\/fr\/wp-json\/wp\/v2\/product_brand?post=8264"},{"taxonomy":"product_cat","embeddable":true,"href":"https:\/\/www.belart-gallery.com\/fr\/wp-json\/wp\/v2\/product_cat?post=8264"},{"taxonomy":"product_tag","embeddable":true,"href":"https:\/\/www.belart-gallery.com\/fr\/wp-json\/wp\/v2\/product_tag?post=8264"},{"taxonomy":"department","embeddable":true,"href":"https:\/\/www.belart-gallery.com\/fr\/wp-json\/wp\/v2\/department?post=8264"}],"curies":[{"name":"wp","href":"https:\/\/api.w.org\/{rel}","templated":true}]}}