{"id":8271,"date":"2025-04-28T15:47:57","date_gmt":"2025-04-28T15:47:57","guid":{"rendered":"https:\/\/belart-gallery.com\/product-page\/fusion-des-elements\/"},"modified":"2025-10-16T16:40:28","modified_gmt":"2025-10-16T16:40:28","slug":"fusion-des-elements-sophie-dumont","status":"publish","type":"product","link":"https:\/\/www.belart-gallery.com\/fr\/product-page\/fusion-des-elements-sophie-dumont\/","title":{"rendered":"Fusion des \u00e9l\u00e9ments"},"content":{"rendered":"<p>The artwork(Fusion des \u00e9l\u00e9ments by Sophie Dumont)is available for pickup at BelArt Gallery in Brussels, Belgium, or it can be delivered to the address of your choice within 2 to 3 weeks after your order is confirmed. The artwork is insured during transportation, so there&#8217;s no risk. Origin: Belgium.<\/p>\n<p>This abstract work explores the harmonious balance of colors and textures in superimposed layers, reminiscent of a pure landscape where land, sea and sky merge. Warm tones of ochre and red contrast with soothing shades of blue and beige, creating a visual dialogue between warmth and serenity. The dense and textured material, worked with a knife, invites tactile contemplation, reinforcing the sensation of depth and natural movement.<\/p>\n<p>The black frame elegantly frames the work, accentuating its timeless and modern character. Ideal for a contemporary interior, this painting evokes both the strength and softness of natural elements.<\/p>\n<p>Suitable for both lovers of abstraction and collectors looking for works evoking dreamlike landscapes.<\/p>\n<p>&nbsp;<\/p>\n<p>&nbsp;<\/p>","protected":false},"excerpt":{"rendered":"<p>The artwork(Fusion des \u00e9l\u00e9ments by Sophie Dumont)is available for pickup at BelArt Gallery in Brussels, Belgium, or it can be delivered to the address of your choice within 2 to 3 weeks after your order is confirmed. The artwork is insured during transportation, so there&#8217;s no risk. Origin: Belgium. This abstract work explores the harmonious [&hellip;]<\/p>","protected":false},"featured_media":3739,"template":"","meta":{"_acf_changed":false,"inline_featured_image":false,"_monsterinsights_skip_tracking":false,"_monsterinsights_sitenote_active":false,"_monsterinsights_sitenote_note":"","_monsterinsights_sitenote_category":0},"product_brand":[180],"product_cat":[27,36],"product_tag":[117,123,169,129],"department":[],"class_list":{"0":"post-8271","1":"product","2":"type-product","3":"status-publish","4":"has-post-thumbnail","6":"product_brand-sophie-dumont","7":"product_cat-abstract","8":"product_cat-painting","9":"product_tag-abstract-art","10":"product_tag-colorful-artwork","11":"product_tag-colors","12":"product_tag-landscape-artwork","13":"product_shipping_class-small","15":"first","16":"instock","17":"sold-individually","18":"shipping-taxable","19":"purchasable","20":"product-type-simple"},"acf":[],"_links":{"self":[{"href":"https:\/\/www.belart-gallery.com\/fr\/wp-json\/wp\/v2\/product\/8271","targetHints":{"allow":["GET"]}}],"collection":[{"href":"https:\/\/www.belart-gallery.com\/fr\/wp-json\/wp\/v2\/product"}],"about":[{"href":"https:\/\/www.belart-gallery.com\/fr\/wp-json\/wp\/v2\/types\/product"}],"wp:featuredmedia":[{"embeddable":true,"href":"https:\/\/www.belart-gallery.com\/fr\/wp-json\/wp\/v2\/media\/3739"}],"wp:attachment":[{"href":"https:\/\/www.belart-gallery.com\/fr\/wp-json\/wp\/v2\/media?parent=8271"}],"wp:term":[{"taxonomy":"product_brand","embeddable":true,"href":"https:\/\/www.belart-gallery.com\/fr\/wp-json\/wp\/v2\/product_brand?post=8271"},{"taxonomy":"product_cat","embeddable":true,"href":"https:\/\/www.belart-gallery.com\/fr\/wp-json\/wp\/v2\/product_cat?post=8271"},{"taxonomy":"product_tag","embeddable":true,"href":"https:\/\/www.belart-gallery.com\/fr\/wp-json\/wp\/v2\/product_tag?post=8271"},{"taxonomy":"department","embeddable":true,"href":"https:\/\/www.belart-gallery.com\/fr\/wp-json\/wp\/v2\/department?post=8271"}],"curies":[{"name":"wp","href":"https:\/\/api.w.org\/{rel}","templated":true}]}}