{"id":8291,"date":"2025-04-28T15:48:00","date_gmt":"2025-04-28T15:48:00","guid":{"rendered":"https:\/\/belart-gallery.com\/product-page\/thats-that\/"},"modified":"2025-07-20T17:04:09","modified_gmt":"2025-07-20T17:04:09","slug":"that-s-that-latlas","status":"publish","type":"product","link":"https:\/\/www.belart-gallery.com\/fr\/product-page\/that-s-that-latlas\/","title":{"rendered":"That&#8217;s that"},"content":{"rendered":"<div>\n<div>\n<div>\n<div>\n<div>\n<div>\n<p>L'\u0153uvre peut \u00eatre retir\u00e9e \u00e0 la galerie BelArt \u00e0 Bruxelles, Belgique, ou peut \u00eatre livr\u00e9e \u00e0 l'adresse de votre choix dans un d\u00e9lai de 2 \u00e0 3 semaines apr\u00e8s la confirmation de votre commande. L'\u0153uvre est assur\u00e9e pendant le transport, il n'y a donc aucun risque. Origine : Belgique : Belgique.<\/p>\n<p>&nbsp;<\/p>\n<p>&#8220;That&#8217;s That&#8221; by L&#8217;Atlas is a fascinating exploration of geometric abstraction combined with street art influences. The artwork features stark vertical lines and geometric shapes, predominantly in shades of blue and black, creating a visual rhythm that feels both modern and impactful. L&#8217;Atlas, known for his distinctive use of typography and urban graphics, employs these elements to draw the viewer into a deeper contemplation of form and space.<\/p>\n<p>In this painting, the precision of the lines juxtaposed with the dripping paint effects introduces a dynamic tension between order and chaos, a common theme in L&#8217;Atlas&#8217; work. This interplay reflects the artist&#8217;s background in both graffiti and classical calligraphy, showcasing his ability to bridge diverse artistic disciplines. The choice of a monochromatic palette emphasizes the textural contrasts and the play of light, making &#8220;That&#8217;s That&#8221; a compelling piece for viewers and collectors interested in the fusion of contemporary street art aesthetics with more traditional abstract compositions. The painting is not only a visual statement but also a meditation on the power of symbols and the inherent beauty of structured, repetitive patterns.<\/p>\n<\/div>\n<\/div>\n<\/div>\n<div>\n<div>\n<div><\/div>\n<\/div>\n<\/div>\n<\/div>\n<\/div>\n<\/div>","protected":false},"excerpt":{"rendered":"<p>The artwork is available for pickup at BelArt Gallery in Brussels, Belgium, or it can be delivered to the address of your choice within 2 to 3 weeks after your order is confirmed. The artwork is insured during transportation, so there&#8217;s no risk. Origin: Belgium. &nbsp; &#8220;That&#8217;s That&#8221; by L&#8217;Atlas is a fascinating exploration of [&hellip;]<\/p>","protected":false},"featured_media":11458,"template":"","meta":{"_acf_changed":false,"inline_featured_image":false,"_monsterinsights_skip_tracking":false,"_monsterinsights_sitenote_active":false,"_monsterinsights_sitenote_note":"","_monsterinsights_sitenote_category":0},"product_brand":[191],"product_cat":[27,36],"product_tag":[117,128,138],"department":[],"class_list":{"0":"post-8291","1":"product","2":"type-product","3":"status-publish","4":"has-post-thumbnail","6":"product_brand-latlas","7":"product_cat-abstract","8":"product_cat-painting","9":"product_tag-abstract-art","10":"product_tag-geometric","11":"product_tag-street-art","12":"product_shipping_class-medium","14":"first","15":"instock","16":"sold-individually","17":"shipping-taxable","18":"purchasable","19":"product-type-simple"},"acf":[],"_links":{"self":[{"href":"https:\/\/www.belart-gallery.com\/fr\/wp-json\/wp\/v2\/product\/8291","targetHints":{"allow":["GET"]}}],"collection":[{"href":"https:\/\/www.belart-gallery.com\/fr\/wp-json\/wp\/v2\/product"}],"about":[{"href":"https:\/\/www.belart-gallery.com\/fr\/wp-json\/wp\/v2\/types\/product"}],"version-history":[{"count":0,"href":"https:\/\/www.belart-gallery.com\/fr\/wp-json\/wp\/v2\/product\/8291\/revisions"}],"wp:featuredmedia":[{"embeddable":true,"href":"https:\/\/www.belart-gallery.com\/fr\/wp-json\/wp\/v2\/media\/11458"}],"wp:attachment":[{"href":"https:\/\/www.belart-gallery.com\/fr\/wp-json\/wp\/v2\/media?parent=8291"}],"wp:term":[{"taxonomy":"product_brand","embeddable":true,"href":"https:\/\/www.belart-gallery.com\/fr\/wp-json\/wp\/v2\/product_brand?post=8291"},{"taxonomy":"product_cat","embeddable":true,"href":"https:\/\/www.belart-gallery.com\/fr\/wp-json\/wp\/v2\/product_cat?post=8291"},{"taxonomy":"product_tag","embeddable":true,"href":"https:\/\/www.belart-gallery.com\/fr\/wp-json\/wp\/v2\/product_tag?post=8291"},{"taxonomy":"department","embeddable":true,"href":"https:\/\/www.belart-gallery.com\/fr\/wp-json\/wp\/v2\/department?post=8291"}],"curies":[{"name":"wp","href":"https:\/\/api.w.org\/{rel}","templated":true}]}}