{"id":8308,"date":"2025-04-28T15:48:02","date_gmt":"2025-04-28T15:48:02","guid":{"rendered":"https:\/\/belart-gallery.com\/product-page\/bellissima\/"},"modified":"2025-07-17T10:34:16","modified_gmt":"2025-07-17T10:34:16","slug":"nikolaos-schizas-bellissima","status":"publish","type":"product","link":"https:\/\/www.belart-gallery.com\/fr\/product-page\/nikolaos-schizas-bellissima\/","title":{"rendered":"Bellissima"},"content":{"rendered":"<p>L'\u0153uvre peut \u00eatre retir\u00e9e \u00e0 la galerie BelArt \u00e0 Bruxelles, Belgique, ou peut \u00eatre livr\u00e9e \u00e0 l'adresse de votre choix dans un d\u00e9lai de 2 \u00e0 3 semaines apr\u00e8s la confirmation de votre commande. L'\u0153uvre est assur\u00e9e pendant le transport, il n'y a donc aucun risque. Origine : Belgique : Belgique.<\/p>\n<p>&nbsp;<\/p>\n<p>Cette \u0153uvre d'art abstraite captive par ses coups de pinceau dynamiques et sa palette vibrante. La composition pr\u00e9sente des arcs de couleur audacieux et \u00e9tendus qui traversent la toile, cr\u00e9ant un sentiment de mouvement et d'\u00e9nergie. Des teintes satur\u00e9es de jaune, de vert, de rose et de bleu s'entrem\u00ealent, leur intensit\u00e9 \u00e9tant rehauss\u00e9e par des taches de blanc contrastantes, qui apportent de la respiration et de la profondeur. L'artiste utilise un m\u00e9lange magistral de couches \u00e9paisses et fines, utilisant la texture pour renforcer l'impact visuel. Chaque trait semble intentionnel, mais spontan\u00e9, offrant un \u00e9quilibre entre le chaos et l'harmonie. L'\u0153uvre invite le spectateur \u00e0 explorer le jeu des couleurs et des formes, \u00e9voquant des \u00e9motions et des interpr\u00e9tations aussi fluides que l'\u0153uvre elle-m\u00eame. Les formes tourbillonnantes donnent l'impression d'une danse fig\u00e9e dans le temps, faisant de cette \u0153uvre un t\u00e9moignage frappant de la puissance de l'expressionnisme abstrait. L'essence vivante de l'\u0153uvre laisse une impression durable, incitant \u00e0 la contemplation et \u00e0 l'appr\u00e9ciation.<\/p>","protected":false},"excerpt":{"rendered":"<p>The artwork is available for pickup at BelArt Gallery in Brussels, Belgium, or it can be delivered to the address of your choice within 2 to 3 weeks after your order is confirmed. The artwork is insured during transportation, so there&#8217;s no risk. Origin: Belgium. &nbsp; This abstract artwork captivates with its dynamic brushstrokes and [&hellip;]<\/p>","protected":false},"featured_media":3952,"template":"","meta":{"_acf_changed":false,"inline_featured_image":false,"_monsterinsights_skip_tracking":false,"_monsterinsights_sitenote_active":false,"_monsterinsights_sitenote_note":"","_monsterinsights_sitenote_category":0},"product_brand":[184],"product_cat":[27,36],"product_tag":[117,123,169],"department":[],"class_list":{"0":"post-8308","1":"product","2":"type-product","3":"status-publish","4":"has-post-thumbnail","6":"product_brand-nikolaos-schizas","7":"product_cat-abstract","8":"product_cat-painting","9":"product_tag-abstract-art","10":"product_tag-colorful-artwork","11":"product_tag-colors","12":"product_shipping_class-medium","14":"first","15":"instock","16":"sold-individually","17":"shipping-taxable","18":"purchasable","19":"product-type-simple"},"acf":[],"_links":{"self":[{"href":"https:\/\/www.belart-gallery.com\/fr\/wp-json\/wp\/v2\/product\/8308","targetHints":{"allow":["GET"]}}],"collection":[{"href":"https:\/\/www.belart-gallery.com\/fr\/wp-json\/wp\/v2\/product"}],"about":[{"href":"https:\/\/www.belart-gallery.com\/fr\/wp-json\/wp\/v2\/types\/product"}],"wp:featuredmedia":[{"embeddable":true,"href":"https:\/\/www.belart-gallery.com\/fr\/wp-json\/wp\/v2\/media\/3952"}],"wp:attachment":[{"href":"https:\/\/www.belart-gallery.com\/fr\/wp-json\/wp\/v2\/media?parent=8308"}],"wp:term":[{"taxonomy":"product_brand","embeddable":true,"href":"https:\/\/www.belart-gallery.com\/fr\/wp-json\/wp\/v2\/product_brand?post=8308"},{"taxonomy":"product_cat","embeddable":true,"href":"https:\/\/www.belart-gallery.com\/fr\/wp-json\/wp\/v2\/product_cat?post=8308"},{"taxonomy":"product_tag","embeddable":true,"href":"https:\/\/www.belart-gallery.com\/fr\/wp-json\/wp\/v2\/product_tag?post=8308"},{"taxonomy":"department","embeddable":true,"href":"https:\/\/www.belart-gallery.com\/fr\/wp-json\/wp\/v2\/department?post=8308"}],"curies":[{"name":"wp","href":"https:\/\/api.w.org\/{rel}","templated":true}]}}