{"id":8309,"date":"2025-04-28T15:48:02","date_gmt":"2025-04-28T15:48:02","guid":{"rendered":"https:\/\/belart-gallery.com\/product-page\/ciao-ciao\/"},"modified":"2026-03-31T16:36:02","modified_gmt":"2026-03-31T16:36:02","slug":"nikolaos-schizas-ciao-ciao","status":"publish","type":"product","link":"https:\/\/www.belart-gallery.com\/fr\/product-page\/nikolaos-schizas-ciao-ciao\/","title":{"rendered":"Ciao Ciao"},"content":{"rendered":"<p>L'\u0153uvre peut \u00eatre retir\u00e9e \u00e0 la galerie BelArt \u00e0 Bruxelles, Belgique, ou peut \u00eatre livr\u00e9e \u00e0 l'adresse de votre choix dans un d\u00e9lai de 2 \u00e0 3 semaines apr\u00e8s la confirmation de votre commande. L'\u0153uvre est assur\u00e9e pendant le transport, il n'y a donc aucun risque. Origine : Belgique : Belgique.<\/p>\n<p>&nbsp;<\/p>\n<p><em>\u201cCiao Ciao\u201d<\/em> draws you in with its dynamic energy, filled with vibrant colors and a palpable sense of movement. The composition pulses with life, capturing the eye and holding your attention through its playful rhythm and intricate design.<\/p>\n<p><a href=\"https:\/\/www.belart-gallery.com\/fr\/nikolaos-schizas\/\" target=\"_blank\" rel=\"noopener\">Schizas<\/a> uses <a href=\"https:\/\/www.belart-gallery.com\/fr\/abstract\/\" target=\"_blank\" rel=\"noopener\"><strong>abstrait<\/strong><\/a> forms to weave together a composition that feels fluid and spontaneous, yet carefully structured. The colors are rich, <a href=\"https:\/\/www.belart-gallery.com\/fr\/colorful-abstract-wall-art-large-modern\/\" target=\"_blank\" rel=\"noopener\"><strong>color\u00e9<\/strong><\/a> and layered, with each hue working in harmony to create a lively and balanced composition across the canvas. The textured surface adds depth, inviting you to experience the piece in both visual and tactile ways. It\u2019s a dynamic, engaging work that feels like it\u2019s constantly shifting, offering something new with every glance.<\/p>\n<p>For a larger-than-life statement, <em>\u201cCiao Ciao\u201d<\/em> in<a href=\"https:\/\/www.belart-gallery.com\/fr\/large-size-art-living-room-modern-abstract-contemporary-wall-art-pop-art\/\" target=\"_blank\" rel=\"noopener\"> <strong>grande taille<\/strong><\/a> makes an impact in any space, filling the room with vibrant energy. Explore more of <a href=\"https:\/\/www.belart-gallery.com\/fr\/nikolaos-schizas\/\" target=\"_blank\" rel=\"noopener\">Schizas<\/a>\u2019s art to uncover how his unique approach to color and texture invites a deeper emotional connection, engaging both the mind and the senses.<\/p>","protected":false},"excerpt":{"rendered":"<p>The artwork is available for pickup at BelArt Gallery in Brussels, Belgium, or it can be delivered to the address of your choice within 2 to 3 weeks after your order is confirmed. The artwork is insured during transportation, so there&#8217;s no risk. Origin: Belgium. &nbsp; \u201cCiao Ciao\u201d draws you in with its dynamic energy, [&hellip;]<\/p>","protected":false},"featured_media":3957,"template":"","meta":{"_acf_changed":false,"inline_featured_image":false,"_monsterinsights_skip_tracking":false,"_monsterinsights_sitenote_active":false,"_monsterinsights_sitenote_note":"","_monsterinsights_sitenote_category":0},"product_brand":[184],"product_cat":[27,36],"product_tag":[117,123,169],"department":[],"class_list":{"0":"post-8309","1":"product","2":"type-product","3":"status-publish","4":"has-post-thumbnail","6":"product_brand-nikolaos-schizas","7":"product_cat-abstract","8":"product_cat-painting","9":"product_tag-abstract-art","10":"product_tag-colorful-artwork","11":"product_tag-colors","12":"product_shipping_class-extra-large","14":"first","15":"instock","16":"sold-individually","17":"shipping-taxable","18":"purchasable","19":"product-type-simple"},"acf":[],"_links":{"self":[{"href":"https:\/\/www.belart-gallery.com\/fr\/wp-json\/wp\/v2\/product\/8309","targetHints":{"allow":["GET"]}}],"collection":[{"href":"https:\/\/www.belart-gallery.com\/fr\/wp-json\/wp\/v2\/product"}],"about":[{"href":"https:\/\/www.belart-gallery.com\/fr\/wp-json\/wp\/v2\/types\/product"}],"wp:featuredmedia":[{"embeddable":true,"href":"https:\/\/www.belart-gallery.com\/fr\/wp-json\/wp\/v2\/media\/3957"}],"wp:attachment":[{"href":"https:\/\/www.belart-gallery.com\/fr\/wp-json\/wp\/v2\/media?parent=8309"}],"wp:term":[{"taxonomy":"product_brand","embeddable":true,"href":"https:\/\/www.belart-gallery.com\/fr\/wp-json\/wp\/v2\/product_brand?post=8309"},{"taxonomy":"product_cat","embeddable":true,"href":"https:\/\/www.belart-gallery.com\/fr\/wp-json\/wp\/v2\/product_cat?post=8309"},{"taxonomy":"product_tag","embeddable":true,"href":"https:\/\/www.belart-gallery.com\/fr\/wp-json\/wp\/v2\/product_tag?post=8309"},{"taxonomy":"department","embeddable":true,"href":"https:\/\/www.belart-gallery.com\/fr\/wp-json\/wp\/v2\/department?post=8309"}],"curies":[{"name":"wp","href":"https:\/\/api.w.org\/{rel}","templated":true}]}}