{"id":8313,"date":"2025-04-28T15:48:03","date_gmt":"2025-04-28T15:48:03","guid":{"rendered":"https:\/\/belart-gallery.com\/product-page\/last-rays-before-sunset\/"},"modified":"2026-02-07T11:41:16","modified_gmt":"2026-02-07T11:41:16","slug":"nikolaos-schizas-last-rays-before-sunset","status":"publish","type":"product","link":"https:\/\/www.belart-gallery.com\/fr\/product-page\/nikolaos-schizas-last-rays-before-sunset\/","title":{"rendered":"Last rays before sunset"},"content":{"rendered":"<p>L'\u0153uvre peut \u00eatre retir\u00e9e \u00e0 la galerie BelArt \u00e0 Bruxelles, Belgique, ou peut \u00eatre livr\u00e9e \u00e0 l'adresse de votre choix dans un d\u00e9lai de 2 \u00e0 3 semaines apr\u00e8s la confirmation de votre commande. L'\u0153uvre est assur\u00e9e pendant le transport, il n'y a donc aucun risque. Origine : Belgique : Belgique.<\/p>\n<p>&nbsp;<\/p>\n<p>&nbsp;<\/p>\n<p>This dynamic artwork bursts with vibrant energy, centering on a radiant sun depicted in vivid orange and yellow hues. The sun&#8217;s brilliance forms the backdrop against which a cascade of sweeping, multicolored brushstrokes ripple across the canvas. These strokes, featuring bold blues, reds, purples, and earthy tones, suggest motion and fluidity, reminiscent of crashing waves or gusting winds. A striking contrast is achieved through the interplay of warm and cool colors, invoking a sense of harmony and chaos simultaneously. The piece is layered, creating depth and inviting the viewer to explore its intricacies. Unique splatters of white paint add a spontaneous element, enhancing the lively essence of the composition. This artwork captivates with its blend of abstract expressionism, evoking an emotional response through its dynamic and harmonious interplay of colors and forms.<\/p>","protected":false},"excerpt":{"rendered":"<p>The artwork is available for pickup at BelArt Gallery in Brussels, Belgium, or it can be delivered to the address of your choice within 2 to 3 weeks after your order is confirmed. The artwork is insured during transportation, so there&#8217;s no risk. Origin: Belgium. &nbsp; &nbsp; This dynamic artwork bursts with vibrant energy, centering [&hellip;]<\/p>","protected":false},"featured_media":3978,"template":"","meta":{"_acf_changed":false,"inline_featured_image":false,"_monsterinsights_skip_tracking":false,"_monsterinsights_sitenote_active":false,"_monsterinsights_sitenote_note":"","_monsterinsights_sitenote_category":0},"product_brand":[184],"product_cat":[27,36],"product_tag":[117,123,169],"department":[],"class_list":{"0":"post-8313","1":"product","2":"type-product","3":"status-publish","4":"has-post-thumbnail","6":"product_brand-nikolaos-schizas","7":"product_cat-abstract","8":"product_cat-painting","9":"product_tag-abstract-art","10":"product_tag-colorful-artwork","11":"product_tag-colors","12":"product_shipping_class-large","14":"first","15":"outofstock","16":"sold-individually","17":"shipping-taxable","18":"purchasable","19":"product-type-simple"},"acf":[],"_links":{"self":[{"href":"https:\/\/www.belart-gallery.com\/fr\/wp-json\/wp\/v2\/product\/8313","targetHints":{"allow":["GET"]}}],"collection":[{"href":"https:\/\/www.belart-gallery.com\/fr\/wp-json\/wp\/v2\/product"}],"about":[{"href":"https:\/\/www.belart-gallery.com\/fr\/wp-json\/wp\/v2\/types\/product"}],"wp:featuredmedia":[{"embeddable":true,"href":"https:\/\/www.belart-gallery.com\/fr\/wp-json\/wp\/v2\/media\/3978"}],"wp:attachment":[{"href":"https:\/\/www.belart-gallery.com\/fr\/wp-json\/wp\/v2\/media?parent=8313"}],"wp:term":[{"taxonomy":"product_brand","embeddable":true,"href":"https:\/\/www.belart-gallery.com\/fr\/wp-json\/wp\/v2\/product_brand?post=8313"},{"taxonomy":"product_cat","embeddable":true,"href":"https:\/\/www.belart-gallery.com\/fr\/wp-json\/wp\/v2\/product_cat?post=8313"},{"taxonomy":"product_tag","embeddable":true,"href":"https:\/\/www.belart-gallery.com\/fr\/wp-json\/wp\/v2\/product_tag?post=8313"},{"taxonomy":"department","embeddable":true,"href":"https:\/\/www.belart-gallery.com\/fr\/wp-json\/wp\/v2\/department?post=8313"}],"curies":[{"name":"wp","href":"https:\/\/api.w.org\/{rel}","templated":true}]}}