{"id":8317,"date":"2025-04-28T15:48:03","date_gmt":"2025-04-28T15:48:03","guid":{"rendered":"https:\/\/belart-gallery.com\/product-page\/female-bodies-intimacy-iv\/"},"modified":"2026-01-07T20:48:34","modified_gmt":"2026-01-07T20:48:34","slug":"petra-schott-female-bodies-intimacy-iv","status":"publish","type":"product","link":"https:\/\/www.belart-gallery.com\/fr\/product-page\/petra-schott-female-bodies-intimacy-iv\/","title":{"rendered":"Female bodies intimacy IV"},"content":{"rendered":"<p>L'\u0153uvre peut \u00eatre retir\u00e9e \u00e0 la galerie BelArt \u00e0 Bruxelles, Belgique, ou peut \u00eatre livr\u00e9e \u00e0 l'adresse de votre choix dans un d\u00e9lai de 2 \u00e0 3 semaines apr\u00e8s la confirmation de votre commande. L'\u0153uvre est assur\u00e9e pendant le transport, il n'y a donc aucun risque. Origine : Belgique : Belgique.<\/p>\n<p>&nbsp;<\/p>\n<p>Schott\u2019s technique in this piece is reminiscent of <a href=\"https:\/\/www.belart-gallery.com\/fr\/textured-art-abstract-wall-art-large-size\/\" target=\"_blank\" rel=\"noopener\"><strong>art textur\u00e9<\/strong><\/a>, where the physicality of the medium itself\u2014thick, layered brush strokes\u2014adds a tangible depth and richness to the canvas. The dynamic interplay of colors and forms in &#8220;Female Bodies Intimacy IV&#8221; evokes a sense of movement and fluidity, making the artwork a compelling representation of <a href=\"https:\/\/www.belart-gallery.com\/fr\/abstract\/\" target=\"_blank\" rel=\"noopener\"><strong>modern abstract art<\/strong><\/a>. Schott continues to push the boundaries of <strong>expressionnisme abstrait<\/strong> by incorporating elements that suggest narrative and identity, thereby enriching the viewer\u2019s experience and engagement with the piece.<\/p>\n<div>\n<div>\n<div>\n<div>\n<div>\n<div><\/div>\n<\/div>\n<\/div>\n<\/div>\n<\/div>\n<\/div>\n<p>&nbsp;<\/p>","protected":false},"excerpt":{"rendered":"<p>The artwork is available for pickup at BelArt Gallery in Brussels, Belgium, or it can be delivered to the address of your choice within 2 to 3 weeks after your order is confirmed. The artwork is insured during transportation, so there&#8217;s no risk. Origin: Belgium. &nbsp; Schott\u2019s technique in this piece is reminiscent of textured [&hellip;]<\/p>","protected":false},"featured_media":11512,"template":"","meta":{"_acf_changed":false,"inline_featured_image":false,"_monsterinsights_skip_tracking":false,"_monsterinsights_sitenote_active":false,"_monsterinsights_sitenote_note":"","_monsterinsights_sitenote_category":0},"product_brand":[182],"product_cat":[27,36],"product_tag":[117],"department":[],"class_list":{"0":"post-8317","1":"product","2":"type-product","3":"status-publish","4":"has-post-thumbnail","6":"product_brand-petra-schott","7":"product_cat-abstract","8":"product_cat-painting","9":"product_tag-abstract-art","10":"product_shipping_class-medium","12":"first","13":"outofstock","14":"sold-individually","15":"shipping-taxable","16":"purchasable","17":"product-type-simple"},"acf":[],"_links":{"self":[{"href":"https:\/\/www.belart-gallery.com\/fr\/wp-json\/wp\/v2\/product\/8317","targetHints":{"allow":["GET"]}}],"collection":[{"href":"https:\/\/www.belart-gallery.com\/fr\/wp-json\/wp\/v2\/product"}],"about":[{"href":"https:\/\/www.belart-gallery.com\/fr\/wp-json\/wp\/v2\/types\/product"}],"wp:featuredmedia":[{"embeddable":true,"href":"https:\/\/www.belart-gallery.com\/fr\/wp-json\/wp\/v2\/media\/11512"}],"wp:attachment":[{"href":"https:\/\/www.belart-gallery.com\/fr\/wp-json\/wp\/v2\/media?parent=8317"}],"wp:term":[{"taxonomy":"product_brand","embeddable":true,"href":"https:\/\/www.belart-gallery.com\/fr\/wp-json\/wp\/v2\/product_brand?post=8317"},{"taxonomy":"product_cat","embeddable":true,"href":"https:\/\/www.belart-gallery.com\/fr\/wp-json\/wp\/v2\/product_cat?post=8317"},{"taxonomy":"product_tag","embeddable":true,"href":"https:\/\/www.belart-gallery.com\/fr\/wp-json\/wp\/v2\/product_tag?post=8317"},{"taxonomy":"department","embeddable":true,"href":"https:\/\/www.belart-gallery.com\/fr\/wp-json\/wp\/v2\/department?post=8317"}],"curies":[{"name":"wp","href":"https:\/\/api.w.org\/{rel}","templated":true}]}}