{"id":8320,"date":"2025-04-28T15:48:04","date_gmt":"2025-04-28T15:48:04","guid":{"rendered":"https:\/\/belart-gallery.com\/product-page\/moving-bodies-iii\/"},"modified":"2026-01-07T20:48:34","modified_gmt":"2026-01-07T20:48:34","slug":"petra-schott-moving-bodies-iii","status":"publish","type":"product","link":"https:\/\/www.belart-gallery.com\/fr\/product-page\/petra-schott-moving-bodies-iii\/","title":{"rendered":"Moving bodies III"},"content":{"rendered":"<p>L'\u0153uvre peut \u00eatre retir\u00e9e \u00e0 la galerie BelArt \u00e0 Bruxelles, Belgique, ou peut \u00eatre livr\u00e9e \u00e0 l'adresse de votre choix dans un d\u00e9lai de 2 \u00e0 3 semaines apr\u00e8s la confirmation de votre commande. L'\u0153uvre est assur\u00e9e pendant le transport, il n'y a donc aucun risque. Origine : Belgique : Belgique.<\/p>\n<p>Dans cette peinture captivante de <strong>Petra Schott<\/strong>Avec cette \u0153uvre, on d\u00e9couvre une tapisserie vibrante d'une beaut\u00e9 chaotique qui d\u00e9finit l'essence de l'art abstrait moderne. L'habilet\u00e9 de Mme Schott \u00e0 manipuler des \u00e9l\u00e9ments abstraits est \u00e9vidente, car elle \u00e9quilibre magistralement une palette vari\u00e9e, incorporant des nuances de noir, de blanc et de gris avec des \u00e9clats frappants de rose et de rouge. L'\u0153uvre est marqu\u00e9e par un coup de pinceau d\u00e9lib\u00e9r\u00e9 mais apparemment spontan\u00e9, cr\u00e9ant un sentiment de mouvement et de profondeur qui est caract\u00e9ristique de l'art abstrait moderne. <strong><a href=\"https:\/\/www.belart-gallery.com\/fr\/abstract\/\" target=\"_blank\" rel=\"noopener\">expressionnisme abstrait<\/a><\/strong>. Cette pi\u00e8ce, comme une grande partie de l'\u0153uvre de Schott, op\u00e8re dans les domaines de l'abstraction, o\u00f9 les contours du monde visible se dissolvent dans des formes plus \u00e9motionnelles et subjectives, sugg\u00e9rant plut\u00f4t que d\u00e9crivant.<\/p>\n<p>&nbsp;<\/p>\n<div>\n<div>\n<div>\n<div>\n<div>\n<div><\/div>\n<\/div>\n<\/div>\n<\/div>\n<\/div>\n<\/div>\n<p>&nbsp;<\/p>","protected":false},"excerpt":{"rendered":"<p>The artwork is available for pickup at BelArt Gallery in Brussels, Belgium, or it can be delivered to the address of your choice within 2 to 3 weeks after your order is confirmed. The artwork is insured during transportation, so there&#8217;s no risk. Origin: Belgium. In this captivating painting by Petra Schott, one encounters a [&hellip;]<\/p>","protected":false},"featured_media":11507,"template":"","meta":{"_acf_changed":false,"inline_featured_image":false,"_monsterinsights_skip_tracking":false,"_monsterinsights_sitenote_active":false,"_monsterinsights_sitenote_note":"","_monsterinsights_sitenote_category":0},"product_brand":[182],"product_cat":[27,36],"product_tag":[117,169],"department":[],"class_list":{"0":"post-8320","1":"product","2":"type-product","3":"status-publish","4":"has-post-thumbnail","6":"product_brand-petra-schott","7":"product_cat-abstract","8":"product_cat-painting","9":"product_tag-abstract-art","10":"product_tag-colors","11":"product_shipping_class-medium","13":"first","14":"instock","15":"sold-individually","16":"shipping-taxable","17":"purchasable","18":"product-type-simple"},"acf":[],"_links":{"self":[{"href":"https:\/\/www.belart-gallery.com\/fr\/wp-json\/wp\/v2\/product\/8320","targetHints":{"allow":["GET"]}}],"collection":[{"href":"https:\/\/www.belart-gallery.com\/fr\/wp-json\/wp\/v2\/product"}],"about":[{"href":"https:\/\/www.belart-gallery.com\/fr\/wp-json\/wp\/v2\/types\/product"}],"wp:featuredmedia":[{"embeddable":true,"href":"https:\/\/www.belart-gallery.com\/fr\/wp-json\/wp\/v2\/media\/11507"}],"wp:attachment":[{"href":"https:\/\/www.belart-gallery.com\/fr\/wp-json\/wp\/v2\/media?parent=8320"}],"wp:term":[{"taxonomy":"product_brand","embeddable":true,"href":"https:\/\/www.belart-gallery.com\/fr\/wp-json\/wp\/v2\/product_brand?post=8320"},{"taxonomy":"product_cat","embeddable":true,"href":"https:\/\/www.belart-gallery.com\/fr\/wp-json\/wp\/v2\/product_cat?post=8320"},{"taxonomy":"product_tag","embeddable":true,"href":"https:\/\/www.belart-gallery.com\/fr\/wp-json\/wp\/v2\/product_tag?post=8320"},{"taxonomy":"department","embeddable":true,"href":"https:\/\/www.belart-gallery.com\/fr\/wp-json\/wp\/v2\/department?post=8320"}],"curies":[{"name":"wp","href":"https:\/\/api.w.org\/{rel}","templated":true}]}}