{"id":8325,"date":"2025-04-28T15:48:04","date_gmt":"2025-04-28T15:48:04","guid":{"rendered":"https:\/\/belart-gallery.com\/product-page\/dancing-couple\/"},"modified":"2025-08-29T10:55:38","modified_gmt":"2025-08-29T10:55:38","slug":"jerome-mesnager-dancing-couple","status":"publish","type":"product","link":"https:\/\/www.belart-gallery.com\/fr\/product-page\/jerome-mesnager-dancing-couple\/","title":{"rendered":"Couple dansant"},"content":{"rendered":"<p>L'\u0153uvre peut \u00eatre retir\u00e9e \u00e0 la galerie BelArt \u00e0 Bruxelles, Belgique, ou peut \u00eatre livr\u00e9e \u00e0 l'adresse de votre choix dans un d\u00e9lai de 2 \u00e0 3 semaines apr\u00e8s la confirmation de votre commande. L'\u0153uvre est assur\u00e9e pendant le transport, il n'y a donc aucun risque. Origine : Belgique : Belgique.<\/p>\n<p>&nbsp;<\/p>\n<p>This artwork features two abstract humanoid figures composed of white, skeletal forms set against a rich, deep blue background. Their dynamic, synchronized poses suggest motion and connection, evoking a sense of dance or celebration. The simplicity of the white figures underscores their graceful movement, contrasting sharply yet harmoniously with the vivid backdrop. Small white birds scattered throughout the canvas enhance the sense of freedom and upliftment. The use of wood as a canvas introduces a rustic texture, adding depth and a tactile quality to the composition. This piece stands out for its minimalistic yet expressive approach, effectively conveying emotion and energy through form and color.<\/p>","protected":false},"excerpt":{"rendered":"<p>The artwork is available for pickup at BelArt Gallery in Brussels, Belgium, or it can be delivered to the address of your choice within 2 to 3 weeks after your order is confirmed. The artwork is insured during transportation, so there&#8217;s no risk. Origin: Belgium. &nbsp; This artwork features two abstract humanoid figures composed of [&hellip;]<\/p>","protected":false},"featured_media":11408,"template":"","meta":{"_acf_changed":false,"inline_featured_image":false,"_monsterinsights_skip_tracking":false,"_monsterinsights_sitenote_active":false,"_monsterinsights_sitenote_note":"","_monsterinsights_sitenote_category":0},"product_brand":[193],"product_cat":[56,36],"product_tag":[230,138],"department":[],"class_list":{"0":"post-8325","1":"product","2":"type-product","3":"status-publish","4":"has-post-thumbnail","6":"product_brand-jerome-mesnager","7":"product_cat-pop-art-street-art","8":"product_cat-painting","9":"product_tag-graffiti","10":"product_tag-street-art","11":"product_shipping_class-medium","13":"first","14":"instock","15":"sold-individually","16":"shipping-taxable","17":"purchasable","18":"product-type-simple"},"acf":[],"_links":{"self":[{"href":"https:\/\/www.belart-gallery.com\/fr\/wp-json\/wp\/v2\/product\/8325","targetHints":{"allow":["GET"]}}],"collection":[{"href":"https:\/\/www.belart-gallery.com\/fr\/wp-json\/wp\/v2\/product"}],"about":[{"href":"https:\/\/www.belart-gallery.com\/fr\/wp-json\/wp\/v2\/types\/product"}],"version-history":[{"count":1,"href":"https:\/\/www.belart-gallery.com\/fr\/wp-json\/wp\/v2\/product\/8325\/revisions"}],"predecessor-version":[{"id":11407,"href":"https:\/\/www.belart-gallery.com\/fr\/wp-json\/wp\/v2\/product\/8325\/revisions\/11407"}],"wp:featuredmedia":[{"embeddable":true,"href":"https:\/\/www.belart-gallery.com\/fr\/wp-json\/wp\/v2\/media\/11408"}],"wp:attachment":[{"href":"https:\/\/www.belart-gallery.com\/fr\/wp-json\/wp\/v2\/media?parent=8325"}],"wp:term":[{"taxonomy":"product_brand","embeddable":true,"href":"https:\/\/www.belart-gallery.com\/fr\/wp-json\/wp\/v2\/product_brand?post=8325"},{"taxonomy":"product_cat","embeddable":true,"href":"https:\/\/www.belart-gallery.com\/fr\/wp-json\/wp\/v2\/product_cat?post=8325"},{"taxonomy":"product_tag","embeddable":true,"href":"https:\/\/www.belart-gallery.com\/fr\/wp-json\/wp\/v2\/product_tag?post=8325"},{"taxonomy":"department","embeddable":true,"href":"https:\/\/www.belart-gallery.com\/fr\/wp-json\/wp\/v2\/department?post=8325"}],"curies":[{"name":"wp","href":"https:\/\/api.w.org\/{rel}","templated":true}]}}