{"id":8326,"date":"2025-04-28T15:48:05","date_gmt":"2025-04-28T15:48:05","guid":{"rendered":"https:\/\/belart-gallery.com\/product-page\/untitled\/"},"modified":"2025-07-21T13:33:07","modified_gmt":"2025-07-21T13:33:07","slug":"untitled","status":"publish","type":"product","link":"https:\/\/www.belart-gallery.com\/fr\/product-page\/untitled\/","title":{"rendered":"Sans titre"},"content":{"rendered":"<div>\n<div>\n<div>\n<div>\n<div>\n<div>\n<p>L'\u0153uvre peut \u00eatre retir\u00e9e \u00e0 la galerie BelArt \u00e0 Bruxelles, Belgique, ou peut \u00eatre livr\u00e9e \u00e0 l'adresse de votre choix dans un d\u00e9lai de 2 \u00e0 3 semaines apr\u00e8s la confirmation de votre commande. L'\u0153uvre est assur\u00e9e pendant le transport, il n'y a donc aucun risque. Origine : Belgique : Belgique.<\/p>\n<\/div>\n<\/div>\n<\/div>\n<div>\n<div>\n<div><\/div>\n<\/div>\n<\/div>\n<\/div>\n<\/div>\n<\/div>\n<p><strong>Sans titre<\/strong> par <strong>Daniel Castan<\/strong> captivates with its intricate urban landscape, showcasing his expertise in crafting depth and perspective. This artwork belongs to our <a href=\"https:\/\/www.belart-gallery.com\/fr\/abstract\/\" target=\"_blank\" rel=\"noopener\">Abstract collection<\/a>o\u00f9 <strong>Daniel Castan<\/strong> skillfully blends bold brushstrokes and rich color contrasts. The painting invites viewers to explore the dynamic energy of city life, offering a sense of movement and emotion that\u2019s characteristic of modern urban art. Through <strong>Sans titre<\/strong>, <strong>Daniel Castan<\/strong> transforms architectural elements into a vibrant, expressive vision that speaks to the heart of contemporary abstraction.<\/p>\n<p>Les collectionneurs qui appr\u00e9cient <a href=\"https:\/\/www.belart-gallery.com\/fr\/large-size-art-living-room-modern-abstract-contemporary-wall-art-pop-art\/\" target=\"_blank\" rel=\"noopener\"><strong>paysage urbain contemporain<\/strong><\/a> art trouvera cette pi\u00e8ce par <strong>Daniel Castan<\/strong> un ajout pr\u00e9cieux \u00e0 leur collection. Son m\u00e9lange unique de <strong>r\u00e9alisme abstrait<\/strong> et des d\u00e9tails architecturaux pr\u00e9cis font que ses \u0153uvres se distinguent dans n'importe quel contexte. En capturant \u00e0 la fois la structure physique et l'atmosph\u00e8re \u00e9motionnelle de la vie urbaine, <strong>Daniel Castan<\/strong> continue d'attirer l'attention des amateurs d'art du monde entier. Cette pi\u00e8ce, qui met l'accent sur la <strong>environnement urbain<\/strong>L'\u0153uvre d'art, qui refl\u00e8te l'\u00e9nergie et le rythme des villes d'aujourd'hui, attirera ceux qui recherchent une \u0153uvre d'art moderne et stimulante.<\/p>\n<p>&nbsp;<\/p>","protected":false},"excerpt":{"rendered":"<p>The artwork is available for pickup at BelArt Gallery in Brussels, Belgium, or it can be delivered to the address of your choice within 2 to 3 weeks after your order is confirmed. The artwork is insured during transportation, so there&#8217;s no risk. Origin: Belgium. Untitled by Daniel Castan captivates with its intricate urban landscape, [&hellip;]<\/p>","protected":false},"featured_media":11590,"template":"","meta":{"_acf_changed":false,"inline_featured_image":false,"_monsterinsights_skip_tracking":false,"_monsterinsights_sitenote_active":false,"_monsterinsights_sitenote_note":"","_monsterinsights_sitenote_category":0},"product_brand":[202],"product_cat":[36],"product_tag":[],"department":[],"class_list":{"0":"post-8326","1":"product","2":"type-product","3":"status-publish","4":"has-post-thumbnail","6":"product_brand-daniel-castan","7":"product_cat-painting","9":"first","10":"outofstock","11":"shipping-taxable","12":"purchasable","13":"product-type-simple"},"acf":[],"_links":{"self":[{"href":"https:\/\/www.belart-gallery.com\/fr\/wp-json\/wp\/v2\/product\/8326","targetHints":{"allow":["GET"]}}],"collection":[{"href":"https:\/\/www.belart-gallery.com\/fr\/wp-json\/wp\/v2\/product"}],"about":[{"href":"https:\/\/www.belart-gallery.com\/fr\/wp-json\/wp\/v2\/types\/product"}],"wp:featuredmedia":[{"embeddable":true,"href":"https:\/\/www.belart-gallery.com\/fr\/wp-json\/wp\/v2\/media\/11590"}],"wp:attachment":[{"href":"https:\/\/www.belart-gallery.com\/fr\/wp-json\/wp\/v2\/media?parent=8326"}],"wp:term":[{"taxonomy":"product_brand","embeddable":true,"href":"https:\/\/www.belart-gallery.com\/fr\/wp-json\/wp\/v2\/product_brand?post=8326"},{"taxonomy":"product_cat","embeddable":true,"href":"https:\/\/www.belart-gallery.com\/fr\/wp-json\/wp\/v2\/product_cat?post=8326"},{"taxonomy":"product_tag","embeddable":true,"href":"https:\/\/www.belart-gallery.com\/fr\/wp-json\/wp\/v2\/product_tag?post=8326"},{"taxonomy":"department","embeddable":true,"href":"https:\/\/www.belart-gallery.com\/fr\/wp-json\/wp\/v2\/department?post=8326"}],"curies":[{"name":"wp","href":"https:\/\/api.w.org\/{rel}","templated":true}]}}