{"id":8331,"date":"2025-04-28T15:48:05","date_gmt":"2025-04-28T15:48:05","guid":{"rendered":"https:\/\/belart-gallery.com\/product-page\/melting-lights\/"},"modified":"2025-07-21T11:41:30","modified_gmt":"2025-07-21T11:41:30","slug":"daniel-castan-melting-lights","status":"publish","type":"product","link":"https:\/\/www.belart-gallery.com\/fr\/product-page\/daniel-castan-melting-lights\/","title":{"rendered":"Lumi\u00e8res en fusion"},"content":{"rendered":"<p>En <em>Lumi\u00e8res en fusion<\/em>Daniel Castan donne vie \u00e0 l'essence du paysage urbain gr\u00e2ce \u00e0 l'utilisation de la technique de l'image de marque. <strong>emp\u00e2tement<\/strong> et audacieux <strong>le travail au pinceau abstrait<\/strong>. Cette pi\u00e8ce capture l'ambiance d'une m\u00e9tropole moderne, o\u00f9 des tours de <strong>b\u00e2timents<\/strong> semblent se dissoudre dans un m\u00e9lange envo\u00fbtant de <strong>les ors chauds<\/strong> et <strong>Noirs froids<\/strong>. L'expertise de Daniel Castan en <strong>abstraction urbaine<\/strong> est \u00e9vidente lorsqu'il construit un paysage urbain \u00e0 la fois d\u00e9fini et fluide, cr\u00e9ant un sentiment dynamique de mouvement et de r\u00e9flexion. Ses larges traits textur\u00e9s \u00e9voquent l'\u00e9nergie et l'\u00e9clat des lumi\u00e8res de la ville qui se refl\u00e8tent sur les trottoirs mouill\u00e9s, transmettant un moment cin\u00e9matographique au c\u0153ur de la ville.<\/p>\n<p>Le choix de Daniel Castan <strong>palette de couleurs<\/strong> renforce le sentiment d'immersion dans l'\u00e9clat nocturne de la ville. Dans les <em>Lumi\u00e8res en fusion<\/em>Il oppose habilement les lignes nettes de l'architecture de l'Europe \u00e0 celles de l'Europe occidentale. <strong>l'architecture<\/strong> avec des couleurs plus douces et fondues qui semblent se fondre les unes dans les autres, faisant \u00e9cho \u00e0 la fa\u00e7on dont la lumi\u00e8re interagit avec le verre et le b\u00e9ton. La composition met l'accent sur la verticalit\u00e9 et la profondeur, guidant le regard du spectateur vers le haut et les profondeurs de la sc\u00e8ne urbaine. Avec cette \u0153uvre, Daniel Castan ne se contente pas d'illustrer un paysage urbain, il saisit aussi l'image de la ville. <strong>humeur<\/strong> et <strong>l'\u00e9nergie<\/strong> de la vie urbaine, transformant les formes architecturales en impressions abstraites qui r\u00e9sonnent avec tous ceux qui connaissent l'attrait des nuits citadines.<\/p>","protected":false},"excerpt":{"rendered":"<p>In Melting Lights, Daniel Castan brings the essence of the urban landscape to life with his signature use of impasto and bold abstract brushwork. This piece captures the ambiance of a modern metropolis, where towering buildings seem to dissolve into a mesmerizing mix of warm golds and cool blacks. Daniel Castan\u2019s expertise in urban abstraction [&hellip;]<\/p>","protected":false},"featured_media":11557,"template":"","meta":{"_acf_changed":false,"inline_featured_image":false,"_monsterinsights_skip_tracking":false,"_monsterinsights_sitenote_active":false,"_monsterinsights_sitenote_note":"","_monsterinsights_sitenote_category":0},"product_brand":[202],"product_cat":[36],"product_tag":[],"department":[],"class_list":{"0":"post-8331","1":"product","2":"type-product","3":"status-publish","4":"has-post-thumbnail","6":"product_brand-daniel-castan","7":"product_cat-painting","9":"first","10":"outofstock","11":"shipping-taxable","12":"purchasable","13":"product-type-simple"},"acf":[],"_links":{"self":[{"href":"https:\/\/www.belart-gallery.com\/fr\/wp-json\/wp\/v2\/product\/8331","targetHints":{"allow":["GET"]}}],"collection":[{"href":"https:\/\/www.belart-gallery.com\/fr\/wp-json\/wp\/v2\/product"}],"about":[{"href":"https:\/\/www.belart-gallery.com\/fr\/wp-json\/wp\/v2\/types\/product"}],"wp:featuredmedia":[{"embeddable":true,"href":"https:\/\/www.belart-gallery.com\/fr\/wp-json\/wp\/v2\/media\/11557"}],"wp:attachment":[{"href":"https:\/\/www.belart-gallery.com\/fr\/wp-json\/wp\/v2\/media?parent=8331"}],"wp:term":[{"taxonomy":"product_brand","embeddable":true,"href":"https:\/\/www.belart-gallery.com\/fr\/wp-json\/wp\/v2\/product_brand?post=8331"},{"taxonomy":"product_cat","embeddable":true,"href":"https:\/\/www.belart-gallery.com\/fr\/wp-json\/wp\/v2\/product_cat?post=8331"},{"taxonomy":"product_tag","embeddable":true,"href":"https:\/\/www.belart-gallery.com\/fr\/wp-json\/wp\/v2\/product_tag?post=8331"},{"taxonomy":"department","embeddable":true,"href":"https:\/\/www.belart-gallery.com\/fr\/wp-json\/wp\/v2\/department?post=8331"}],"curies":[{"name":"wp","href":"https:\/\/api.w.org\/{rel}","templated":true}]}}