{"id":8332,"date":"2025-04-28T15:48:06","date_gmt":"2025-04-28T15:48:06","guid":{"rendered":"https:\/\/belart-gallery.com\/product-page\/empire-state-of-mind\/"},"modified":"2026-02-03T03:48:31","modified_gmt":"2026-02-03T03:48:31","slug":"daniel-castan-empire-state-of-mind","status":"publish","type":"product","link":"https:\/\/www.belart-gallery.com\/fr\/product-page\/daniel-castan-empire-state-of-mind\/","title":{"rendered":"Empire State Of Mind"},"content":{"rendered":"<p>L'\u0153uvre peut \u00eatre retir\u00e9e \u00e0 la galerie BelArt \u00e0 Bruxelles, Belgique, ou peut \u00eatre livr\u00e9e \u00e0 l'adresse de votre choix dans un d\u00e9lai de 2 \u00e0 3 semaines apr\u00e8s la confirmation de votre commande. L'\u0153uvre est assur\u00e9e pendant le transport, il n'y a donc aucun risque. Origine : Belgique : Belgique.<\/p>\n<p>&nbsp;<\/p>\n<p>Cette \u0153uvre d'art capture un paysage urbain vibrant, rendu de mani\u00e8re experte par des coups de pinceau \u00e9pais et textur\u00e9s qui cr\u00e9ent un sentiment de mouvement et d'\u00e9nergie. La toile est domin\u00e9e par des gratte-ciel imposants, baign\u00e9s dans un jeu saisissant de bleus et d'oranges, qui \u00e9voque le sentiment d'une ville passant du jour \u00e0 la nuit. Les teintes chaudes \u00e9voquent les lumi\u00e8res de la ville qui se refl\u00e8tent sur les surfaces, tandis que les bleus froids traduisent l'approche du cr\u00e9puscule. Ce contraste est accentu\u00e9 par la technique impressionniste, qui attire le spectateur dans l'ambiance \u00e0 la fois vivante et sereine de la sc\u00e8ne. Le reflet des b\u00e2timents sur une surface mouill\u00e9e en contrebas ajoute de la profondeur et du dynamisme, renfor\u00e7ant l'\u00e9vocation de l'exp\u00e9rience urbaine. Cette \u0153uvre se distingue par son utilisation captivante de la couleur et de la texture, r\u00e9sumant l'essence d'une m\u00e9tropole anim\u00e9e avec une finesse artistique qui invite \u00e0 l'examiner de plus pr\u00e8s.<\/p>","protected":false},"excerpt":{"rendered":"<p>The artwork is available for pickup at BelArt Gallery in Brussels, Belgium, or it can be delivered to the address of your choice within 2 to 3 weeks after your order is confirmed. The artwork is insured during transportation, so there&#8217;s no risk. Origin: Belgium. &nbsp; This artwork captures a vibrant cityscape, expertly rendered with [&hellip;]<\/p>","protected":false},"featured_media":11339,"template":"","meta":{"_acf_changed":false,"inline_featured_image":false,"_monsterinsights_skip_tracking":false,"_monsterinsights_sitenote_active":false,"_monsterinsights_sitenote_note":"","_monsterinsights_sitenote_category":0},"product_brand":[202],"product_cat":[27,36],"product_tag":[117,169,141],"department":[],"class_list":{"0":"post-8332","1":"product","2":"type-product","3":"status-publish","4":"has-post-thumbnail","6":"product_brand-daniel-castan","7":"product_cat-abstract","8":"product_cat-painting","9":"product_tag-abstract-art","10":"product_tag-colors","11":"product_tag-urban-landscape-artworks","12":"product_shipping_class-medium","14":"first","15":"instock","16":"sold-individually","17":"shipping-taxable","18":"purchasable","19":"product-type-simple"},"acf":[],"_links":{"self":[{"href":"https:\/\/www.belart-gallery.com\/fr\/wp-json\/wp\/v2\/product\/8332","targetHints":{"allow":["GET"]}}],"collection":[{"href":"https:\/\/www.belart-gallery.com\/fr\/wp-json\/wp\/v2\/product"}],"about":[{"href":"https:\/\/www.belart-gallery.com\/fr\/wp-json\/wp\/v2\/types\/product"}],"wp:featuredmedia":[{"embeddable":true,"href":"https:\/\/www.belart-gallery.com\/fr\/wp-json\/wp\/v2\/media\/11339"}],"wp:attachment":[{"href":"https:\/\/www.belart-gallery.com\/fr\/wp-json\/wp\/v2\/media?parent=8332"}],"wp:term":[{"taxonomy":"product_brand","embeddable":true,"href":"https:\/\/www.belart-gallery.com\/fr\/wp-json\/wp\/v2\/product_brand?post=8332"},{"taxonomy":"product_cat","embeddable":true,"href":"https:\/\/www.belart-gallery.com\/fr\/wp-json\/wp\/v2\/product_cat?post=8332"},{"taxonomy":"product_tag","embeddable":true,"href":"https:\/\/www.belart-gallery.com\/fr\/wp-json\/wp\/v2\/product_tag?post=8332"},{"taxonomy":"department","embeddable":true,"href":"https:\/\/www.belart-gallery.com\/fr\/wp-json\/wp\/v2\/department?post=8332"}],"curies":[{"name":"wp","href":"https:\/\/api.w.org\/{rel}","templated":true}]}}