{"id":8336,"date":"2025-04-28T15:48:06","date_gmt":"2025-04-28T15:48:06","guid":{"rendered":"https:\/\/belart-gallery.com\/product-page\/koreatown-morning\/"},"modified":"2026-02-03T03:50:36","modified_gmt":"2026-02-03T03:50:36","slug":"daniel-castan-koreatown-morning","status":"publish","type":"product","link":"https:\/\/www.belart-gallery.com\/fr\/product-page\/daniel-castan-koreatown-morning\/","title":{"rendered":"Koreatown Morning"},"content":{"rendered":"<div>\n<div>\n<div>\n<div>\n<div>\n<div>\n<p>L'\u0153uvre peut \u00eatre retir\u00e9e \u00e0 la galerie BelArt \u00e0 Bruxelles, Belgique, ou peut \u00eatre livr\u00e9e \u00e0 l'adresse de votre choix dans un d\u00e9lai de 2 \u00e0 3 semaines apr\u00e8s la confirmation de votre commande. L'\u0153uvre est assur\u00e9e pendant le transport, il n'y a donc aucun risque. Origine : Belgique : Belgique.<\/p>\n<\/div>\n<p>&nbsp;<\/p>\n<p>Cette \u0153uvre d'art est un exemple frappant de peinture contemporaine de paysage urbain qui capture magistralement l'essence de la vie urbaine par le biais de l'abstraction. L'\u0153uvre repr\u00e9sente des gratte-ciel imposants qui s'\u00e9l\u00e8vent majestueusement de part et d'autre, leurs formes \u00e9tant fragment\u00e9es en formes g\u00e9om\u00e9triques audacieuses. La palette de couleurs est domin\u00e9e par des tons froids de bleu et de gris, ponctu\u00e9s d'\u00e9clats vibrants d'orange et de touches de rouge, sugg\u00e9rant l'\u00e9nergie dynamique et le mouvement de la ville. Au premier plan, la rue semble mouill\u00e9e, refl\u00e9tant les structures imposantes qui la surplombent, ce qui ajoute de la profondeur et un sens intriguant de la sym\u00e9trie \u00e0 la composition. Le coup de pinceau est vigoureux et textur\u00e9, traduisant \u00e0 la fois le mouvement et le rythme tr\u00e9pidant de la vie m\u00e9tropolitaine. L'artiste utilise un savant jeu d'ombre et de lumi\u00e8re, conf\u00e9rant aux \u00e9l\u00e9ments architecturaux une qualit\u00e9 vivante, presque rythmique. Cette peinture se distingue par sa capacit\u00e9 \u00e0 transmettre un sens du lieu \u00e0 la fois sp\u00e9cifique et universel, \u00e9voquant l'esprit d'une ville tout en permettant une interpr\u00e9tation individuelle. Par sa forme abstraite, elle invite le spectateur \u00e0 explorer l'interaction entre la structure et le chaos, ce qui en fait une exploration fascinante de l'urbanit\u00e9.<\/p>\n<\/div>\n<\/div>\n<\/div>\n<\/div>\n<\/div>\n<p>&nbsp;<\/p>","protected":false},"excerpt":{"rendered":"<p>The artwork is available for pickup at BelArt Gallery in Brussels, Belgium, or it can be delivered to the address of your choice within 2 to 3 weeks after your order is confirmed. The artwork is insured during transportation, so there&#8217;s no risk. Origin: Belgium. &nbsp; This artwork is a striking example of contemporary cityscape [&hellip;]<\/p>","protected":false},"featured_media":11345,"template":"","meta":{"_acf_changed":false,"inline_featured_image":false,"_monsterinsights_skip_tracking":false,"_monsterinsights_sitenote_active":false,"_monsterinsights_sitenote_note":"","_monsterinsights_sitenote_category":0},"product_brand":[202],"product_cat":[27,36],"product_tag":[117,169,141],"department":[],"class_list":{"0":"post-8336","1":"product","2":"type-product","3":"status-publish","4":"has-post-thumbnail","6":"product_brand-daniel-castan","7":"product_cat-abstract","8":"product_cat-painting","9":"product_tag-abstract-art","10":"product_tag-colors","11":"product_tag-urban-landscape-artworks","12":"product_shipping_class-medium","14":"first","15":"instock","16":"sold-individually","17":"shipping-taxable","18":"purchasable","19":"product-type-simple"},"acf":[],"_links":{"self":[{"href":"https:\/\/www.belart-gallery.com\/fr\/wp-json\/wp\/v2\/product\/8336","targetHints":{"allow":["GET"]}}],"collection":[{"href":"https:\/\/www.belart-gallery.com\/fr\/wp-json\/wp\/v2\/product"}],"about":[{"href":"https:\/\/www.belart-gallery.com\/fr\/wp-json\/wp\/v2\/types\/product"}],"wp:featuredmedia":[{"embeddable":true,"href":"https:\/\/www.belart-gallery.com\/fr\/wp-json\/wp\/v2\/media\/11345"}],"wp:attachment":[{"href":"https:\/\/www.belart-gallery.com\/fr\/wp-json\/wp\/v2\/media?parent=8336"}],"wp:term":[{"taxonomy":"product_brand","embeddable":true,"href":"https:\/\/www.belart-gallery.com\/fr\/wp-json\/wp\/v2\/product_brand?post=8336"},{"taxonomy":"product_cat","embeddable":true,"href":"https:\/\/www.belart-gallery.com\/fr\/wp-json\/wp\/v2\/product_cat?post=8336"},{"taxonomy":"product_tag","embeddable":true,"href":"https:\/\/www.belart-gallery.com\/fr\/wp-json\/wp\/v2\/product_tag?post=8336"},{"taxonomy":"department","embeddable":true,"href":"https:\/\/www.belart-gallery.com\/fr\/wp-json\/wp\/v2\/department?post=8336"}],"curies":[{"name":"wp","href":"https:\/\/api.w.org\/{rel}","templated":true}]}}