{"id":8342,"date":"2025-04-28T15:48:07","date_gmt":"2025-04-28T15:48:07","guid":{"rendered":"https:\/\/belart-gallery.com\/product-page\/transition-into-gold\/"},"modified":"2026-02-03T03:01:21","modified_gmt":"2026-02-03T03:01:21","slug":"clara-berta-transition-into-gold","status":"publish","type":"product","link":"https:\/\/www.belart-gallery.com\/fr\/product-page\/clara-berta-transition-into-gold\/","title":{"rendered":"Transition into gold"},"content":{"rendered":"<p>L'\u0153uvre peut \u00eatre retir\u00e9e \u00e0 la galerie BelArt \u00e0 Bruxelles, Belgique, ou peut \u00eatre livr\u00e9e \u00e0 l'adresse de votre choix dans un d\u00e9lai de 2 \u00e0 3 semaines apr\u00e8s la confirmation de votre commande. L'\u0153uvre est assur\u00e9e pendant le transport, il n'y a donc aucun risque. Origine : Belgique : Belgique.<\/p>\n<p>&nbsp;<\/p>\n<p>Non \u00e9tir\u00e9. Vous le recevrez roul\u00e9, dans un tube. Pr\u00eat \u00e0 \u00eatre \u00e9tir\u00e9.<\/p>\n<p>Nous vous recommandons de faire tendre votre tableau dans un magasin d'encadrement local. C'est le moyen le plus abordable et le plus facile d'obtenir une grande toile tendue.<\/p>\n<p>Cette \u0153uvre d'art est une fusion fascinante de formes organiques et de textures \u00e9th\u00e9r\u00e9es, magistralement compos\u00e9e pour \u00e9voquer un sentiment d'\u00e9merveillement et de curiosit\u00e9. \u00c9mergeant d'un fond sombre et \u00e9nigmatique, la forme centrale ressemble \u00e0 une cr\u00e9ature ou \u00e0 une plante d\u00e9licate d'un autre monde, dont les couches translucides regorgent de complexit\u00e9 et de profondeur. Des blancs doux et luminescents et des ors l\u00e9gers coexistent avec des bruns terreux et des oranges sourds, cr\u00e9ant un jeu dynamique entre l'ombre et la lumi\u00e8re. Chaque centim\u00e8tre de l'\u0153uvre est m\u00e9ticuleusement d\u00e9taill\u00e9 et pr\u00e9sente une riche tapisserie de textures qui imitent les motifs fins que l'on trouve dans la nature, rappelant peut-\u00eatre les spores ou les coraux sous-marins. L'artiste utilise une technique sophistiqu\u00e9e qui donne \u00e0 la fois une impression de mouvement et d'immobilit\u00e9, encourageant l'exploration de la narration \u00e9nigmatique qui se d\u00e9roule \u00e0 l'int\u00e9rieur de ses limites. Unique dans sa capacit\u00e9 \u00e0 brouiller les lignes entre le tangible et l'abstrait, cette \u0153uvre d'art oblige le spectateur \u00e0 s'engager profond\u00e9ment dans sa beaut\u00e9 \u00e9nigmatique, invitant \u00e0 des interpr\u00e9tations sans fin et \u00e0 des r\u00e9flexions individuelles. L'\u0153uvre t\u00e9moigne de l'habilet\u00e9 de l'artiste \u00e0 capturer la sublime complexit\u00e9 du monde naturel \u00e0 travers un objectif abstrait.<\/p>","protected":false},"excerpt":{"rendered":"<p>The artwork is available for pickup at BelArt Gallery in Brussels, Belgium, or it can be delivered to the address of your choice within 2 to 3 weeks after your order is confirmed. The artwork is insured during transportation, so there&#8217;s no risk. Origin: Belgium. &nbsp; Not stretched. You&#8217;ll receive it rolled, in a tube. [&hellip;]<\/p>","protected":false},"featured_media":11301,"template":"","meta":{"_acf_changed":false,"inline_featured_image":false,"_monsterinsights_skip_tracking":false,"_monsterinsights_sitenote_active":false,"_monsterinsights_sitenote_note":"","_monsterinsights_sitenote_category":0},"product_brand":[205],"product_cat":[27,36],"product_tag":[117],"department":[],"class_list":{"0":"post-8342","1":"product","2":"type-product","3":"status-publish","4":"has-post-thumbnail","6":"product_brand-clara-berta","7":"product_cat-abstract","8":"product_cat-painting","9":"product_tag-abstract-art","10":"product_shipping_class-extra-large","12":"first","13":"instock","14":"sold-individually","15":"shipping-taxable","16":"purchasable","17":"product-type-simple"},"acf":[],"_links":{"self":[{"href":"https:\/\/www.belart-gallery.com\/fr\/wp-json\/wp\/v2\/product\/8342","targetHints":{"allow":["GET"]}}],"collection":[{"href":"https:\/\/www.belart-gallery.com\/fr\/wp-json\/wp\/v2\/product"}],"about":[{"href":"https:\/\/www.belart-gallery.com\/fr\/wp-json\/wp\/v2\/types\/product"}],"version-history":[{"count":1,"href":"https:\/\/www.belart-gallery.com\/fr\/wp-json\/wp\/v2\/product\/8342\/revisions"}],"predecessor-version":[{"id":11300,"href":"https:\/\/www.belart-gallery.com\/fr\/wp-json\/wp\/v2\/product\/8342\/revisions\/11300"}],"wp:featuredmedia":[{"embeddable":true,"href":"https:\/\/www.belart-gallery.com\/fr\/wp-json\/wp\/v2\/media\/11301"}],"wp:attachment":[{"href":"https:\/\/www.belart-gallery.com\/fr\/wp-json\/wp\/v2\/media?parent=8342"}],"wp:term":[{"taxonomy":"product_brand","embeddable":true,"href":"https:\/\/www.belart-gallery.com\/fr\/wp-json\/wp\/v2\/product_brand?post=8342"},{"taxonomy":"product_cat","embeddable":true,"href":"https:\/\/www.belart-gallery.com\/fr\/wp-json\/wp\/v2\/product_cat?post=8342"},{"taxonomy":"product_tag","embeddable":true,"href":"https:\/\/www.belart-gallery.com\/fr\/wp-json\/wp\/v2\/product_tag?post=8342"},{"taxonomy":"department","embeddable":true,"href":"https:\/\/www.belart-gallery.com\/fr\/wp-json\/wp\/v2\/department?post=8342"}],"curies":[{"name":"wp","href":"https:\/\/api.w.org\/{rel}","templated":true}]}}