{"id":8348,"date":"2025-04-28T15:48:08","date_gmt":"2025-04-28T15:48:08","guid":{"rendered":"https:\/\/belart-gallery.com\/product-page\/ball-game-jeu-de-balles\/"},"modified":"2026-02-03T03:56:31","modified_gmt":"2026-02-03T03:56:31","slug":"helder-batista-ball-game-jeu-de-balles","status":"publish","type":"product","link":"https:\/\/www.belart-gallery.com\/fr\/product-page\/helder-batista-ball-game-jeu-de-balles\/","title":{"rendered":"Ball Game - Jeu de balles"},"content":{"rendered":"<p>L'\u0153uvre peut \u00eatre retir\u00e9e \u00e0 la galerie BelArt \u00e0 Bruxelles, Belgique, ou peut \u00eatre livr\u00e9e \u00e0 l'adresse de votre choix dans un d\u00e9lai de 2 \u00e0 3 semaines apr\u00e8s la confirmation de votre commande. L'\u0153uvre est assur\u00e9e pendant le transport, il n'y a donc aucun risque. Origine : Belgique : Belgique.<\/p>\n<p>&nbsp;<\/p>\n<p>Cette \u0153uvre d'art d\u00e9borde d'\u00e9nergie dynamique et d'expression abstraite, avec un jeu audacieux de couleurs et de formes. Diverses teintes vibrantes, dont des jaunes vifs, des bleus profonds, des violets riches et des rouges \u00e9clatants, occupent la toile. L'utilisation de lignes noires \u00e9paisses d\u00e9limite chaque forme, ajoutant de la profondeur et de la structure au milieu de ce chaos \u00e9clatant. La composition \u00e9voque une impression de mouvement, comme si chaque \u00e9l\u00e9ment \u00e9tait anim\u00e9 d'une vie palpitante. La main de l'artiste est \u00e9vidente dans chaque coup de pinceau, transmettant une \u00e9motion brute et de la spontan\u00e9it\u00e9. La signature \"I Bautista\" figure en bonne place sur l'\u0153uvre, l'enracinant dans la vision unique de son cr\u00e9ateur. Cette \u0153uvre capture l'essence de l'expressionnisme abstrait, invitant les spectateurs \u00e0 s'engager dans ses formes et textures vives, chacune offrant une opportunit\u00e9 d'interpr\u00e9tation personnelle et de connexion \u00e9motionnelle. Sa composition dynamique et sa palette de couleurs audacieuse en font un point de mire incontournable dans n'importe quel espace.<\/p>","protected":false},"excerpt":{"rendered":"<p>The artwork is available for pickup at BelArt Gallery in Brussels, Belgium, or it can be delivered to the address of your choice within 2 to 3 weeks after your order is confirmed. The artwork is insured during transportation, so there&#8217;s no risk. Origin: Belgium. &nbsp; This artwork bursts with dynamic energy and abstract expression, [&hellip;]<\/p>","protected":false},"featured_media":11366,"template":"","meta":{"_acf_changed":false,"inline_featured_image":false,"_monsterinsights_skip_tracking":false,"_monsterinsights_sitenote_active":false,"_monsterinsights_sitenote_note":"","_monsterinsights_sitenote_category":0},"product_brand":[197],"product_cat":[27,36],"product_tag":[117,120],"department":[],"class_list":{"0":"post-8348","1":"product","2":"type-product","3":"status-publish","4":"has-post-thumbnail","6":"product_brand-helder-batista","7":"product_cat-abstract","8":"product_cat-painting","9":"product_tag-abstract-art","10":"product_tag-art-brut","11":"product_shipping_class-medium","13":"first","14":"instock","15":"sold-individually","16":"shipping-taxable","17":"purchasable","18":"product-type-simple"},"acf":[],"_links":{"self":[{"href":"https:\/\/www.belart-gallery.com\/fr\/wp-json\/wp\/v2\/product\/8348","targetHints":{"allow":["GET"]}}],"collection":[{"href":"https:\/\/www.belart-gallery.com\/fr\/wp-json\/wp\/v2\/product"}],"about":[{"href":"https:\/\/www.belart-gallery.com\/fr\/wp-json\/wp\/v2\/types\/product"}],"wp:featuredmedia":[{"embeddable":true,"href":"https:\/\/www.belart-gallery.com\/fr\/wp-json\/wp\/v2\/media\/11366"}],"wp:attachment":[{"href":"https:\/\/www.belart-gallery.com\/fr\/wp-json\/wp\/v2\/media?parent=8348"}],"wp:term":[{"taxonomy":"product_brand","embeddable":true,"href":"https:\/\/www.belart-gallery.com\/fr\/wp-json\/wp\/v2\/product_brand?post=8348"},{"taxonomy":"product_cat","embeddable":true,"href":"https:\/\/www.belart-gallery.com\/fr\/wp-json\/wp\/v2\/product_cat?post=8348"},{"taxonomy":"product_tag","embeddable":true,"href":"https:\/\/www.belart-gallery.com\/fr\/wp-json\/wp\/v2\/product_tag?post=8348"},{"taxonomy":"department","embeddable":true,"href":"https:\/\/www.belart-gallery.com\/fr\/wp-json\/wp\/v2\/department?post=8348"}],"curies":[{"name":"wp","href":"https:\/\/api.w.org\/{rel}","templated":true}]}}