{"id":8355,"date":"2025-04-28T15:48:09","date_gmt":"2025-04-28T15:48:09","guid":{"rendered":"https:\/\/belart-gallery.com\/product-page\/couleur-majorelle-iii\/"},"modified":"2026-01-10T23:18:28","modified_gmt":"2026-01-10T23:18:28","slug":"agnes-tiollier-couleur-majorelle-iii","status":"publish","type":"product","link":"https:\/\/www.belart-gallery.com\/fr\/product-page\/agnes-tiollier-couleur-majorelle-iii\/","title":{"rendered":"Couleur majorelle III"},"content":{"rendered":"<p>L'\u0153uvre peut \u00eatre retir\u00e9e \u00e0 la galerie BelArt \u00e0 Bruxelles, Belgique, ou peut \u00eatre livr\u00e9e \u00e0 l'adresse de votre choix dans un d\u00e9lai de 2 \u00e0 3 semaines apr\u00e8s la confirmation de votre commande. L'\u0153uvre est assur\u00e9e pendant le transport, il n'y a donc aucun risque. Origine : Belgique : Belgique.<\/p>\n<p>&nbsp;<\/p>\n<p>Cette peinture de <strong>Agn\u00e8s Tiollier<\/strong> capture magnifiquement l'essence de l'embl\u00e9matique <strong>Jardin Majorelle<\/strong> \u00e0 Marrakech, avec son jeu de couleurs vibrantes et sa richesse botanique. L'\u00e9tonnante <strong>bleu<\/strong> L'arri\u00e8re-plan, qui rappelle les c\u00e9l\u00e8bres murs du jardin, contraste vivement avec la v\u00e9g\u00e9tation luxuriante. <strong>verdure<\/strong> des plantes et des <strong>rouges vifs<\/strong> des fleurs qui tombent en cascade. Tiollier utilise de mani\u00e8re experte la surface r\u00e9fl\u00e9chissante de la toile de verre. <strong>l'eau<\/strong> au bas de la composition pour refl\u00e9ter la flore environnante, cr\u00e9ant ainsi une exp\u00e9rience sereine et immersive. La fa\u00e7on dont les <strong>lumi\u00e8re<\/strong> Les jeux entre les diff\u00e9rents \u00e9l\u00e9ments ajoutent un sentiment de profondeur, invitant le spectateur \u00e0 p\u00e9n\u00e9trer dans la beaut\u00e9 tranquille de cette oasis de paix.<\/p>\n<p>Les pots de fleurs multicolores<strong>jaune<\/strong>, <strong>bleu<\/strong>et <strong>terre cuite<\/strong>-Ils ancrent la sc\u00e8ne, ajoutant de la chaleur et de l'\u00e9clat \u00e0 la composition. <strong>Agn\u00e8s Tiollier<\/strong>L'utilisation par l <strong>couleur<\/strong> et <strong>lumi\u00e8re<\/strong> est \u00e0 la fois audacieuse et d\u00e9licate, apportant une harmonie entre les \u00e9l\u00e9ments naturels et architecturaux de la sc\u00e8ne. L'attention m\u00e9ticuleuse port\u00e9e aux d\u00e9tails dans la repr\u00e9sentation des plantes, des fines feuilles aux ombres des palmiers, r\u00e9v\u00e8le l'approche magistrale de Tiollier pour capturer l'\u00e9l\u00e9gance tranquille de la nature. <strong>jardins tropicaux<\/strong>. Par sa signature, Tiollier cr\u00e9e un espace de calme et de r\u00e9flexion, o\u00f9 l'on se sent bien. <strong>nature<\/strong> et <strong>couleur<\/strong> se m\u00e9langent en parfaite harmonie.<\/p>","protected":false},"excerpt":{"rendered":"<p>The artwork is available for pickup at BelArt Gallery in Brussels, Belgium, or it can be delivered to the address of your choice within 2 to 3 weeks after your order is confirmed. The artwork is insured during transportation, so there&#8217;s no risk. Origin: Belgium. &nbsp; This painting by Agn\u00e8s Tiollier beautifully captures the essence [&hellip;]<\/p>","protected":false},"featured_media":10725,"template":"","meta":{"_acf_changed":false,"inline_featured_image":false,"_monsterinsights_skip_tracking":false,"_monsterinsights_sitenote_active":false,"_monsterinsights_sitenote_note":"","_monsterinsights_sitenote_category":0},"product_brand":[216],"product_cat":[167,36],"product_tag":[126,127,129,244],"department":[],"class_list":{"0":"post-8355","1":"product","2":"type-product","3":"status-publish","4":"has-post-thumbnail","6":"product_brand-agnes-tiollier","7":"product_cat-figurative","8":"product_cat-painting","9":"product_tag-figurative","10":"product_tag-floral","11":"product_tag-landscape-artwork","12":"product_tag-nature","13":"product_shipping_class-medium","15":"first","16":"instock","17":"sold-individually","18":"shipping-taxable","19":"purchasable","20":"product-type-simple"},"acf":[],"_links":{"self":[{"href":"https:\/\/www.belart-gallery.com\/fr\/wp-json\/wp\/v2\/product\/8355","targetHints":{"allow":["GET"]}}],"collection":[{"href":"https:\/\/www.belart-gallery.com\/fr\/wp-json\/wp\/v2\/product"}],"about":[{"href":"https:\/\/www.belart-gallery.com\/fr\/wp-json\/wp\/v2\/types\/product"}],"wp:featuredmedia":[{"embeddable":true,"href":"https:\/\/www.belart-gallery.com\/fr\/wp-json\/wp\/v2\/media\/10725"}],"wp:attachment":[{"href":"https:\/\/www.belart-gallery.com\/fr\/wp-json\/wp\/v2\/media?parent=8355"}],"wp:term":[{"taxonomy":"product_brand","embeddable":true,"href":"https:\/\/www.belart-gallery.com\/fr\/wp-json\/wp\/v2\/product_brand?post=8355"},{"taxonomy":"product_cat","embeddable":true,"href":"https:\/\/www.belart-gallery.com\/fr\/wp-json\/wp\/v2\/product_cat?post=8355"},{"taxonomy":"product_tag","embeddable":true,"href":"https:\/\/www.belart-gallery.com\/fr\/wp-json\/wp\/v2\/product_tag?post=8355"},{"taxonomy":"department","embeddable":true,"href":"https:\/\/www.belart-gallery.com\/fr\/wp-json\/wp\/v2\/department?post=8355"}],"curies":[{"name":"wp","href":"https:\/\/api.w.org\/{rel}","templated":true}]}}