{"id":8361,"date":"2025-04-28T15:48:10","date_gmt":"2025-04-28T15:48:10","guid":{"rendered":"https:\/\/belart-gallery.com\/product-page\/sous-le-signe-de-lesperance\/"},"modified":"2025-10-02T13:19:07","modified_gmt":"2025-10-02T13:19:07","slug":"sous-le-signe-de-lesperance","status":"publish","type":"product","link":"https:\/\/www.belart-gallery.com\/fr\/product-page\/sous-le-signe-de-lesperance-jazzu\/","title":{"rendered":"Sous le signe de l&#8217;esp\u00e9rance"},"content":{"rendered":"<p>L'\u0153uvre peut \u00eatre retir\u00e9e \u00e0 la galerie BelArt \u00e0 Bruxelles, Belgique, ou peut \u00eatre livr\u00e9e \u00e0 l'adresse de votre choix dans un d\u00e9lai de 2 \u00e0 3 semaines apr\u00e8s la confirmation de votre commande. L'\u0153uvre est assur\u00e9e pendant le transport, il n'y a donc aucun risque. Origine : Belgique : Belgique.<\/p>\n<p>&nbsp;<\/p>\n<p>Dans Sous le signe de l'esp\u00e9rance, il y a une intimit\u00e9 ind\u00e9niable. <a href=\"https:\/\/www.belart-gallery.com\/fr\/jazzu\/\" target=\"_blank\" rel=\"noopener\">Jazzu<\/a>Il s'agit de quelque chose de brut, de profond\u00e9ment humain. Il s'agit d'un <strong><a href=\"https:\/\/www.belart-gallery.com\/fr\/portrait\/\" target=\"_blank\" rel=\"noopener\">portrait<\/a><\/strong> qui ne se contente pas de d\u00e9peindre un sujet, mais le r\u00e9v\u00e8le. La touche de l'artiste est pr\u00e9sente dans chaque coup de pinceau d\u00e9lib\u00e9r\u00e9, ce qui t\u00e9moigne de la puissance de l'art de la peinture. <strong><a href=\"https:\/\/www.belart-gallery.com\/fr\/outsider-art\/\" target=\"_blank\" rel=\"noopener\">l'art de l'outsider<\/a><\/strong> pour se d\u00e9barrasser des faux-semblants et aller droit au c\u0153ur. Pas de polissage, pas de perfection, juste de l'\u00e9motion pure et non filtr\u00e9e.<\/p>\n<p>\u00c0 premi\u00e8re vue, la composition semble simple, mais son impact est durable. Le regard du personnage, l\u00e9g\u00e8rement d\u00e9tourn\u00e9, est \u00e0 la fois vuln\u00e9rable et r\u00e9solu, comme s'il \u00e9tait pris entre le pass\u00e9 et l'avenir. Vive, <strong><a href=\"https:\/\/www.belart-gallery.com\/fr\/colorful-abstract-wall-art-large-modern\" target=\"_blank\" rel=\"noopener\">color\u00e9<\/a><\/strong> Les accents ne se contentent pas de d\u00e9corer la toile ; ils sont porteurs de sens, refl\u00e9tant un monde int\u00e9rieur d\u00e9bordant d'histoires inexprim\u00e9es. Un texte \u00e9crit \u00e0 la main se faufile dans le portrait comme un murmure de m\u00e9moire : \"\u00c0 la crois\u00e9e de nos vies\", un rappel des carrefours, des choix et de la persistance silencieuse de l'espoir. L'exposition<strong><a href=\"https:\/\/www.belart-gallery.com\/fr\/large-size-art-living-room-modern-abstract-contemporary-wall-art-pop-art\" target=\"_blank\" rel=\"noopener\"> grande taille<\/a><\/strong> L'artiste est un personnage qui commande l'attention, mais ce sont les d\u00e9tails intimes, les textures superpos\u00e9es, les lignes expressives, qui r\u00e9sonnent vraiment. La surface elle-m\u00eame semble vivante, invitant au toucher, \u00e0 la connexion.<\/p>\n<p>&nbsp;<\/p>\n<p>En savoir plus sur <a href=\"https:\/\/www.belart-gallery.com\/fr\/jazzu\/\" target=\"_blank\" rel=\"noopener\">Jazzu<\/a>Chaque pi\u00e8ce n'offre pas seulement une image, mais une exp\u00e9rience, une r\u00e9flexion sur les complexit\u00e9s de la vie, mises \u00e0 nu dans la peinture et la texture.<\/p>\n<p>&nbsp;<\/p>\n<div>\n<div>\n<div>\n<div>\n<div>\n<div><\/div>\n<\/div>\n<\/div>\n<\/div>\n<\/div>\n<\/div>\n<p>&nbsp;<\/p>","protected":false},"excerpt":{"rendered":"<p>The artwork is available for pickup at BelArt Gallery in Brussels, Belgium, or it can be delivered to the address of your choice within 2 to 3 weeks after your order is confirmed. The artwork is insured during transportation, so there&#8217;s no risk. Origin: Belgium. &nbsp; There\u2019s an undeniable intimacy in Sous le signe de [&hellip;]<\/p>","protected":false},"featured_media":4258,"template":"","meta":{"_acf_changed":false,"inline_featured_image":false,"_monsterinsights_skip_tracking":false,"_monsterinsights_sitenote_active":false,"_monsterinsights_sitenote_note":"","_monsterinsights_sitenote_category":0},"product_brand":[195],"product_cat":[167,33,36],"product_tag":[123,169,168,134,170],"department":[],"class_list":{"0":"post-8361","1":"product","2":"type-product","3":"status-publish","4":"has-post-thumbnail","6":"product_brand-jazzu","7":"product_cat-figurative","8":"product_cat-outsider-art","9":"product_cat-painting","10":"product_tag-colorful-artwork","11":"product_tag-colors","12":"product_tag-friends","13":"product_tag-portrait","14":"product_tag-text","15":"product_shipping_class-large","17":"first","18":"instock","19":"shipping-taxable","20":"purchasable","21":"product-type-simple"},"acf":[],"_links":{"self":[{"href":"https:\/\/www.belart-gallery.com\/fr\/wp-json\/wp\/v2\/product\/8361","targetHints":{"allow":["GET"]}}],"collection":[{"href":"https:\/\/www.belart-gallery.com\/fr\/wp-json\/wp\/v2\/product"}],"about":[{"href":"https:\/\/www.belart-gallery.com\/fr\/wp-json\/wp\/v2\/types\/product"}],"wp:featuredmedia":[{"embeddable":true,"href":"https:\/\/www.belart-gallery.com\/fr\/wp-json\/wp\/v2\/media\/4258"}],"wp:attachment":[{"href":"https:\/\/www.belart-gallery.com\/fr\/wp-json\/wp\/v2\/media?parent=8361"}],"wp:term":[{"taxonomy":"product_brand","embeddable":true,"href":"https:\/\/www.belart-gallery.com\/fr\/wp-json\/wp\/v2\/product_brand?post=8361"},{"taxonomy":"product_cat","embeddable":true,"href":"https:\/\/www.belart-gallery.com\/fr\/wp-json\/wp\/v2\/product_cat?post=8361"},{"taxonomy":"product_tag","embeddable":true,"href":"https:\/\/www.belart-gallery.com\/fr\/wp-json\/wp\/v2\/product_tag?post=8361"},{"taxonomy":"department","embeddable":true,"href":"https:\/\/www.belart-gallery.com\/fr\/wp-json\/wp\/v2\/department?post=8361"}],"curies":[{"name":"wp","href":"https:\/\/api.w.org\/{rel}","templated":true}]}}