{"id":8364,"date":"2025-04-28T15:48:11","date_gmt":"2025-04-28T15:48:11","guid":{"rendered":"https:\/\/belart-gallery.com\/product-page\/black-and-white-manhattan\/"},"modified":"2025-07-14T11:04:06","modified_gmt":"2025-07-14T11:04:06","slug":"daniel-castan-black-and-white-manhattan","status":"publish","type":"product","link":"https:\/\/www.belart-gallery.com\/fr\/product-page\/daniel-castan-black-and-white-manhattan\/","title":{"rendered":"Black and White Manhattan"},"content":{"rendered":"<div>\n<div>\n<div>\n<div>\n<div>\n<div>\n<p>L'\u0153uvre peut \u00eatre retir\u00e9e \u00e0 la galerie BelArt \u00e0 Bruxelles, Belgique, ou peut \u00eatre livr\u00e9e \u00e0 l'adresse de votre choix dans un d\u00e9lai de 2 \u00e0 3 semaines apr\u00e8s la confirmation de votre commande. L'\u0153uvre est assur\u00e9e pendant le transport, il n'y a donc aucun risque. Origine : Belgique : Belgique.<\/p>\n<\/div>\n<\/div>\n<\/div>\n<div>\n<div>\n<div><\/div>\n<\/div>\n<\/div>\n<\/div>\n<\/div>\n<\/div>\n<p>Cette \u0153uvre d'art captivante de <strong>Daniel Castan<\/strong> offre une vue dynamique d'un paysage urbain, r\u00e9sumant parfaitement l'\u00e9nergie d'une ville en pleine effervescence. Connu pour sa remarquable capacit\u00e9 \u00e0 m\u00e9langer <strong>paysages urbains<\/strong> avec des \u00e9l\u00e9ments abstraits, <strong>Daniel Castan<\/strong> utilise des coups de pinceau audacieux et des contrastes de couleurs frappants pour cr\u00e9er de la profondeur et du mouvement. Le tableau pr\u00e9sente des gratte-ciel imposants qui s'\u00e9tendent vers le ciel, un style caract\u00e9ristique de l'artiste. <strong>Daniel Castan<\/strong> qui met l'accent sur la beaut\u00e9 g\u00e9om\u00e9trique des <strong>paysages urbains<\/strong>. L'utilisation de bleus profonds, de gris et d'oranges vibrants donne vie \u00e0 la ville, \u00e9quilibrant le chaos et la s\u00e9r\u00e9nit\u00e9 de la vie urbaine.<\/p>\n<p>Les collectionneurs qui appr\u00e9cient <strong>paysage urbain contemporain<\/strong> art trouvera cette pi\u00e8ce par <strong>Daniel Castan<\/strong> un ajout pr\u00e9cieux \u00e0 leur collection. Son m\u00e9lange unique de <strong>r\u00e9alisme abstrait<\/strong> et des d\u00e9tails architecturaux pr\u00e9cis font que ses \u0153uvres se distinguent dans n'importe quel contexte. En capturant \u00e0 la fois la structure physique et l'atmosph\u00e8re \u00e9motionnelle de la vie urbaine, <strong>Daniel Castan<\/strong> continue d'attirer l'attention des amateurs d'art du monde entier. Cette pi\u00e8ce, qui met l'accent sur la <strong>environnement urbain<\/strong>L'\u0153uvre d'art, qui refl\u00e8te l'\u00e9nergie et le rythme des villes d'aujourd'hui, attirera ceux qui recherchent une \u0153uvre d'art moderne et stimulante.<\/p>\n<p>&nbsp;<\/p>","protected":false},"excerpt":{"rendered":"<p>The artwork is available for pickup at BelArt Gallery in Brussels, Belgium, or it can be delivered to the address of your choice within 2 to 3 weeks after your order is confirmed. The artwork is insured during transportation, so there&#8217;s no risk. Origin: Belgium. This captivating artwork by Daniel Castan offers a dynamic view [&hellip;]<\/p>","protected":false},"featured_media":11029,"template":"","meta":{"_acf_changed":false,"inline_featured_image":false,"_monsterinsights_skip_tracking":false,"_monsterinsights_sitenote_active":false,"_monsterinsights_sitenote_note":"","_monsterinsights_sitenote_category":0},"product_brand":[202],"product_cat":[27,36],"product_tag":[],"department":[],"class_list":{"0":"post-8364","1":"product","2":"type-product","3":"status-publish","4":"has-post-thumbnail","6":"product_brand-daniel-castan","7":"product_cat-abstract","8":"product_cat-painting","10":"first","11":"outofstock","12":"sold-individually","13":"shipping-taxable","14":"purchasable","15":"product-type-simple"},"acf":[],"_links":{"self":[{"href":"https:\/\/www.belart-gallery.com\/fr\/wp-json\/wp\/v2\/product\/8364","targetHints":{"allow":["GET"]}}],"collection":[{"href":"https:\/\/www.belart-gallery.com\/fr\/wp-json\/wp\/v2\/product"}],"about":[{"href":"https:\/\/www.belart-gallery.com\/fr\/wp-json\/wp\/v2\/types\/product"}],"wp:featuredmedia":[{"embeddable":true,"href":"https:\/\/www.belart-gallery.com\/fr\/wp-json\/wp\/v2\/media\/11029"}],"wp:attachment":[{"href":"https:\/\/www.belart-gallery.com\/fr\/wp-json\/wp\/v2\/media?parent=8364"}],"wp:term":[{"taxonomy":"product_brand","embeddable":true,"href":"https:\/\/www.belart-gallery.com\/fr\/wp-json\/wp\/v2\/product_brand?post=8364"},{"taxonomy":"product_cat","embeddable":true,"href":"https:\/\/www.belart-gallery.com\/fr\/wp-json\/wp\/v2\/product_cat?post=8364"},{"taxonomy":"product_tag","embeddable":true,"href":"https:\/\/www.belart-gallery.com\/fr\/wp-json\/wp\/v2\/product_tag?post=8364"},{"taxonomy":"department","embeddable":true,"href":"https:\/\/www.belart-gallery.com\/fr\/wp-json\/wp\/v2\/department?post=8364"}],"curies":[{"name":"wp","href":"https:\/\/api.w.org\/{rel}","templated":true}]}}