{"id":8375,"date":"2025-04-28T15:48:13","date_gmt":"2025-04-28T15:48:13","guid":{"rendered":"https:\/\/belart-gallery.com\/product-page\/a-better-place-sakura-and-bridge\/"},"modified":"2026-02-04T04:04:24","modified_gmt":"2026-02-04T04:04:24","slug":"nadin-antoniuk-a-better-place-sakura-and-bridge-115-x-110-cm","status":"publish","type":"product","link":"https:\/\/www.belart-gallery.com\/fr\/product-page\/nadin-antoniuk-a-better-place-sakura-and-bridge-115-x-110-cm\/","title":{"rendered":"Un meilleur endroit (Sakura et Bridge)"},"content":{"rendered":"<p>L'\u0153uvre peut \u00eatre retir\u00e9e \u00e0 la galerie BelArt \u00e0 Bruxelles, Belgique, ou peut \u00eatre livr\u00e9e \u00e0 l'adresse de votre choix dans un d\u00e9lai de 2 \u00e0 3 semaines apr\u00e8s la confirmation de votre commande. L'\u0153uvre est assur\u00e9e pendant le transport, il n'y a donc aucun risque. Origine : Belgique : Belgique.<\/p>\n<p>&nbsp;<\/p>\n<p>This piece features a captivating palette dominated by shades of pink, with splashes of other luminous hues interwoven throughout. At the center of the composition is a strikingly beautiful tree in full bloom, its lush, pink foliage exuding a sense of vitality and exuberance. The tree&#8217;s intricate network of branches, rendered in a dynamic, almost chaotic style, creates a mesmerizing visual texture that invites closer inspection. Extending from the foreground into the middle ground is a rustic wooden bridge, which seemingly beckons the observer to traverse it and explore the idyllic landscape further. The bridge&#8217;s weathered planks and handrails are depicted with a remarkable attention to detail, their earthy tones providing a warm contrast to the vivid pinks of the tree.<\/p>\n<p>Not stretched.<\/p>\n<p>You&#8217;ll receive it rolled, in a tube. Ready for stretching. I recommend stretching your print in a local custom framing shop. It will be the most affordable and easy way for you to get a big stretched canvas.<\/p>","protected":false},"excerpt":{"rendered":"<p>The artwork is available for pickup at BelArt Gallery in Brussels, Belgium, or it can be delivered to the address of your choice within 2 to 3 weeks after your order is confirmed. The artwork is insured during transportation, so there&#8217;s no risk. Origin: Belgium. &nbsp; This piece features a captivating palette dominated by shades [&hellip;]<\/p>","protected":false},"featured_media":4349,"template":"","meta":{"_acf_changed":false,"inline_featured_image":false,"_monsterinsights_skip_tracking":false,"_monsterinsights_sitenote_active":false,"_monsterinsights_sitenote_note":"","_monsterinsights_sitenote_category":0},"product_brand":[187],"product_cat":[36],"product_tag":[123,169,127,129,139],"department":[],"class_list":{"0":"post-8375","1":"product","2":"type-product","3":"status-publish","4":"has-post-thumbnail","6":"product_brand-nadin-antoniuk","7":"product_cat-painting","8":"product_tag-colorful-artwork","9":"product_tag-colors","10":"product_tag-floral","11":"product_tag-landscape-artwork","12":"product_tag-textured-art","13":"product_shipping_class-extra-large","15":"first","16":"instock","17":"sold-individually","18":"shipping-taxable","19":"purchasable","20":"product-type-simple"},"acf":[],"_links":{"self":[{"href":"https:\/\/www.belart-gallery.com\/fr\/wp-json\/wp\/v2\/product\/8375","targetHints":{"allow":["GET"]}}],"collection":[{"href":"https:\/\/www.belart-gallery.com\/fr\/wp-json\/wp\/v2\/product"}],"about":[{"href":"https:\/\/www.belart-gallery.com\/fr\/wp-json\/wp\/v2\/types\/product"}],"version-history":[{"count":1,"href":"https:\/\/www.belart-gallery.com\/fr\/wp-json\/wp\/v2\/product\/8375\/revisions"}],"predecessor-version":[{"id":10936,"href":"https:\/\/www.belart-gallery.com\/fr\/wp-json\/wp\/v2\/product\/8375\/revisions\/10936"}],"wp:featuredmedia":[{"embeddable":true,"href":"https:\/\/www.belart-gallery.com\/fr\/wp-json\/wp\/v2\/media\/4349"}],"wp:attachment":[{"href":"https:\/\/www.belart-gallery.com\/fr\/wp-json\/wp\/v2\/media?parent=8375"}],"wp:term":[{"taxonomy":"product_brand","embeddable":true,"href":"https:\/\/www.belart-gallery.com\/fr\/wp-json\/wp\/v2\/product_brand?post=8375"},{"taxonomy":"product_cat","embeddable":true,"href":"https:\/\/www.belart-gallery.com\/fr\/wp-json\/wp\/v2\/product_cat?post=8375"},{"taxonomy":"product_tag","embeddable":true,"href":"https:\/\/www.belart-gallery.com\/fr\/wp-json\/wp\/v2\/product_tag?post=8375"},{"taxonomy":"department","embeddable":true,"href":"https:\/\/www.belart-gallery.com\/fr\/wp-json\/wp\/v2\/department?post=8375"}],"curies":[{"name":"wp","href":"https:\/\/api.w.org\/{rel}","templated":true}]}}