{"id":8376,"date":"2025-04-28T15:48:13","date_gmt":"2025-04-28T15:48:13","guid":{"rendered":"https:\/\/belart-gallery.com\/product-page\/colorful-silence-big-monet\/"},"modified":"2026-02-04T04:20:20","modified_gmt":"2026-02-04T04:20:20","slug":"nadin-antoniuk-colorful-silence-big-monet-200-x-165-cm","status":"publish","type":"product","link":"https:\/\/www.belart-gallery.com\/fr\/product-page\/nadin-antoniuk-colorful-silence-big-monet-200-x-165-cm\/","title":{"rendered":"Colorful silence (Big Monet)"},"content":{"rendered":"<p>L'\u0153uvre peut \u00eatre retir\u00e9e \u00e0 la galerie BelArt \u00e0 Bruxelles, Belgique, ou peut \u00eatre livr\u00e9e \u00e0 l'adresse de votre choix dans un d\u00e9lai de 2 \u00e0 3 semaines apr\u00e8s la confirmation de votre commande. L'\u0153uvre est assur\u00e9e pendant le transport, il n'y a donc aucun risque. Origine : Belgique : Belgique.<\/p>\n<div>\n<div>\n<div>\n<div>\n<div>\n<div>\n<p>&nbsp;<\/p>\n<\/div>\n<\/div>\n<\/div>\n<\/div>\n<\/div>\n<\/div>\n<p>This mesmerizing piece is a vibrant explosion of colors and energy, captured through an intricate tapestry of dynamic, swirling lines. The piece commands attention with its dense network of overlapping strokes, each charged with a pulsating rhythm. The artist masterfully combines a spectrum of hues \u2013 from luminous yellows and fiery reds to deep blues and rich purples \u2013 creating a harmonious chaos that draws the viewer in.<\/p>\n<p>Not stretched.<\/p>\n<p>You&#8217;ll receive it rolled, in a tube. Ready for stretching. I recommend stretching your print in a local custom framing shop. It will be the most affordable and easy way for you to get a big stretched canvas.<\/p>","protected":false},"excerpt":{"rendered":"<p>The artwork is available for pickup at BelArt Gallery in Brussels, Belgium, or it can be delivered to the address of your choice within 2 to 3 weeks after your order is confirmed. The artwork is insured during transportation, so there&#8217;s no risk. Origin: Belgium. &nbsp; This mesmerizing piece is a vibrant explosion of colors [&hellip;]<\/p>","protected":false},"featured_media":4356,"template":"","meta":{"_acf_changed":false,"inline_featured_image":false,"_monsterinsights_skip_tracking":false,"_monsterinsights_sitenote_active":false,"_monsterinsights_sitenote_note":"","_monsterinsights_sitenote_category":0},"product_brand":[187],"product_cat":[27,36],"product_tag":[117,169,129,139],"department":[],"class_list":{"0":"post-8376","1":"product","2":"type-product","3":"status-publish","4":"has-post-thumbnail","6":"product_brand-nadin-antoniuk","7":"product_cat-abstract","8":"product_cat-painting","9":"product_tag-abstract-art","10":"product_tag-colors","11":"product_tag-landscape-artwork","12":"product_tag-textured-art","13":"product_shipping_class-extra-large","15":"first","16":"instock","17":"sold-individually","18":"shipping-taxable","19":"purchasable","20":"product-type-simple"},"acf":[],"_links":{"self":[{"href":"https:\/\/www.belart-gallery.com\/fr\/wp-json\/wp\/v2\/product\/8376","targetHints":{"allow":["GET"]}}],"collection":[{"href":"https:\/\/www.belart-gallery.com\/fr\/wp-json\/wp\/v2\/product"}],"about":[{"href":"https:\/\/www.belart-gallery.com\/fr\/wp-json\/wp\/v2\/types\/product"}],"wp:featuredmedia":[{"embeddable":true,"href":"https:\/\/www.belart-gallery.com\/fr\/wp-json\/wp\/v2\/media\/4356"}],"wp:attachment":[{"href":"https:\/\/www.belart-gallery.com\/fr\/wp-json\/wp\/v2\/media?parent=8376"}],"wp:term":[{"taxonomy":"product_brand","embeddable":true,"href":"https:\/\/www.belart-gallery.com\/fr\/wp-json\/wp\/v2\/product_brand?post=8376"},{"taxonomy":"product_cat","embeddable":true,"href":"https:\/\/www.belart-gallery.com\/fr\/wp-json\/wp\/v2\/product_cat?post=8376"},{"taxonomy":"product_tag","embeddable":true,"href":"https:\/\/www.belart-gallery.com\/fr\/wp-json\/wp\/v2\/product_tag?post=8376"},{"taxonomy":"department","embeddable":true,"href":"https:\/\/www.belart-gallery.com\/fr\/wp-json\/wp\/v2\/department?post=8376"}],"curies":[{"name":"wp","href":"https:\/\/api.w.org\/{rel}","templated":true}]}}