{"id":8383,"date":"2025-04-28T15:48:14","date_gmt":"2025-04-28T15:48:14","guid":{"rendered":"https:\/\/belart-gallery.com\/product-page\/a-good-flick\/"},"modified":"2025-07-17T10:28:18","modified_gmt":"2025-07-17T10:28:18","slug":"nikolaos-schizas-a-good-flick-130-x-100-cm","status":"publish","type":"product","link":"https:\/\/www.belart-gallery.com\/fr\/product-page\/nikolaos-schizas-a-good-flick-130-x-100-cm\/","title":{"rendered":"Un bon film (\u00e9tir\u00e9)"},"content":{"rendered":"<p>L'\u0153uvre peut \u00eatre retir\u00e9e \u00e0 la galerie BelArt \u00e0 Bruxelles, Belgique, ou peut \u00eatre livr\u00e9e \u00e0 l'adresse de votre choix dans un d\u00e9lai de 2 \u00e0 3 semaines apr\u00e8s la confirmation de votre commande. L'\u0153uvre est assur\u00e9e pendant le transport, il n'y a donc aucun risque. Origine : Belgique : Belgique.<\/p>\n<p>&nbsp;<\/p>\n<p>&nbsp;<\/p>\n<p>Cette \u0153uvre d'art est un exemple frappant d'expressionnisme abstrait contemporain, utilisant des coups de pinceau dynamiques pour \u00e9veiller les sens de l'observateur. La composition est domin\u00e9e par de larges arcs d'un bleu vibrant, juxtapos\u00e9s \u00e0 d'audacieuses tra\u00een\u00e9es de noir et d'ocre. Ces couleurs contrast\u00e9es cr\u00e9ent un sentiment de mouvement et d'\u00e9nergie, comme si la peinture \u00e9tait en mouvement sur la toile. La fluidit\u00e9 des traits sugg\u00e8re une spontan\u00e9it\u00e9 d\u00e9lib\u00e9r\u00e9e, chaque couche contribuant \u00e0 la profondeur et \u00e0 la texture de l'\u0153uvre. Les touches de rose et d'or intercal\u00e9es dans les tourbillons introduisent un \u00e9l\u00e9ment ludique, brisant l'intensit\u00e9 par des moments de plaisir inattendus. L'utilisation d'espaces n\u00e9gatifs \u00e0 l'arri\u00e8re-plan souligne le mouvement et la forme au premier plan, permettant aux couleurs de ressortir de mani\u00e8re \u00e9clatante. Cette \u0153uvre d'art attire l'attention par son m\u00e9lange confiant de couleurs et de formes. Son jeu unique de couleurs et de traits dynamiques met en \u00e9vidence la ma\u00eetrise de la technique de l'artiste, ce qui en fait une pi\u00e8ce ma\u00eetresse captivante pour toute collection moderne.<\/p>","protected":false},"excerpt":{"rendered":"<p>The artwork is available for pickup at BelArt Gallery in Brussels, Belgium, or it can be delivered to the address of your choice within 2 to 3 weeks after your order is confirmed. The artwork is insured during transportation, so there&#8217;s no risk. Origin: Belgium. &nbsp; &nbsp; This artwork is a striking example of contemporary [&hellip;]<\/p>","protected":false},"featured_media":4397,"template":"","meta":{"_acf_changed":false,"inline_featured_image":false,"_monsterinsights_skip_tracking":false,"_monsterinsights_sitenote_active":false,"_monsterinsights_sitenote_note":"","_monsterinsights_sitenote_category":0},"product_brand":[184],"product_cat":[27,36],"product_tag":[117,123,169],"department":[],"class_list":{"0":"post-8383","1":"product","2":"type-product","3":"status-publish","4":"has-post-thumbnail","6":"product_brand-nikolaos-schizas","7":"product_cat-abstract","8":"product_cat-painting","9":"product_tag-abstract-art","10":"product_tag-colorful-artwork","11":"product_tag-colors","12":"product_shipping_class-large","14":"first","15":"instock","16":"sold-individually","17":"shipping-taxable","18":"purchasable","19":"product-type-simple"},"acf":[],"_links":{"self":[{"href":"https:\/\/www.belart-gallery.com\/fr\/wp-json\/wp\/v2\/product\/8383","targetHints":{"allow":["GET"]}}],"collection":[{"href":"https:\/\/www.belart-gallery.com\/fr\/wp-json\/wp\/v2\/product"}],"about":[{"href":"https:\/\/www.belart-gallery.com\/fr\/wp-json\/wp\/v2\/types\/product"}],"version-history":[{"count":1,"href":"https:\/\/www.belart-gallery.com\/fr\/wp-json\/wp\/v2\/product\/8383\/revisions"}],"predecessor-version":[{"id":11093,"href":"https:\/\/www.belart-gallery.com\/fr\/wp-json\/wp\/v2\/product\/8383\/revisions\/11093"}],"wp:featuredmedia":[{"embeddable":true,"href":"https:\/\/www.belart-gallery.com\/fr\/wp-json\/wp\/v2\/media\/4397"}],"wp:attachment":[{"href":"https:\/\/www.belart-gallery.com\/fr\/wp-json\/wp\/v2\/media?parent=8383"}],"wp:term":[{"taxonomy":"product_brand","embeddable":true,"href":"https:\/\/www.belart-gallery.com\/fr\/wp-json\/wp\/v2\/product_brand?post=8383"},{"taxonomy":"product_cat","embeddable":true,"href":"https:\/\/www.belart-gallery.com\/fr\/wp-json\/wp\/v2\/product_cat?post=8383"},{"taxonomy":"product_tag","embeddable":true,"href":"https:\/\/www.belart-gallery.com\/fr\/wp-json\/wp\/v2\/product_tag?post=8383"},{"taxonomy":"department","embeddable":true,"href":"https:\/\/www.belart-gallery.com\/fr\/wp-json\/wp\/v2\/department?post=8383"}],"curies":[{"name":"wp","href":"https:\/\/api.w.org\/{rel}","templated":true}]}}