{"id":8384,"date":"2025-04-28T15:48:14","date_gmt":"2025-04-28T15:48:14","guid":{"rendered":"https:\/\/belart-gallery.com\/product-page\/diamond-coloured-veins\/"},"modified":"2025-10-03T02:55:01","modified_gmt":"2025-10-03T02:55:01","slug":"nikolaos-schizas-diamond-coloured-veins-100-x-150-cm","status":"publish","type":"product","link":"https:\/\/www.belart-gallery.com\/fr\/product-page\/nikolaos-schizas-diamond-coloured-veins-100-x-150-cm\/","title":{"rendered":"Diamond coloured veins"},"content":{"rendered":"<p>L'\u0153uvre peut \u00eatre retir\u00e9e \u00e0 la galerie BelArt \u00e0 Bruxelles, Belgique, ou peut \u00eatre livr\u00e9e \u00e0 l'adresse de votre choix dans un d\u00e9lai de 2 \u00e0 3 semaines apr\u00e8s la confirmation de votre commande. L'\u0153uvre est assur\u00e9e pendant le transport, il n'y a donc aucun risque. Origine : Belgique : Belgique.<\/p>\n<p>&nbsp;<\/p>\n<p><em>\"Veines de couleur diamant\"<\/em> captive par son jeu brillant de textures et de couleurs, vous invitant \u00e0 explorer ses couches complexes. Au premier coup d'\u0153il, les lignes nettes et le flux \u00e9nergique vous attirent, mais en y regardant de plus pr\u00e8s, vous commencez \u00e0 voir la danse d\u00e9licate des veines et des teintes vibrantes, chacune racontant sa propre histoire. Il y a quelque chose d'hypnotique dans la fa\u00e7on dont les couleurs pulsent et se m\u00e9langent, cr\u00e9ant un sens du mouvement \u00e0 la fois organique et abstrait.<\/p>\n<p>Cette pi\u00e8ce est un exemple magistral de <a href=\"https:\/\/www.belart-gallery.com\/fr\/abstract\" target=\"_blank\" rel=\"noopener\"><strong>art abstrait<\/strong><\/a>o\u00f9 <a href=\"https:\/\/www.belart-gallery.com\/fr\/nikolaos-schizas\/\" target=\"_blank\" rel=\"noopener\">Schizas<\/a> m\u00eale des formes structur\u00e9es \u00e0 des traits fluides. L'ajout de <a href=\"https:\/\/www.belart-gallery.com\/fr\/textured-art-abstract-wall-art-large-size\/\" target=\"_blank\" rel=\"noopener\"><strong>art textur\u00e9<\/strong><\/a> cr\u00e9e une richesse tactile, comme si les veines surgissaient de la toile elle-m\u00eame, vous invitant \u00e0 toucher et \u00e0 sentir leur profondeur. La palette de couleurs, qui va des bleus \u00e9lectriques aux ors riches, ajoute du drame et de l'intensit\u00e9, tout en maintenant un \u00e9quilibre \u00e9l\u00e9gant. La technique de l'artiste cr\u00e9e une exp\u00e9rience presque visc\u00e9rale, permettant au spectateur de ressentir l'\u00e9nergie et le mouvement de l'\u0153uvre.<\/p>\n<p>Parfaite pour un espace contemporain, cette <a href=\"https:\/\/www.belart-gallery.com\/fr\/large-size-art-living-room-modern-abstract-contemporary-wall-art-pop-art\/\" target=\"_blank\" rel=\"noopener\"><strong>grande taille<\/strong><\/a> devient un point focal audacieux, transformant n'importe quelle pi\u00e8ce en un sujet de conversation.<\/p>\n<p>&nbsp;<\/p>\n<p>Plongez au c\u0153ur de <a href=\"https:\/\/www.belart-gallery.com\/fr\/nikolaos-schizas\/\" target=\"_blank\" rel=\"noopener\">Schizas<\/a>D\u00e9couvrez le monde de l'abstraction et de l'expression textur\u00e9e de l'artiste, ainsi que la mani\u00e8re dont son travail repousse les limites de l'art moderne.<\/p>","protected":false},"excerpt":{"rendered":"<p>The artwork is available for pickup at BelArt Gallery in Brussels, Belgium, or it can be delivered to the address of your choice within 2 to 3 weeks after your order is confirmed. The artwork is insured during transportation, so there&#8217;s no risk. Origin: Belgium. &nbsp; &#8220;Diamond Coloured Veins&#8221; captivates with its brilliant interplay of [&hellip;]<\/p>","protected":false},"featured_media":4401,"template":"","meta":{"_acf_changed":false,"inline_featured_image":false,"_monsterinsights_skip_tracking":false,"_monsterinsights_sitenote_active":false,"_monsterinsights_sitenote_note":"","_monsterinsights_sitenote_category":0},"product_brand":[184],"product_cat":[27,36],"product_tag":[117,123,169],"department":[],"class_list":{"0":"post-8384","1":"product","2":"type-product","3":"status-publish","4":"has-post-thumbnail","6":"product_brand-nikolaos-schizas","7":"product_cat-abstract","8":"product_cat-painting","9":"product_tag-abstract-art","10":"product_tag-colorful-artwork","11":"product_tag-colors","12":"product_shipping_class-extra-large","14":"first","15":"instock","16":"sold-individually","17":"shipping-taxable","18":"purchasable","19":"product-type-simple"},"acf":[],"_links":{"self":[{"href":"https:\/\/www.belart-gallery.com\/fr\/wp-json\/wp\/v2\/product\/8384","targetHints":{"allow":["GET"]}}],"collection":[{"href":"https:\/\/www.belart-gallery.com\/fr\/wp-json\/wp\/v2\/product"}],"about":[{"href":"https:\/\/www.belart-gallery.com\/fr\/wp-json\/wp\/v2\/types\/product"}],"wp:featuredmedia":[{"embeddable":true,"href":"https:\/\/www.belart-gallery.com\/fr\/wp-json\/wp\/v2\/media\/4401"}],"wp:attachment":[{"href":"https:\/\/www.belart-gallery.com\/fr\/wp-json\/wp\/v2\/media?parent=8384"}],"wp:term":[{"taxonomy":"product_brand","embeddable":true,"href":"https:\/\/www.belart-gallery.com\/fr\/wp-json\/wp\/v2\/product_brand?post=8384"},{"taxonomy":"product_cat","embeddable":true,"href":"https:\/\/www.belart-gallery.com\/fr\/wp-json\/wp\/v2\/product_cat?post=8384"},{"taxonomy":"product_tag","embeddable":true,"href":"https:\/\/www.belart-gallery.com\/fr\/wp-json\/wp\/v2\/product_tag?post=8384"},{"taxonomy":"department","embeddable":true,"href":"https:\/\/www.belart-gallery.com\/fr\/wp-json\/wp\/v2\/department?post=8384"}],"curies":[{"name":"wp","href":"https:\/\/api.w.org\/{rel}","templated":true}]}}