{"id":8385,"date":"2025-04-28T15:48:14","date_gmt":"2025-04-28T15:48:14","guid":{"rendered":"https:\/\/belart-gallery.com\/product-page\/do-not-compare-me-with\/"},"modified":"2025-07-17T18:36:06","modified_gmt":"2025-07-17T18:36:06","slug":"nikolaos-schizas-do-not-compare-me-with-116-x-89-cm","status":"publish","type":"product","link":"https:\/\/www.belart-gallery.com\/fr\/product-page\/nikolaos-schizas-do-not-compare-me-with-116-x-89-cm\/","title":{"rendered":"Do not compare me with"},"content":{"rendered":"<p>L'\u0153uvre peut \u00eatre retir\u00e9e \u00e0 la galerie BelArt \u00e0 Bruxelles, Belgique, ou peut \u00eatre livr\u00e9e \u00e0 l'adresse de votre choix dans un d\u00e9lai de 2 \u00e0 3 semaines apr\u00e8s la confirmation de votre commande. L'\u0153uvre est assur\u00e9e pendant le transport, il n'y a donc aucun risque. Origine : Belgique : Belgique.<\/p>\n<p>&nbsp;<\/p>\n<p>\"Ne me comparez pas \u00e0 d'autres \u0153uvres, car cette pi\u00e8ce vous plonge dans un monde vibrant d'\u00e9motion et d'\u00e9nergie. L'\u0153uvre<a href=\"https:\/\/www.belart-gallery.com\/fr\/abstract\" target=\"_blank\" rel=\"noopener\"> <strong>abstrait<\/strong><\/a> Les formes vous invitent \u00e0 explorer un flux dynamique de couleurs et de textures, o\u00f9 chaque trait porte son propre sentiment, cr\u00e9ant une conversation qui semble \u00e0 la fois intime et expansive.<\/p>\n<p>L'utilisation par l'artiste de <a href=\"https:\/\/www.belart-gallery.com\/fr\/colorful-abstract-wall-art-large-modern\/\" target=\"_blank\" rel=\"noopener\"><strong>color\u00e9<\/strong><\/a> L'utilisation de couleurs vives et contrast\u00e9es donne vie \u00e0 l'\u0153uvre d'une mani\u00e8re extraordinaire. Les couleurs audacieuses et contrast\u00e9es se fondent parfaitement les unes dans les autres, cr\u00e9ant un mouvement sur la toile. L'interaction entre les rouges riches, les bleus apaisants et les jaunes vifs donne une impression de rythme qui attire l'\u0153il dans toutes les directions. La profondeur de la texture de la peinture renforce l'exp\u00e9rience visuelle, offrant une qualit\u00e9 tactile qui donne envie de tendre la main pour la toucher. Avec ses formes expressives et fluides, l'\u0153uvre capture l'essence de la spontan\u00e9it\u00e9 et de l'\u00e9motion.<\/p>\n<p>En tant que <a href=\"https:\/\/www.belart-gallery.com\/fr\/large-size-art-living-room-modern-abstract-contemporary-wall-art-pop-art\/\" target=\"_blank\" rel=\"noopener\"><strong>grande taille<\/strong><\/a> Cette \u0153uvre d'art est con\u00e7ue pour s'imposer. Son \u00e9chelle imposante permet aux couleurs et aux textures de r\u00e9sonner dans n'importe quel espace, ce qui en fait une pi\u00e8ce ma\u00eetresse parfaite pour un salon contemporain ou une galerie.<\/p>\n<p>&nbsp;<\/p>\n<p>En savoir plus sur <a href=\"https:\/\/www.belart-gallery.com\/fr\/nikolaos-schizas\/\" target=\"_blank\" rel=\"noopener\">Nikolaos Schizas<\/a>Les \u0153uvres color\u00e9es et abstraites, o\u00f9 chaque pi\u00e8ce offre une nouvelle dimension de beaut\u00e9 et de profondeur \u00e9motionnelle.<\/p>","protected":false},"excerpt":{"rendered":"<p>The artwork is available for pickup at BelArt Gallery in Brussels, Belgium, or it can be delivered to the address of your choice within 2 to 3 weeks after your order is confirmed. The artwork is insured during transportation, so there&#8217;s no risk. Origin: Belgium. &nbsp; &#8220;Do not compare me with&#8221; other works, as this [&hellip;]<\/p>","protected":false},"featured_media":4406,"template":"","meta":{"_acf_changed":false,"inline_featured_image":false,"_monsterinsights_skip_tracking":false,"_monsterinsights_sitenote_active":false,"_monsterinsights_sitenote_note":"","_monsterinsights_sitenote_category":0},"product_brand":[184],"product_cat":[27,36],"product_tag":[117,123,169],"department":[],"class_list":{"0":"post-8385","1":"product","2":"type-product","3":"status-publish","4":"has-post-thumbnail","6":"product_brand-nikolaos-schizas","7":"product_cat-abstract","8":"product_cat-painting","9":"product_tag-abstract-art","10":"product_tag-colorful-artwork","11":"product_tag-colors","12":"product_shipping_class-medium","14":"first","15":"instock","16":"sold-individually","17":"shipping-taxable","18":"purchasable","19":"product-type-simple"},"acf":[],"_links":{"self":[{"href":"https:\/\/www.belart-gallery.com\/fr\/wp-json\/wp\/v2\/product\/8385","targetHints":{"allow":["GET"]}}],"collection":[{"href":"https:\/\/www.belart-gallery.com\/fr\/wp-json\/wp\/v2\/product"}],"about":[{"href":"https:\/\/www.belart-gallery.com\/fr\/wp-json\/wp\/v2\/types\/product"}],"wp:featuredmedia":[{"embeddable":true,"href":"https:\/\/www.belart-gallery.com\/fr\/wp-json\/wp\/v2\/media\/4406"}],"wp:attachment":[{"href":"https:\/\/www.belart-gallery.com\/fr\/wp-json\/wp\/v2\/media?parent=8385"}],"wp:term":[{"taxonomy":"product_brand","embeddable":true,"href":"https:\/\/www.belart-gallery.com\/fr\/wp-json\/wp\/v2\/product_brand?post=8385"},{"taxonomy":"product_cat","embeddable":true,"href":"https:\/\/www.belart-gallery.com\/fr\/wp-json\/wp\/v2\/product_cat?post=8385"},{"taxonomy":"product_tag","embeddable":true,"href":"https:\/\/www.belart-gallery.com\/fr\/wp-json\/wp\/v2\/product_tag?post=8385"},{"taxonomy":"department","embeddable":true,"href":"https:\/\/www.belart-gallery.com\/fr\/wp-json\/wp\/v2\/department?post=8385"}],"curies":[{"name":"wp","href":"https:\/\/api.w.org\/{rel}","templated":true}]}}