{"id":8392,"date":"2025-04-28T15:48:15","date_gmt":"2025-04-28T15:48:15","guid":{"rendered":"https:\/\/belart-gallery.com\/product-page\/rester-connecte-a-soi\/"},"modified":"2025-07-21T12:26:39","modified_gmt":"2025-07-21T12:26:39","slug":"jazzu-rester-connecte-a-soi-100-x-80-cm","status":"publish","type":"product","link":"https:\/\/www.belart-gallery.com\/fr\/product-page\/jazzu-rester-connecte-a-soi-100-x-80-cm\/","title":{"rendered":"Rester connect\u00e9 \u00e0 soi"},"content":{"rendered":"<p>L'\u0153uvre peut \u00eatre retir\u00e9e \u00e0 la galerie BelArt \u00e0 Bruxelles, Belgique, ou peut \u00eatre livr\u00e9e \u00e0 l'adresse de votre choix dans un d\u00e9lai de 2 \u00e0 3 semaines apr\u00e8s la confirmation de votre commande. L'\u0153uvre est assur\u00e9e pendant le transport, il n'y a donc aucun risque. Origine : Belgique : Belgique.<\/p>\n<p>&nbsp;<\/p>\n<p>\"Rest\u00e9 connect\u00e9 \u00e0 soi\" par <a href=\"https:\/\/www.belart-gallery.com\/fr\/jazzu\/\" target=\"_blank\" rel=\"noopener\">Jazzu<\/a> est comme une respiration profonde dans un monde bruyant, un moment d'introspection qui invite \u00e0 se tourner vers l'int\u00e9rieur. Plus qu'un <a href=\"https:\/\/www.belart-gallery.com\/fr\/portrait\/\" target=\"_blank\" rel=\"noopener\"><strong>portrait<\/strong><\/a>Les personnages, expressifs mais sans fioritures, semblent tenir un espace d'immobilit\u00e9, leur pr\u00e9sence \u00e9tant ancr\u00e9e, leur regard r\u00e9fl\u00e9chi. Les personnages, expressifs mais sans fioritures, semblent se tenir dans un espace d'immobilit\u00e9, leur pr\u00e9sence \u00e9tant ancr\u00e9e, leur regard r\u00e9fl\u00e9chi. Il y a une intimit\u00e9 ind\u00e9niable dans cette \u0153uvre, comme si elle s'adressait directement \u00e0 vous, vous incitant \u00e0 vous reconnecter avec vous-m\u00eame.<\/p>\n<p><a href=\"https:\/\/www.belart-gallery.com\/fr\/jazzu\/\" target=\"_blank\" rel=\"noopener\">Jazzu<\/a>'s <a href=\"https:\/\/www.belart-gallery.com\/fr\/outsider-art\/\" target=\"_blank\" rel=\"noopener\"><strong>l'art de l'outsider<\/strong><\/a> Le style de l'artiste se d\u00e9barrasse des faux-semblants pour ne laisser place qu'\u00e0 l'honn\u00eatet\u00e9 brute et \u00e0 l'\u00e9motion sans filtre. Les <a href=\"https:\/\/www.belart-gallery.com\/fr\/colorful-abstract-wall-art-large-modern\" target=\"_blank\" rel=\"noopener\"><strong>color\u00e9<\/strong><\/a> La palette de couleurs, bien qu'audacieuse, semble intentionnelle, chaque teinte refl\u00e9tant diff\u00e9rentes facettes du moi. Des mots et des symboles \u00e9pars, un \u00e9l\u00e9ment caract\u00e9ristique de l'\u0153uvre de Jazzu, se faufilent dans la composition comme des rappels silencieux, incitant le spectateur \u00e0 la r\u00e9flexion. Cette \u0153uvre <a href=\"https:\/\/www.belart-gallery.com\/fr\/large-size-art-living-room-modern-abstract-contemporary-wall-art-pop-art\" target=\"_blank\" rel=\"noopener\"><strong>grande taille<\/strong><\/a> ne se contente pas de remplir un espace, elle en cr\u00e9e un, offrant un refuge visuel o\u00f9 la conscience de soi et le calme peuvent s'\u00e9panouir.<\/p>\n<p>&nbsp;<\/p>\n<p>Entrez dans le monde de Jazzu, fait de formes expressives et de significations superpos\u00e9es. Explorez leurs portraits \u00e9vocateurs et d\u00e9couvrez une pi\u00e8ce qui r\u00e9sonne avec votre propre voyage, un rappel \u00e0 rester connect\u00e9, \u00e0 \u00e9couter et \u00e0 honorer la profondeur int\u00e9rieure.<\/p>\n<p>&nbsp;<\/p>\n<div>\n<div>\n<div>\n<div>\n<div>\n<div><\/div>\n<\/div>\n<\/div>\n<\/div>\n<\/div>\n<\/div>\n<p>&nbsp;<\/p>","protected":false},"excerpt":{"rendered":"<p>The artwork is available for pickup at BelArt Gallery in Brussels, Belgium, or it can be delivered to the address of your choice within 2 to 3 weeks after your order is confirmed. The artwork is insured during transportation, so there&#8217;s no risk. Origin: Belgium. &nbsp; &#8220;Rest\u00e9 connect\u00e9 \u00e0 soi&#8221; by Jazzu feels like a [&hellip;]<\/p>","protected":false},"featured_media":4451,"template":"","meta":{"_acf_changed":false,"inline_featured_image":false,"_monsterinsights_skip_tracking":false,"_monsterinsights_sitenote_active":false,"_monsterinsights_sitenote_note":"","_monsterinsights_sitenote_category":0},"product_brand":[195],"product_cat":[36],"product_tag":[],"department":[],"class_list":{"0":"post-8392","1":"product","2":"type-product","3":"status-publish","4":"has-post-thumbnail","6":"product_brand-jazzu","7":"product_cat-painting","9":"first","10":"outofstock","11":"shipping-taxable","12":"purchasable","13":"product-type-simple"},"acf":[],"_links":{"self":[{"href":"https:\/\/www.belart-gallery.com\/fr\/wp-json\/wp\/v2\/product\/8392","targetHints":{"allow":["GET"]}}],"collection":[{"href":"https:\/\/www.belart-gallery.com\/fr\/wp-json\/wp\/v2\/product"}],"about":[{"href":"https:\/\/www.belart-gallery.com\/fr\/wp-json\/wp\/v2\/types\/product"}],"wp:featuredmedia":[{"embeddable":true,"href":"https:\/\/www.belart-gallery.com\/fr\/wp-json\/wp\/v2\/media\/4451"}],"wp:attachment":[{"href":"https:\/\/www.belart-gallery.com\/fr\/wp-json\/wp\/v2\/media?parent=8392"}],"wp:term":[{"taxonomy":"product_brand","embeddable":true,"href":"https:\/\/www.belart-gallery.com\/fr\/wp-json\/wp\/v2\/product_brand?post=8392"},{"taxonomy":"product_cat","embeddable":true,"href":"https:\/\/www.belart-gallery.com\/fr\/wp-json\/wp\/v2\/product_cat?post=8392"},{"taxonomy":"product_tag","embeddable":true,"href":"https:\/\/www.belart-gallery.com\/fr\/wp-json\/wp\/v2\/product_tag?post=8392"},{"taxonomy":"department","embeddable":true,"href":"https:\/\/www.belart-gallery.com\/fr\/wp-json\/wp\/v2\/department?post=8392"}],"curies":[{"name":"wp","href":"https:\/\/api.w.org\/{rel}","templated":true}]}}