{"id":8393,"date":"2025-04-28T15:48:15","date_gmt":"2025-04-28T15:48:15","guid":{"rendered":"https:\/\/belart-gallery.com\/product-page\/sans-se-prendre-au-serieux\/"},"modified":"2026-02-03T04:13:55","modified_gmt":"2026-02-03T04:13:55","slug":"jazzu-sans-se-prendre-au-serieux-73-x-100-cm","status":"publish","type":"product","link":"https:\/\/www.belart-gallery.com\/fr\/product-page\/jazzu-sans-se-prendre-au-serieux-73-x-100-cm\/","title":{"rendered":"Sans se prendre au s\u00e9rieux"},"content":{"rendered":"<p>L'\u0153uvre peut \u00eatre retir\u00e9e \u00e0 la galerie BelArt \u00e0 Bruxelles, Belgique, ou peut \u00eatre livr\u00e9e \u00e0 l'adresse de votre choix dans un d\u00e9lai de 2 \u00e0 3 semaines apr\u00e8s la confirmation de votre commande. L'\u0153uvre est assur\u00e9e pendant le transport, il n'y a donc aucun risque. Origine : Belgique : Belgique.<\/p>\n<p>&nbsp;<\/p>\n<p>\"Sans se prendre au s\u00e9rieux\" de Jazzu est une bouff\u00e9e d'air frais, un rappel que tout ne doit pas \u00eatre si lourd, que la joie vaut la peine d'\u00eatre poursuivie, et que parfois, les meilleurs moments viennent lorsque nous nous laissons simplement aller. Plus qu'un simple <a href=\"https:\/\/www.belart-gallery.com\/fr\/portrait\/\" target=\"_blank\" rel=\"noopener\"><strong>portrait<\/strong><\/a>C'est une invitation \u00e0 jouer, \u00e0 accepter l'imperfection et \u00e0 se r\u00e9jouir de l'inattendu. Les personnages, pleins de caract\u00e8re, semblent rire de l'absurdit\u00e9 de tout cela, leur \u00e9nergie est contagieuse, leur pr\u00e9sence impossible \u00e0 ignorer. Cette \u0153uvre ne se contente pas de vous inviter \u00e0 regarder, elle vous met au d\u00e9fi de sourire.<\/p>\n<p><a href=\"https:\/\/www.belart-gallery.com\/fr\/jazzu\/\" target=\"_blank\" rel=\"noopener\">Jazzu<\/a>'s <a href=\"https:\/\/www.belart-gallery.com\/fr\/outsider-art\/\" target=\"_blank\" rel=\"noopener\"><strong>l'art de l'outsider<\/strong><\/a> est empreint de spontan\u00e9it\u00e9, privil\u00e9giant l'\u00e9motion \u00e0 la pr\u00e9cision, l'honn\u00eatet\u00e9 \u00e0 la politesse. Les <a href=\"https:\/\/www.belart-gallery.com\/fr\/colorful-abstract-wall-art-large-modern\" target=\"_blank\" rel=\"noopener\"><strong>color\u00e9<\/strong><\/a> La palette rebondit sur la toile, cr\u00e9ant une harmonie parfaite entre l'espi\u00e8glerie et la profondeur. Des mots et des phrases, griffonn\u00e9s comme des pens\u00e9es fugaces, ajoutent une autre couche de sens, des incitations douces \u00e0 se d\u00e9tendre, \u00e0 rire un peu plus, \u00e0 ne pas tout prendre au s\u00e9rieux. Dans son <a href=\"https:\/\/www.belart-gallery.com\/fr\/large-size-art-living-room-modern-abstract-contemporary-wall-art-pop-art\" target=\"_blank\" rel=\"noopener\"><strong>grande taille<\/strong><\/a>La pi\u00e8ce ne se contente pas de remplir un espace, elle le transforme en un lieu de joie, de spontan\u00e9it\u00e9, de connexion humaine.<\/p>\n<p>&nbsp;<\/p>\n<p>Entrez dans <a href=\"https:\/\/www.belart-gallery.com\/fr\/jazzu\/\" target=\"_blank\" rel=\"noopener\">Jazzu<\/a>L'univers de l'artiste est celui d'une narration expressive et l\u00e9g\u00e8re. Explorez leurs <strong><a href=\"https:\/\/www.belart-gallery.com\/fr\/portrait\/\" target=\"_blank\" rel=\"noopener\">portraits<\/a><\/strong> et trouvez une pi\u00e8ce qui vous rappelle de l\u00e2cher prise, d'embrasser les belles imperfections et d'affronter la vie avec un peu plus de rire.<\/p>\n<p>&nbsp;<\/p>\n<div>\n<div>\n<div>\n<div>\n<div>\n<div><\/div>\n<\/div>\n<\/div>\n<\/div>\n<\/div>\n<\/div>\n<p>&nbsp;<\/p>","protected":false},"excerpt":{"rendered":"<p>The artwork is available for pickup at BelArt Gallery in Brussels, Belgium, or it can be delivered to the address of your choice within 2 to 3 weeks after your order is confirmed. The artwork is insured during transportation, so there&#8217;s no risk. Origin: Belgium. &nbsp; &#8220;Sans se prendre au s\u00e9rieux&#8221; by Jazzu is a [&hellip;]<\/p>","protected":false},"featured_media":4459,"template":"","meta":{"_acf_changed":false,"inline_featured_image":false,"_monsterinsights_skip_tracking":false,"_monsterinsights_sitenote_active":false,"_monsterinsights_sitenote_note":"","_monsterinsights_sitenote_category":0},"product_brand":[195],"product_cat":[33,36],"product_tag":[123,169,168,134,170],"department":[],"class_list":{"0":"post-8393","1":"product","2":"type-product","3":"status-publish","4":"has-post-thumbnail","6":"product_brand-jazzu","7":"product_cat-outsider-art","8":"product_cat-painting","9":"product_tag-colorful-artwork","10":"product_tag-colors","11":"product_tag-friends","12":"product_tag-portrait","13":"product_tag-text","14":"product_shipping_class-medium","16":"first","17":"instock","18":"shipping-taxable","19":"purchasable","20":"product-type-simple"},"acf":[],"_links":{"self":[{"href":"https:\/\/www.belart-gallery.com\/fr\/wp-json\/wp\/v2\/product\/8393","targetHints":{"allow":["GET"]}}],"collection":[{"href":"https:\/\/www.belart-gallery.com\/fr\/wp-json\/wp\/v2\/product"}],"about":[{"href":"https:\/\/www.belart-gallery.com\/fr\/wp-json\/wp\/v2\/types\/product"}],"wp:featuredmedia":[{"embeddable":true,"href":"https:\/\/www.belart-gallery.com\/fr\/wp-json\/wp\/v2\/media\/4459"}],"wp:attachment":[{"href":"https:\/\/www.belart-gallery.com\/fr\/wp-json\/wp\/v2\/media?parent=8393"}],"wp:term":[{"taxonomy":"product_brand","embeddable":true,"href":"https:\/\/www.belart-gallery.com\/fr\/wp-json\/wp\/v2\/product_brand?post=8393"},{"taxonomy":"product_cat","embeddable":true,"href":"https:\/\/www.belart-gallery.com\/fr\/wp-json\/wp\/v2\/product_cat?post=8393"},{"taxonomy":"product_tag","embeddable":true,"href":"https:\/\/www.belart-gallery.com\/fr\/wp-json\/wp\/v2\/product_tag?post=8393"},{"taxonomy":"department","embeddable":true,"href":"https:\/\/www.belart-gallery.com\/fr\/wp-json\/wp\/v2\/department?post=8393"}],"curies":[{"name":"wp","href":"https:\/\/api.w.org\/{rel}","templated":true}]}}