{"id":8396,"date":"2025-04-28T15:48:16","date_gmt":"2025-04-28T15:48:16","guid":{"rendered":"https:\/\/belart-gallery.com\/product-page\/la-vie-devant-soi\/"},"modified":"2025-07-22T12:38:25","modified_gmt":"2025-07-22T12:38:25","slug":"jazzu-la-vie-devant-soi-73-x-100-cm","status":"publish","type":"product","link":"https:\/\/www.belart-gallery.com\/fr\/product-page\/jazzu-la-vie-devant-soi-73-x-100-cm\/","title":{"rendered":"La vie devant soi"},"content":{"rendered":"<p>L'\u0153uvre peut \u00eatre retir\u00e9e \u00e0 la galerie BelArt \u00e0 Bruxelles, Belgique, ou peut \u00eatre livr\u00e9e \u00e0 l'adresse de votre choix dans un d\u00e9lai de 2 \u00e0 3 semaines apr\u00e8s la confirmation de votre commande. L'\u0153uvre est assur\u00e9e pendant le transport, il n'y a donc aucun risque. Origine : Belgique : Belgique.<\/p>\n<p>&nbsp;<\/p>\n<p><em>\"Une belle image du bonheur<\/em> par <a href=\"https:\/\/www.belart-gallery.com\/fr\/jazzu\/\" target=\"_blank\" rel=\"noopener\">Jazzu<\/a> est une invitation \u00e0 la joie, un portrait non pas d'une personne mais d'un sentiment, un moment fugace de pur bonheur rendu permanent sur la toile. L'\u0153uvre rayonne de chaleur, vous attirant par son \u00e9nergie ludique et son expression d\u00e9sinhib\u00e9e. Les personnages semblent danser, rire et faire la f\u00eate, incarnant la l\u00e9g\u00e8ret\u00e9 de l'\u00eatre qui accompagne la joie v\u00e9ritable et non dissimul\u00e9e. Il y a une impression de mouvement, comme si la peinture elle-m\u00eame \u00e9tait vivante, capturant la magie spontan\u00e9e du bonheur tel qu'il se produit.<\/p>\n<p><a href=\"https:\/\/www.belart-gallery.com\/fr\/jazzu\/\" target=\"_blank\" rel=\"noopener\">Jazzu<\/a>'s <a href=\"https:\/\/www.belart-gallery.com\/fr\/outsider-art\/\" target=\"_blank\" rel=\"noopener\"><strong>l'art de l'outsider<\/strong><\/a> privil\u00e9gie l'\u00e9motion brute au raffinement, cr\u00e9ant ainsi un lien imm\u00e9diat et profond\u00e9ment humain. Le style <a href=\"https:\/\/www.belart-gallery.com\/fr\/colorful-abstract-wall-art-large-modern\" target=\"_blank\" rel=\"noopener\"><strong>color\u00e9<\/strong><\/a> La palette de l'artiste est anim\u00e9e d'un sentiment de spontan\u00e9it\u00e9, mais chaque nuance semble intentionnelle, soigneusement plac\u00e9e pour \u00e9quilibrer l'espi\u00e8glerie et la signification. Des mots et des phrases griffonn\u00e9s, tiss\u00e9s dans la composition, ajoutent une couche intime, invitant \u00e0 la r\u00e9flexion et \u00e0 l'interpr\u00e9tation personnelle. Cette \u0153uvre <a href=\"https:\/\/www.belart-gallery.com\/fr\/large-size-art-living-room-modern-abstract-contemporary-wall-art-pop-art\" target=\"_blank\" rel=\"noopener\"><strong>grande taille<\/strong><\/a> La pi\u00e8ce fait plus que d\u00e9corer un espace, elle le transforme en un lieu d'optimisme et de gaiet\u00e9.<\/p>\n<p>&nbsp;<\/p>\n<p>Entrez dans <a href=\"https:\/\/www.belart-gallery.com\/fr\/jazzu\/\" target=\"_blank\" rel=\"noopener\">Jazzu<\/a>Le monde de l'art expressif et joyeux des artistes de l'Union europ\u00e9enne. Explorez leurs portraits \u00e9vocateurs et trouvez une pi\u00e8ce qui vous rappellera d'embrasser le bonheur, de c\u00e9l\u00e9brer les petits moments et de cr\u00e9er votre propre vie. <em>belle image du bonheur.<\/em><\/p>\n<p>&nbsp;<\/p>\n<div>\n<div>\n<div>\n<div>\n<div>\n<div><\/div>\n<\/div>\n<\/div>\n<\/div>\n<\/div>\n<\/div>\n<p>&nbsp;<\/p>","protected":false},"excerpt":{"rendered":"<p>The artwork is available for pickup at BelArt Gallery in Brussels, Belgium, or it can be delivered to the address of your choice within 2 to 3 weeks after your order is confirmed. The artwork is insured during transportation, so there&#8217;s no risk. Origin: Belgium. &nbsp; &#8220;Une belle image du bonheur&#8221; by Jazzu is an [&hellip;]<\/p>","protected":false},"featured_media":4481,"template":"","meta":{"_acf_changed":false,"inline_featured_image":false,"_monsterinsights_skip_tracking":false,"_monsterinsights_sitenote_active":false,"_monsterinsights_sitenote_note":"","_monsterinsights_sitenote_category":0},"product_brand":[195],"product_cat":[36],"product_tag":[],"department":[],"class_list":{"0":"post-8396","1":"product","2":"type-product","3":"status-publish","4":"has-post-thumbnail","6":"product_brand-jazzu","7":"product_cat-painting","9":"first","10":"outofstock","11":"shipping-taxable","12":"purchasable","13":"product-type-simple"},"acf":[],"_links":{"self":[{"href":"https:\/\/www.belart-gallery.com\/fr\/wp-json\/wp\/v2\/product\/8396","targetHints":{"allow":["GET"]}}],"collection":[{"href":"https:\/\/www.belart-gallery.com\/fr\/wp-json\/wp\/v2\/product"}],"about":[{"href":"https:\/\/www.belart-gallery.com\/fr\/wp-json\/wp\/v2\/types\/product"}],"wp:featuredmedia":[{"embeddable":true,"href":"https:\/\/www.belart-gallery.com\/fr\/wp-json\/wp\/v2\/media\/4481"}],"wp:attachment":[{"href":"https:\/\/www.belart-gallery.com\/fr\/wp-json\/wp\/v2\/media?parent=8396"}],"wp:term":[{"taxonomy":"product_brand","embeddable":true,"href":"https:\/\/www.belart-gallery.com\/fr\/wp-json\/wp\/v2\/product_brand?post=8396"},{"taxonomy":"product_cat","embeddable":true,"href":"https:\/\/www.belart-gallery.com\/fr\/wp-json\/wp\/v2\/product_cat?post=8396"},{"taxonomy":"product_tag","embeddable":true,"href":"https:\/\/www.belart-gallery.com\/fr\/wp-json\/wp\/v2\/product_tag?post=8396"},{"taxonomy":"department","embeddable":true,"href":"https:\/\/www.belart-gallery.com\/fr\/wp-json\/wp\/v2\/department?post=8396"}],"curies":[{"name":"wp","href":"https:\/\/api.w.org\/{rel}","templated":true}]}}