{"id":8398,"date":"2025-04-28T15:48:16","date_gmt":"2025-04-28T15:48:16","guid":{"rendered":"https:\/\/belart-gallery.com\/product-page\/fantastico\/"},"modified":"2025-10-03T02:56:31","modified_gmt":"2025-10-03T02:56:31","slug":"nikolaos-schizas-fantastico-200-x-160-cm","status":"publish","type":"product","link":"https:\/\/www.belart-gallery.com\/fr\/product-page\/nikolaos-schizas-fantastico-200-x-160-cm\/","title":{"rendered":"Fantastico"},"content":{"rendered":"<p>L'\u0153uvre peut \u00eatre retir\u00e9e \u00e0 la galerie BelArt \u00e0 Bruxelles, Belgique, ou peut \u00eatre livr\u00e9e \u00e0 l'adresse de votre choix dans un d\u00e9lai de 2 \u00e0 3 semaines apr\u00e8s la confirmation de votre commande. L'\u0153uvre est assur\u00e9e pendant le transport, il n'y a donc aucun risque. Origine : Belgique : Belgique.<\/p>\n<p>&nbsp;<\/p>\n<p><em>&#8220;Fantastico&#8221;<\/em> captures your attention with its bold explosion of colors in an <a href=\"https:\/\/www.belart-gallery.com\/fr\/abstract\" target=\"_blank\" rel=\"noopener\"><strong>abstrait<\/strong><\/a> expression that feels alive with movement. The canvas is filled with a symphony of reds, blues, and yellows that swirl together in dynamic, seemingly spontaneous patterns. <a href=\"https:\/\/www.belart-gallery.com\/fr\/nikolaos-schizas\/\" target=\"_blank\" rel=\"noopener\">Nikolaos Schizas<\/a> uses color not just as a visual tool, but as an emotional language, each hue vibrating with energy and creating a sense of joy and excitement that feels tangible.<\/p>\n<p>The large size of the piece gives it an immediate presence, filling the room with its vibrant intensity. Its scale allows for every brushstroke and splash of color to take on new meaning, inviting viewers to step closer and immerse themselves in the intricate details. The interplay of warm and cool tones across the canvas creates a fluid rhythm that constantly draws your eye, offering new perspectives with every glance.<\/p>\n<p>Le pr\u00e9sent <a href=\"https:\/\/www.belart-gallery.com\/fr\/large-size-art-living-room-modern-abstract-contemporary-wall-art-pop-art\/\" target=\"_blank\" rel=\"noopener\"><strong>grande taille<\/strong><\/a> work is perfect for contemporary spaces, where it can become the centerpiece of any room.<\/p>\n<p>&nbsp;<\/p>\n<p>With its dramatic scale and <a href=\"https:\/\/www.belart-gallery.com\/fr\/colorful-abstract-wall-art-large-modern\/\" target=\"_blank\" rel=\"noopener\"><strong>color\u00e9<\/strong><\/a> energy, <em>Fantastico<\/em> brings a burst of life to any collection. Explore <a href=\"https:\/\/www.belart-gallery.com\/fr\/nikolaos-schizas\/\" target=\"_blank\" rel=\"noopener\">Schizas<\/a>&#8216; unique approach to abstract art and experience how color becomes a living force in his work.<\/p>\n<p>&nbsp;<\/p>\n<p>L'\u0153uvre peut \u00eatre retir\u00e9e \u00e0 la galerie BelArt \u00e0 Bruxelles, Belgique, ou peut \u00eatre livr\u00e9e \u00e0 l'adresse de votre choix dans un d\u00e9lai de 2 \u00e0 3 semaines apr\u00e8s la confirmation de votre commande. L'\u0153uvre est assur\u00e9e pendant le transport, il n'y a donc aucun risque. Origine : Belgique : Belgique.<\/p>","protected":false},"excerpt":{"rendered":"<p>The artwork is available for pickup at BelArt Gallery in Brussels, Belgium, or it can be delivered to the address of your choice within 2 to 3 weeks after your order is confirmed. The artwork is insured during transportation, so there&#8217;s no risk. Origin: Belgium. &nbsp; &#8220;Fantastico&#8221; captures your attention with its bold explosion of [&hellip;]<\/p>","protected":false},"featured_media":4493,"template":"","meta":{"_acf_changed":false,"inline_featured_image":false,"_monsterinsights_skip_tracking":false,"_monsterinsights_sitenote_active":false,"_monsterinsights_sitenote_note":"","_monsterinsights_sitenote_category":0},"product_brand":[184],"product_cat":[27,36],"product_tag":[117,123,169],"department":[],"class_list":{"0":"post-8398","1":"product","2":"type-product","3":"status-publish","4":"has-post-thumbnail","6":"product_brand-nikolaos-schizas","7":"product_cat-abstract","8":"product_cat-painting","9":"product_tag-abstract-art","10":"product_tag-colorful-artwork","11":"product_tag-colors","12":"product_shipping_class-extra-large","14":"first","15":"instock","16":"sold-individually","17":"shipping-taxable","18":"purchasable","19":"product-type-simple"},"acf":[],"_links":{"self":[{"href":"https:\/\/www.belart-gallery.com\/fr\/wp-json\/wp\/v2\/product\/8398","targetHints":{"allow":["GET"]}}],"collection":[{"href":"https:\/\/www.belart-gallery.com\/fr\/wp-json\/wp\/v2\/product"}],"about":[{"href":"https:\/\/www.belart-gallery.com\/fr\/wp-json\/wp\/v2\/types\/product"}],"wp:featuredmedia":[{"embeddable":true,"href":"https:\/\/www.belart-gallery.com\/fr\/wp-json\/wp\/v2\/media\/4493"}],"wp:attachment":[{"href":"https:\/\/www.belart-gallery.com\/fr\/wp-json\/wp\/v2\/media?parent=8398"}],"wp:term":[{"taxonomy":"product_brand","embeddable":true,"href":"https:\/\/www.belart-gallery.com\/fr\/wp-json\/wp\/v2\/product_brand?post=8398"},{"taxonomy":"product_cat","embeddable":true,"href":"https:\/\/www.belart-gallery.com\/fr\/wp-json\/wp\/v2\/product_cat?post=8398"},{"taxonomy":"product_tag","embeddable":true,"href":"https:\/\/www.belart-gallery.com\/fr\/wp-json\/wp\/v2\/product_tag?post=8398"},{"taxonomy":"department","embeddable":true,"href":"https:\/\/www.belart-gallery.com\/fr\/wp-json\/wp\/v2\/department?post=8398"}],"curies":[{"name":"wp","href":"https:\/\/api.w.org\/{rel}","templated":true}]}}