{"id":8403,"date":"2025-04-28T15:48:17","date_gmt":"2025-04-28T15:48:17","guid":{"rendered":"https:\/\/belart-gallery.com\/product-page\/battre-le-coeur-dans-nos-idees-folles\/"},"modified":"2026-02-27T22:53:09","modified_gmt":"2026-02-27T22:53:09","slug":"jazzu-art-battre-le-coeur-dans-nos-idees-folles-89-x-116-cm","status":"publish","type":"product","link":"https:\/\/www.belart-gallery.com\/fr\/product-page\/jazzu-art-battre-le-coeur-dans-nos-idees-folles-89-x-116-cm\/","title":{"rendered":"Battre le c\u0153ur dans nos id\u00e9es folles"},"content":{"rendered":"<p>L'\u0153uvre peut \u00eatre retir\u00e9e \u00e0 la galerie BelArt \u00e0 Bruxelles, Belgique, ou peut \u00eatre livr\u00e9e \u00e0 l'adresse de votre choix dans un d\u00e9lai de 2 \u00e0 3 semaines apr\u00e8s la confirmation de votre commande. L'\u0153uvre est assur\u00e9e pendant le transport, il n'y a donc aucun risque. Origine : Belgique : Belgique.<\/p>\n<p>&nbsp;<\/p>\n<p>\"Battre le c\u0153ur dans nos id\u00e9es folles\" par <a href=\"https:\/\/www.belart-gallery.com\/fr\/jazzu\/\" target=\"_blank\" rel=\"noopener\">Jazzu<\/a> est un portrait puissant, un t\u00e9moignage visuel de l'esprit sauvage qui consiste \u00e0 poursuivre ses r\u00eaves avec une passion intr\u00e9pide. Cette \u0153uvre ne se contente pas de d\u00e9peindre des personnages ; elle donne vie \u00e0 l'\u00e9motion et \u00e0 la motivation qui sous-tendent l'acte de poursuivre ses id\u00e9es les plus folles. La composition dynamique semble vibrer d'\u00e9nergie, comme si les personnages eux-m\u00eames dansaient au rythme de leurs propres d\u00e9sirs, sans se soucier des doutes ou des conventions. L'utilisation audacieuse de la couleur et des formes expressives attire le spectateur, cr\u00e9ant une connexion presque \u00e9lectrique avec le battement de c\u0153ur de l'\u0153uvre.<\/p>\n<p><a href=\"https:\/\/www.belart-gallery.com\/fr\/jazzu\/\" target=\"_blank\" rel=\"noopener\">Jazzu<\/a>'s <a href=\"https:\/\/www.belart-gallery.com\/fr\/outsider-art\/\" target=\"_blank\" rel=\"noopener\"><strong>l'art de l'outsider<\/strong><\/a> Le style de l'artiste transpara\u00eet dans l'\u00e9motion brute, non filtr\u00e9e, captur\u00e9e sur la toile. Les figures, bien qu'abstraites et simplifi\u00e9es, transmettent une authenticit\u00e9 qui parle directement au c\u0153ur. L'art textur\u00e9 ajoute de la profondeur et de la dimension, invitant le spectateur \u00e0 explorer les couches physiques et \u00e9motionnelles de l'\u0153uvre. Les mots et les phrases griffonn\u00e9s de Jazzu \u00e9voquent un sentiment d'optimisme rebelle, incitant le spectateur \u00e0 r\u00e9fl\u00e9chir \u00e0 ses propres r\u00eaves et \u00e0 les poursuivre avec courage et conviction.<\/p>\n<p>Plongez au c\u0153ur de <a href=\"https:\/\/www.belart-gallery.com\/fr\/jazzu\/\" target=\"_blank\" rel=\"noopener\">Jazzu<\/a>Le monde de l'expression <a href=\"https:\/\/www.belart-gallery.com\/fr\/portrait\/\" target=\"_blank\" rel=\"noopener\"><strong>portrait<\/strong><\/a> et d\u00e9couvrez comment leur style artistique distinctif d\u00e9fie les fronti\u00e8res et vous invite \u00e0 vivre passionn\u00e9ment, comme le font les personnages de \"Battre le c\u0153ur dans nos id\u00e9es folles\".<\/p>\n<p>&nbsp;<\/p>\n<div>\n<div>\n<div>\n<div>\n<div>\n<div><\/div>\n<\/div>\n<\/div>\n<\/div>\n<\/div>\n<\/div>\n<p>&nbsp;<\/p>","protected":false},"excerpt":{"rendered":"<p>The artwork is available for pickup at BelArt Gallery in Brussels, Belgium, or it can be delivered to the address of your choice within 2 to 3 weeks after your order is confirmed. The artwork is insured during transportation, so there&#8217;s no risk. Origin: Belgium. &nbsp; &#8220;Battre le c\u0153ur dans nos id\u00e9es folles&#8221; by Jazzu [&hellip;]<\/p>","protected":false},"featured_media":4530,"template":"","meta":{"_acf_changed":false,"inline_featured_image":false,"_monsterinsights_skip_tracking":false,"_monsterinsights_sitenote_active":false,"_monsterinsights_sitenote_note":"","_monsterinsights_sitenote_category":0},"product_brand":[195],"product_cat":[167,33,36],"product_tag":[123,169,168,134,170],"department":[],"class_list":{"0":"post-8403","1":"product","2":"type-product","3":"status-publish","4":"has-post-thumbnail","6":"product_brand-jazzu","7":"product_cat-figurative","8":"product_cat-outsider-art","9":"product_cat-painting","10":"product_tag-colorful-artwork","11":"product_tag-colors","12":"product_tag-friends","13":"product_tag-portrait","14":"product_tag-text","15":"product_shipping_class-large","17":"first","18":"instock","19":"shipping-taxable","20":"purchasable","21":"product-type-simple"},"acf":[],"_links":{"self":[{"href":"https:\/\/www.belart-gallery.com\/fr\/wp-json\/wp\/v2\/product\/8403","targetHints":{"allow":["GET"]}}],"collection":[{"href":"https:\/\/www.belart-gallery.com\/fr\/wp-json\/wp\/v2\/product"}],"about":[{"href":"https:\/\/www.belart-gallery.com\/fr\/wp-json\/wp\/v2\/types\/product"}],"version-history":[{"count":0,"href":"https:\/\/www.belart-gallery.com\/fr\/wp-json\/wp\/v2\/product\/8403\/revisions"}],"wp:featuredmedia":[{"embeddable":true,"href":"https:\/\/www.belart-gallery.com\/fr\/wp-json\/wp\/v2\/media\/4530"}],"wp:attachment":[{"href":"https:\/\/www.belart-gallery.com\/fr\/wp-json\/wp\/v2\/media?parent=8403"}],"wp:term":[{"taxonomy":"product_brand","embeddable":true,"href":"https:\/\/www.belart-gallery.com\/fr\/wp-json\/wp\/v2\/product_brand?post=8403"},{"taxonomy":"product_cat","embeddable":true,"href":"https:\/\/www.belart-gallery.com\/fr\/wp-json\/wp\/v2\/product_cat?post=8403"},{"taxonomy":"product_tag","embeddable":true,"href":"https:\/\/www.belart-gallery.com\/fr\/wp-json\/wp\/v2\/product_tag?post=8403"},{"taxonomy":"department","embeddable":true,"href":"https:\/\/www.belart-gallery.com\/fr\/wp-json\/wp\/v2\/department?post=8403"}],"curies":[{"name":"wp","href":"https:\/\/api.w.org\/{rel}","templated":true}]}}