{"id":8427,"date":"2025-04-28T15:48:21","date_gmt":"2025-04-28T15:48:21","guid":{"rendered":"https:\/\/belart-gallery.com\/product-page\/my-tomorrow-depends-on-me-light-peach-sunrise-sea\/"},"modified":"2026-02-04T04:31:33","modified_gmt":"2026-02-04T04:31:33","slug":"my-tomorrow-depends-on-me-light-peach-sunrise-sea","status":"publish","type":"product","link":"https:\/\/www.belart-gallery.com\/fr\/product-page\/my-tomorrow-depends-on-me-light-peach-sunrise-sea\/","title":{"rendered":"My tomorrow depends on me (light peach sunrise sea)"},"content":{"rendered":"<p>L'\u0153uvre peut \u00eatre retir\u00e9e \u00e0 la galerie BelArt \u00e0 Bruxelles, Belgique, ou peut \u00eatre livr\u00e9e \u00e0 l'adresse de votre choix dans un d\u00e9lai de 2 \u00e0 3 semaines apr\u00e8s la confirmation de votre commande. L'\u0153uvre est assur\u00e9e pendant le transport, il n'y a donc aucun risque. Origine : Belgique : Belgique.<\/p>\n<p>&nbsp;<\/p>\n<p>This artwork is exclusive to Belart Gallery. It will be shipped rolled in a dent-resistant tube. This method is particularly safe for large pieces and also reduces shipping costs. Upon arrival, rolled artworks can be easily stretched (for canvas pieces, this means placing them onto wooden stretcher bars) and\/or framed by a local framer.<\/p>\n<p>This painting is made using multi-layer paint technique. Painting style &#8211; the paint is applied in threads. The threads of paint seem to intertwine, creating their own canvas. Painting is made using multi-layer paint technique. A million multi-colored splashes dry before each subsequent coat of a colored the threads of paint is applied. In general, the painting has more then 50 layers of the application of colorful splashes.<\/p>","protected":false},"excerpt":{"rendered":"<p>The artwork is available for pickup at BelArt Gallery in Brussels, Belgium, or it can be delivered to the address of your choice within 2 to 3 weeks after your order is confirmed. The artwork is insured during transportation, so there&#8217;s no risk. Origin: Belgium. &nbsp; This artwork is exclusive to Belart Gallery. It will [&hellip;]<\/p>","protected":false},"featured_media":4688,"template":"","meta":{"_acf_changed":false,"inline_featured_image":false,"_monsterinsights_skip_tracking":false,"_monsterinsights_sitenote_active":false,"_monsterinsights_sitenote_note":"","_monsterinsights_sitenote_category":0},"product_brand":[187],"product_cat":[27,36],"product_tag":[117,123,169,129,247,139],"department":[],"class_list":{"0":"post-8427","1":"product","2":"type-product","3":"status-publish","4":"has-post-thumbnail","6":"product_brand-nadin-antoniuk","7":"product_cat-abstract","8":"product_cat-painting","9":"product_tag-abstract-art","10":"product_tag-colorful-artwork","11":"product_tag-colors","12":"product_tag-landscape-artwork","13":"product_tag-seascape","14":"product_tag-textured-art","15":"product_shipping_class-extra-large","17":"first","18":"instock","19":"sold-individually","20":"shipping-taxable","21":"purchasable","22":"product-type-simple"},"acf":[],"_links":{"self":[{"href":"https:\/\/www.belart-gallery.com\/fr\/wp-json\/wp\/v2\/product\/8427","targetHints":{"allow":["GET"]}}],"collection":[{"href":"https:\/\/www.belart-gallery.com\/fr\/wp-json\/wp\/v2\/product"}],"about":[{"href":"https:\/\/www.belart-gallery.com\/fr\/wp-json\/wp\/v2\/types\/product"}],"wp:featuredmedia":[{"embeddable":true,"href":"https:\/\/www.belart-gallery.com\/fr\/wp-json\/wp\/v2\/media\/4688"}],"wp:attachment":[{"href":"https:\/\/www.belart-gallery.com\/fr\/wp-json\/wp\/v2\/media?parent=8427"}],"wp:term":[{"taxonomy":"product_brand","embeddable":true,"href":"https:\/\/www.belart-gallery.com\/fr\/wp-json\/wp\/v2\/product_brand?post=8427"},{"taxonomy":"product_cat","embeddable":true,"href":"https:\/\/www.belart-gallery.com\/fr\/wp-json\/wp\/v2\/product_cat?post=8427"},{"taxonomy":"product_tag","embeddable":true,"href":"https:\/\/www.belart-gallery.com\/fr\/wp-json\/wp\/v2\/product_tag?post=8427"},{"taxonomy":"department","embeddable":true,"href":"https:\/\/www.belart-gallery.com\/fr\/wp-json\/wp\/v2\/department?post=8427"}],"curies":[{"name":"wp","href":"https:\/\/api.w.org\/{rel}","templated":true}]}}