{"id":8428,"date":"2025-04-28T15:48:21","date_gmt":"2025-04-28T15:48:21","guid":{"rendered":"https:\/\/belart-gallery.com\/product-page\/one-lily-white\/"},"modified":"2026-02-04T04:32:20","modified_gmt":"2026-02-04T04:32:20","slug":"nadin-antoniuk-one-lily-white-90-x-125-cm","status":"publish","type":"product","link":"https:\/\/www.belart-gallery.com\/fr\/product-page\/nadin-antoniuk-one-lily-white-90-x-125-cm\/","title":{"rendered":"One lily white"},"content":{"rendered":"<p>L'\u0153uvre peut \u00eatre retir\u00e9e \u00e0 la galerie BelArt \u00e0 Bruxelles, Belgique, ou peut \u00eatre livr\u00e9e \u00e0 l'adresse de votre choix dans un d\u00e9lai de 2 \u00e0 3 semaines apr\u00e8s la confirmation de votre commande. L'\u0153uvre est assur\u00e9e pendant le transport, il n'y a donc aucun risque. Origine : Belgique : Belgique.<\/p>\n<p>&nbsp;<\/p>\n<p>This artwork is exclusive to Belart Gallery. It will be shipped rolled in a dent-resistant tube. This method is particularly safe for large pieces and also reduces shipping costs. Upon arrival, rolled artworks can be easily stretched (for canvas pieces, this means placing them onto wooden stretcher bars) and\/or framed by a local framer.<\/p>\n<p>The sky was a midnight-blue, like warm, deep, blue water, and the moon seemed to lie on it like a water-lily, floating forward with an invisible current.<br \/>\nThis is how the artist Claude Monet wrote about water lilies.<br \/>\nIt took me time to understand my water lilies. I had planted them for the pleasure of it; I grew them without ever thinking of painting them.<\/p>","protected":false},"excerpt":{"rendered":"<p>The artwork is available for pickup at BelArt Gallery in Brussels, Belgium, or it can be delivered to the address of your choice within 2 to 3 weeks after your order is confirmed. The artwork is insured during transportation, so there&#8217;s no risk. Origin: Belgium. &nbsp; This artwork is exclusive to Belart Gallery. It will [&hellip;]<\/p>","protected":false},"featured_media":4695,"template":"","meta":{"_acf_changed":false,"inline_featured_image":false,"_monsterinsights_skip_tracking":false,"_monsterinsights_sitenote_active":false,"_monsterinsights_sitenote_note":"","_monsterinsights_sitenote_category":0},"product_brand":[187],"product_cat":[36],"product_tag":[169,127,129,139],"department":[],"class_list":{"0":"post-8428","1":"product","2":"type-product","3":"status-publish","4":"has-post-thumbnail","6":"product_brand-nadin-antoniuk","7":"product_cat-painting","8":"product_tag-colors","9":"product_tag-floral","10":"product_tag-landscape-artwork","11":"product_tag-textured-art","12":"product_shipping_class-large","14":"first","15":"instock","16":"sold-individually","17":"shipping-taxable","18":"purchasable","19":"product-type-simple"},"acf":[],"_links":{"self":[{"href":"https:\/\/www.belart-gallery.com\/fr\/wp-json\/wp\/v2\/product\/8428","targetHints":{"allow":["GET"]}}],"collection":[{"href":"https:\/\/www.belart-gallery.com\/fr\/wp-json\/wp\/v2\/product"}],"about":[{"href":"https:\/\/www.belart-gallery.com\/fr\/wp-json\/wp\/v2\/types\/product"}],"wp:featuredmedia":[{"embeddable":true,"href":"https:\/\/www.belart-gallery.com\/fr\/wp-json\/wp\/v2\/media\/4695"}],"wp:attachment":[{"href":"https:\/\/www.belart-gallery.com\/fr\/wp-json\/wp\/v2\/media?parent=8428"}],"wp:term":[{"taxonomy":"product_brand","embeddable":true,"href":"https:\/\/www.belart-gallery.com\/fr\/wp-json\/wp\/v2\/product_brand?post=8428"},{"taxonomy":"product_cat","embeddable":true,"href":"https:\/\/www.belart-gallery.com\/fr\/wp-json\/wp\/v2\/product_cat?post=8428"},{"taxonomy":"product_tag","embeddable":true,"href":"https:\/\/www.belart-gallery.com\/fr\/wp-json\/wp\/v2\/product_tag?post=8428"},{"taxonomy":"department","embeddable":true,"href":"https:\/\/www.belart-gallery.com\/fr\/wp-json\/wp\/v2\/department?post=8428"}],"curies":[{"name":"wp","href":"https:\/\/api.w.org\/{rel}","templated":true}]}}