{"id":8429,"date":"2025-04-28T15:48:21","date_gmt":"2025-04-28T15:48:21","guid":{"rendered":"https:\/\/belart-gallery.com\/product-page\/whispers-at-the-edge-of-daybreak-seaguls-and-red-sunset\/"},"modified":"2025-07-10T13:36:40","modified_gmt":"2025-07-10T13:36:40","slug":"whispers-at-the-edge-of-daybreak-seaguls-and-red-sunset","status":"publish","type":"product","link":"https:\/\/www.belart-gallery.com\/fr\/product-page\/whispers-at-the-edge-of-daybreak-seaguls-and-red-sunset\/","title":{"rendered":"Whispers at the Edge of Daybreak (Seaguls and red sunset)"},"content":{"rendered":"<p>L'\u0153uvre peut \u00eatre retir\u00e9e \u00e0 la galerie BelArt \u00e0 Bruxelles, Belgique, ou peut \u00eatre livr\u00e9e \u00e0 l'adresse de votre choix dans un d\u00e9lai de 2 \u00e0 3 semaines apr\u00e8s la confirmation de votre commande. L'\u0153uvre est assur\u00e9e pendant le transport, il n'y a donc aucun risque. Origine : Belgique : Belgique.<\/p>\n<p>&nbsp;<\/p>\n<p>At the edge of dawn, where darkness still holds its last strongholds, whispers can be heard. It&#8217;s the moment when night gives way to light, and the mysterious voices of nature begin to reveal their secrets. A seagull soars through the air, meeting the first rays of the sun, its cry like an invisible accompaniment to this natural ballet of time. At the edge of dawn, the meeting of two worlds occurs \u2014 the dark and the light, the past and the future \u2014 and these whispers on the brink of sunrise carry with them an unexplored romantic world, full of philosophical allure.<\/p>\n<p>TECHNIQUE:<\/p>\n<p>Painting is made using multi-layer paint technique. Painting style &#8211; the paint is applied in threads. The threads of paint seem to intertwine, creating their own canvas. Painting is made using multi-layer paint technique. A million multi-colored splashes dry before each subsequent coat of a colored the threads of paint is applied. In general, the painting has more then 50 layers of the application of colorful splashes.<\/p>\n<p>Not stretched.<\/p>\n<p>You&#8217;ll receive it rolled, in a tube. Ready for stretching. I recommend stretching your print in a local custom framing shop. It will be the most affordable and easy way for you to get a big stretched canvas.<\/p>","protected":false},"excerpt":{"rendered":"<p>The artwork is available for pickup at BelArt Gallery in Brussels, Belgium, or it can be delivered to the address of your choice within 2 to 3 weeks after your order is confirmed. The artwork is insured during transportation, so there&#8217;s no risk. Origin: Belgium. &nbsp; At the edge of dawn, where darkness still holds [&hellip;]<\/p>","protected":false},"featured_media":4702,"template":"","meta":{"_acf_changed":false,"inline_featured_image":false,"_monsterinsights_skip_tracking":false,"_monsterinsights_sitenote_active":false,"_monsterinsights_sitenote_note":"","_monsterinsights_sitenote_category":0},"product_brand":[187],"product_cat":[36],"product_tag":[123,129,247,139],"department":[],"class_list":{"0":"post-8429","1":"product","2":"type-product","3":"status-publish","4":"has-post-thumbnail","6":"product_brand-nadin-antoniuk","7":"product_cat-painting","8":"product_tag-colorful-artwork","9":"product_tag-landscape-artwork","10":"product_tag-seascape","11":"product_tag-textured-art","12":"product_shipping_class-extra-large","14":"first","15":"instock","16":"sold-individually","17":"shipping-taxable","18":"purchasable","19":"product-type-simple"},"acf":[],"_links":{"self":[{"href":"https:\/\/www.belart-gallery.com\/fr\/wp-json\/wp\/v2\/product\/8429","targetHints":{"allow":["GET"]}}],"collection":[{"href":"https:\/\/www.belart-gallery.com\/fr\/wp-json\/wp\/v2\/product"}],"about":[{"href":"https:\/\/www.belart-gallery.com\/fr\/wp-json\/wp\/v2\/types\/product"}],"wp:featuredmedia":[{"embeddable":true,"href":"https:\/\/www.belart-gallery.com\/fr\/wp-json\/wp\/v2\/media\/4702"}],"wp:attachment":[{"href":"https:\/\/www.belart-gallery.com\/fr\/wp-json\/wp\/v2\/media?parent=8429"}],"wp:term":[{"taxonomy":"product_brand","embeddable":true,"href":"https:\/\/www.belart-gallery.com\/fr\/wp-json\/wp\/v2\/product_brand?post=8429"},{"taxonomy":"product_cat","embeddable":true,"href":"https:\/\/www.belart-gallery.com\/fr\/wp-json\/wp\/v2\/product_cat?post=8429"},{"taxonomy":"product_tag","embeddable":true,"href":"https:\/\/www.belart-gallery.com\/fr\/wp-json\/wp\/v2\/product_tag?post=8429"},{"taxonomy":"department","embeddable":true,"href":"https:\/\/www.belart-gallery.com\/fr\/wp-json\/wp\/v2\/department?post=8429"}],"curies":[{"name":"wp","href":"https:\/\/api.w.org\/{rel}","templated":true}]}}