{"id":8430,"date":"2025-04-28T15:48:21","date_gmt":"2025-04-28T15:48:21","guid":{"rendered":"https:\/\/belart-gallery.com\/product-page\/katharsis\/"},"modified":"2025-10-03T02:59:00","modified_gmt":"2025-10-03T02:59:00","slug":"katharsis-nikolaos-schizas","status":"publish","type":"product","link":"https:\/\/www.belart-gallery.com\/fr\/product-page\/katharsis-nikolaos-schizas\/","title":{"rendered":"Katharsis"},"content":{"rendered":"<p>L'\u0153uvre peut \u00eatre retir\u00e9e \u00e0 la galerie BelArt \u00e0 Bruxelles, Belgique, ou peut \u00eatre livr\u00e9e \u00e0 l'adresse de votre choix dans un d\u00e9lai de 2 \u00e0 3 semaines apr\u00e8s la confirmation de votre commande. L'\u0153uvre est assur\u00e9e pendant le transport, il n'y a donc aucun risque. Origine : Belgique : Belgique.<\/p>\n<p>&nbsp;<\/p>\n<p><em>&#8220;Katharsis&#8221;<\/em> immediately captures your attention with its commanding presence and emotive use of color. The interplay of deep reds and vibrant greens creates a palpable energy, while the touches of yellow add a bright, almost electric quality. The colors shift and swirl, pulling you into a dynamic visual narrative that is both intense and thought-provoking.<\/p>\n<p>Le <a href=\"https:\/\/www.belart-gallery.com\/fr\/abstract\" target=\"_blank\" rel=\"noopener\"><strong>abstrait<\/strong><\/a> technique employed here showcases the artist\u2019s ability to evoke raw emotion through simple, yet powerful, color choices. The <a href=\"https:\/\/www.belart-gallery.com\/fr\/large-size-art-living-room-modern-abstract-contemporary-wall-art-pop-art\/\" target=\"_blank\" rel=\"noopener\"><strong>grande taille<\/strong><\/a> of the piece ensures it becomes a focal point in any space, making a bold statement while allowing for personal reflection. The work\u2019s composition is both chaotic and harmonious, suggesting movement and transformation that invites viewers to interpret it in their own way.<\/p>\n<p>&nbsp;<\/p>\n<p>For those drawn to art that speaks with intensity, &#8220;<em>Katharsis&#8221;<\/em> is an unforgettable piece. Explore more of <a href=\"https:\/\/www.belart-gallery.com\/fr\/nikolaos-schizas\/\" target=\"_blank\" rel=\"noopener\">Nikolaos Schizas<\/a>\u2019 expressive works to discover how his unique vision can transform your environment.<\/p>\n<p>&nbsp;<\/p>\n<p>&nbsp;<\/p>\n<p>&nbsp;<\/p>\n<div>\n<div>\n<div>\n<div>\n<div>\n<div><\/div>\n<\/div>\n<\/div>\n<\/div>\n<\/div>\n<\/div>\n<p>&nbsp;<\/p>","protected":false},"excerpt":{"rendered":"<p>The artwork is available for pickup at BelArt Gallery in Brussels, Belgium, or it can be delivered to the address of your choice within 2 to 3 weeks after your order is confirmed. The artwork is insured during transportation, so there&#8217;s no risk. Origin: Belgium. &nbsp; &#8220;Katharsis&#8221; immediately captures your attention with its commanding presence [&hellip;]<\/p>","protected":false},"featured_media":4709,"template":"","meta":{"_acf_changed":false,"inline_featured_image":false,"_monsterinsights_skip_tracking":false,"_monsterinsights_sitenote_active":false,"_monsterinsights_sitenote_note":"","_monsterinsights_sitenote_category":0},"product_brand":[184],"product_cat":[27,36],"product_tag":[117,123,169],"department":[],"class_list":{"0":"post-8430","1":"product","2":"type-product","3":"status-publish","4":"has-post-thumbnail","6":"product_brand-nikolaos-schizas","7":"product_cat-abstract","8":"product_cat-painting","9":"product_tag-abstract-art","10":"product_tag-colorful-artwork","11":"product_tag-colors","12":"product_shipping_class-extra-large","14":"first","15":"instock","16":"sold-individually","17":"shipping-taxable","18":"purchasable","19":"product-type-simple"},"acf":[],"_links":{"self":[{"href":"https:\/\/www.belart-gallery.com\/fr\/wp-json\/wp\/v2\/product\/8430","targetHints":{"allow":["GET"]}}],"collection":[{"href":"https:\/\/www.belart-gallery.com\/fr\/wp-json\/wp\/v2\/product"}],"about":[{"href":"https:\/\/www.belart-gallery.com\/fr\/wp-json\/wp\/v2\/types\/product"}],"wp:featuredmedia":[{"embeddable":true,"href":"https:\/\/www.belart-gallery.com\/fr\/wp-json\/wp\/v2\/media\/4709"}],"wp:attachment":[{"href":"https:\/\/www.belart-gallery.com\/fr\/wp-json\/wp\/v2\/media?parent=8430"}],"wp:term":[{"taxonomy":"product_brand","embeddable":true,"href":"https:\/\/www.belart-gallery.com\/fr\/wp-json\/wp\/v2\/product_brand?post=8430"},{"taxonomy":"product_cat","embeddable":true,"href":"https:\/\/www.belart-gallery.com\/fr\/wp-json\/wp\/v2\/product_cat?post=8430"},{"taxonomy":"product_tag","embeddable":true,"href":"https:\/\/www.belart-gallery.com\/fr\/wp-json\/wp\/v2\/product_tag?post=8430"},{"taxonomy":"department","embeddable":true,"href":"https:\/\/www.belart-gallery.com\/fr\/wp-json\/wp\/v2\/department?post=8430"}],"curies":[{"name":"wp","href":"https:\/\/api.w.org\/{rel}","templated":true}]}}