{"id":8431,"date":"2025-04-28T15:48:21","date_gmt":"2025-04-28T15:48:21","guid":{"rendered":"https:\/\/belart-gallery.com\/product-page\/arcoiris\/"},"modified":"2025-10-03T02:50:59","modified_gmt":"2025-10-03T02:50:59","slug":"nikolaos-schizas-arcoiris-146-x-114-cm","status":"publish","type":"product","link":"https:\/\/www.belart-gallery.com\/fr\/product-page\/nikolaos-schizas-arcoiris-146-x-114-cm\/","title":{"rendered":"Arcoiris"},"content":{"rendered":"<p>L'\u0153uvre peut \u00eatre retir\u00e9e \u00e0 la galerie BelArt \u00e0 Bruxelles, Belgique, ou peut \u00eatre livr\u00e9e \u00e0 l'adresse de votre choix dans un d\u00e9lai de 2 \u00e0 3 semaines apr\u00e8s la confirmation de votre commande. L'\u0153uvre est assur\u00e9e pendant le transport, il n'y a donc aucun risque. Origine : Belgique : Belgique.<\/p>\n<p>&nbsp;<\/p>\n<p><em>\"Archoiris<\/em> captive imm\u00e9diatement le spectateur par son utilisation brillante de la couleur, cr\u00e9ant une atmosph\u00e8re dynamique qui semble \u00e0 la fois vivante et d\u00e9termin\u00e9e. Chaque teinte est judicieusement plac\u00e9e, vous entra\u00eenant dans un voyage visuel qui tient autant du rythme que de l'expression. L'\u0153uvre d'art ressemble \u00e0 une danse \u00e9nergique de couleurs, pleine de mouvement mais harmonieusement \u00e9quilibr\u00e9e.<\/p>\n<p>Le <a href=\"https:\/\/www.belart-gallery.com\/fr\/abstract\" target=\"_blank\" rel=\"noopener\"><strong>abstrait<\/strong><\/a> technique employ\u00e9e dans les <em>Archoiris<\/em> permet \u00e0 l'artiste de transmettre des \u00e9motions par l'utilisation audacieuse de la couleur et de la forme. Les rouges riches, les verts profonds et les jaunes ensoleill\u00e9s se fondent harmonieusement les uns dans les autres, cr\u00e9ant une symphonie visuelle qui \u00e9voque un sentiment d'\u00e9nergie et de dynamisme. La composition donne \u00e0 l'\u0153uvre un sens unique de fluidit\u00e9, invitant le spectateur \u00e0 explorer chaque d\u00e9tail. La composition donne un sens unique \u00e0 la pi\u00e8ce, invitant le spectateur \u00e0 explorer chaque d\u00e9tail. <a href=\"https:\/\/www.belart-gallery.com\/fr\/large-size-art-living-room-modern-abstract-contemporary-wall-art-pop-art\/\" target=\"_blank\" rel=\"noopener\"><strong>grande taille<\/strong><\/a> L'\u0153uvre exige de l'attention, son \u00e9chelle renfor\u00e7ant l'exp\u00e9rience immersive.<\/p>\n<p>&nbsp;<\/p>\n<p>Cette \u0153uvre d'art est une c\u00e9l\u00e9bration du pouvoir de la couleur \u00e0 relier et \u00e0 transformer l'espace. \u00c0 chaque regard, de nouvelles nuances sont r\u00e9v\u00e9l\u00e9es, offrant de nouvelles perspectives. Explorez d'autres \u0153uvres d'art <a href=\"https:\/\/www.belart-gallery.com\/fr\/nikolaos-schizas\/\" target=\"_blank\" rel=\"noopener\">Nikolaos Schizas<\/a>Les \u0153uvres abstraites de l'artiste vous plongeront dans les couches d'\u00e9motion qu'il tisse dans ses compositions vibrantes.<\/p>\n<p>&nbsp;<\/p>\n<p>&nbsp;<\/p>","protected":false},"excerpt":{"rendered":"<p>The artwork is available for pickup at BelArt Gallery in Brussels, Belgium, or it can be delivered to the address of your choice within 2 to 3 weeks after your order is confirmed. The artwork is insured during transportation, so there&#8217;s no risk. Origin: Belgium. &nbsp; &#8220;Archoiris&#8221; immediately captivates the viewer with its brilliant use [&hellip;]<\/p>","protected":false},"featured_media":4716,"template":"","meta":{"_acf_changed":false,"inline_featured_image":false,"_monsterinsights_skip_tracking":false,"_monsterinsights_sitenote_active":false,"_monsterinsights_sitenote_note":"","_monsterinsights_sitenote_category":0},"product_brand":[184],"product_cat":[27,36],"product_tag":[117,123,169],"department":[],"class_list":{"0":"post-8431","1":"product","2":"type-product","3":"status-publish","4":"has-post-thumbnail","6":"product_brand-nikolaos-schizas","7":"product_cat-abstract","8":"product_cat-painting","9":"product_tag-abstract-art","10":"product_tag-colorful-artwork","11":"product_tag-colors","12":"product_shipping_class-extra-large","14":"first","15":"instock","16":"sold-individually","17":"shipping-taxable","18":"purchasable","19":"product-type-simple"},"acf":[],"_links":{"self":[{"href":"https:\/\/www.belart-gallery.com\/fr\/wp-json\/wp\/v2\/product\/8431","targetHints":{"allow":["GET"]}}],"collection":[{"href":"https:\/\/www.belart-gallery.com\/fr\/wp-json\/wp\/v2\/product"}],"about":[{"href":"https:\/\/www.belart-gallery.com\/fr\/wp-json\/wp\/v2\/types\/product"}],"wp:featuredmedia":[{"embeddable":true,"href":"https:\/\/www.belart-gallery.com\/fr\/wp-json\/wp\/v2\/media\/4716"}],"wp:attachment":[{"href":"https:\/\/www.belart-gallery.com\/fr\/wp-json\/wp\/v2\/media?parent=8431"}],"wp:term":[{"taxonomy":"product_brand","embeddable":true,"href":"https:\/\/www.belart-gallery.com\/fr\/wp-json\/wp\/v2\/product_brand?post=8431"},{"taxonomy":"product_cat","embeddable":true,"href":"https:\/\/www.belart-gallery.com\/fr\/wp-json\/wp\/v2\/product_cat?post=8431"},{"taxonomy":"product_tag","embeddable":true,"href":"https:\/\/www.belart-gallery.com\/fr\/wp-json\/wp\/v2\/product_tag?post=8431"},{"taxonomy":"department","embeddable":true,"href":"https:\/\/www.belart-gallery.com\/fr\/wp-json\/wp\/v2\/department?post=8431"}],"curies":[{"name":"wp","href":"https:\/\/api.w.org\/{rel}","templated":true}]}}