{"id":8453,"date":"2025-04-28T15:48:24","date_gmt":"2025-04-28T15:48:24","guid":{"rendered":"https:\/\/belart-gallery.com\/product-page\/aucun-soucis\/"},"modified":"2026-02-03T04:10:20","modified_gmt":"2026-02-03T04:10:20","slug":"jazzu-aucun-soucis-105-x-35-cm","status":"publish","type":"product","link":"https:\/\/www.belart-gallery.com\/fr\/product-page\/jazzu-aucun-soucis-105-x-35-cm\/","title":{"rendered":"Aucun soucis"},"content":{"rendered":"<p>L'\u0153uvre peut \u00eatre retir\u00e9e \u00e0 la galerie BelArt \u00e0 Bruxelles, Belgique, ou peut \u00eatre livr\u00e9e \u00e0 l'adresse de votre choix dans un d\u00e9lai de 2 \u00e0 3 semaines apr\u00e8s la confirmation de votre commande. L'\u0153uvre est assur\u00e9e pendant le transport, il n'y a donc aucun risque. Origine : Belgique : Belgique.<\/p>\n<div>\n<div><\/div>\n<p>Au premier coup d'\u0153il, ils se d\u00e9tournent. Mais regardez \u00e0 nouveau. Il y a quelque chose de d\u00e9fiant dans cette posture. Quelque chose de tacite, mais qu'il est impossible d'ignorer.<\/p>\n<p><em>\"Aucun soucis,\"<\/em> par <a href=\"https:\/\/www.belart-gallery.com\/fr\/jazzu\" target=\"_blank\" rel=\"noopener\">Jazzu<\/a>est une \u00e9tude de la contradiction. La figure, avec son cou allong\u00e9 et ses traits simplifi\u00e9s, est \u00e0 la fois \u00e9l\u00e9gante et brute. La texture est rugueuse, les coups de pinceau visibles, comme si l'artiste avait laiss\u00e9 derri\u00e8re lui les traces d'une pens\u00e9e, d'une h\u00e9sitation, d'un moment de v\u00e9rit\u00e9. Et puis la couleur. Des \u00e9claboussures de rose, de bleu, de jaune. Ludiques, presque rebelles par rapport aux tons sourds du corps. C'est comme si la peinture elle-m\u00eame refusait d'\u00eatre enferm\u00e9e.<\/p>\n<p>Le texte manuscrit, <em>\"Sans soucis la vie<\/em> (Pas de soucis, la vie), se lit comme une d\u00e9claration tranquille. Mais le personnage y croit-il ? La pose est introspective, le placement l\u00e9g\u00e8rement d\u00e9centr\u00e9, ce qui ajoute \u00e0 la tension. C'est plus qu'un simple <a href=\"https:\/\/www.belart-gallery.com\/fr\/portrait\" target=\"_blank\" rel=\"noopener\"><strong>portrait<\/strong><\/a>. C'est une m\u00e9ditation sur l'identit\u00e9, sur la r\u00e9silience, sur ce que signifie \u00eatre vu. Les couches de <strong>art textur\u00e9<\/strong> vous invite \u00e0 vous rapprocher, vous donne envie de tendre la main, de sentir l'\u00e9nergie sous la peinture.<\/p>\n<p>&nbsp;<\/p>\n<p>Ce travail est en r\u00e9sonance avec l'esprit de <strong><a href=\"https:\/\/www.belart-gallery.com\/fr\/outsider-art\/?Style=Contemporary\" target=\"_blank\" rel=\"noopener\">Art brut<\/a>,\u00a0<\/strong>brut, non poli et profond\u00e9ment personnel. Jazzu ne se contente pas de peindre des visages. Ils peignent des \u00e9motions. Plongez dans leur collection et laissez-vous s\u00e9duire par leur univers. Vous ne voudrez plus en sortir.<\/p>\n<\/div>\n<p>&nbsp;<\/p>","protected":false},"excerpt":{"rendered":"<p>The artwork is available for pickup at BelArt Gallery in Brussels, Belgium, or it can be delivered to the address of your choice within 2 to 3 weeks after your order is confirmed. The artwork is insured during transportation, so there&#8217;s no risk. Origin: Belgium. At first glance, they turn away. But look again. There\u2019s [&hellip;]<\/p>","protected":false},"featured_media":4858,"template":"","meta":{"_acf_changed":false,"inline_featured_image":false,"_monsterinsights_skip_tracking":false,"_monsterinsights_sitenote_active":false,"_monsterinsights_sitenote_note":"","_monsterinsights_sitenote_category":0},"product_brand":[195],"product_cat":[167,33,36],"product_tag":[123,169,168,134,170],"department":[],"class_list":{"0":"post-8453","1":"product","2":"type-product","3":"status-publish","4":"has-post-thumbnail","6":"product_brand-jazzu","7":"product_cat-figurative","8":"product_cat-outsider-art","9":"product_cat-painting","10":"product_tag-colorful-artwork","11":"product_tag-colors","12":"product_tag-friends","13":"product_tag-portrait","14":"product_tag-text","15":"product_shipping_class-medium","17":"first","18":"instock","19":"shipping-taxable","20":"purchasable","21":"product-type-simple"},"acf":[],"_links":{"self":[{"href":"https:\/\/www.belart-gallery.com\/fr\/wp-json\/wp\/v2\/product\/8453","targetHints":{"allow":["GET"]}}],"collection":[{"href":"https:\/\/www.belart-gallery.com\/fr\/wp-json\/wp\/v2\/product"}],"about":[{"href":"https:\/\/www.belart-gallery.com\/fr\/wp-json\/wp\/v2\/types\/product"}],"version-history":[{"count":0,"href":"https:\/\/www.belart-gallery.com\/fr\/wp-json\/wp\/v2\/product\/8453\/revisions"}],"wp:featuredmedia":[{"embeddable":true,"href":"https:\/\/www.belart-gallery.com\/fr\/wp-json\/wp\/v2\/media\/4858"}],"wp:attachment":[{"href":"https:\/\/www.belart-gallery.com\/fr\/wp-json\/wp\/v2\/media?parent=8453"}],"wp:term":[{"taxonomy":"product_brand","embeddable":true,"href":"https:\/\/www.belart-gallery.com\/fr\/wp-json\/wp\/v2\/product_brand?post=8453"},{"taxonomy":"product_cat","embeddable":true,"href":"https:\/\/www.belart-gallery.com\/fr\/wp-json\/wp\/v2\/product_cat?post=8453"},{"taxonomy":"product_tag","embeddable":true,"href":"https:\/\/www.belart-gallery.com\/fr\/wp-json\/wp\/v2\/product_tag?post=8453"},{"taxonomy":"department","embeddable":true,"href":"https:\/\/www.belart-gallery.com\/fr\/wp-json\/wp\/v2\/department?post=8453"}],"curies":[{"name":"wp","href":"https:\/\/api.w.org\/{rel}","templated":true}]}}