{"id":8456,"date":"2025-04-28T15:48:25","date_gmt":"2025-04-28T15:48:25","guid":{"rendered":"https:\/\/belart-gallery.com\/product-page\/theres-hope\/"},"modified":"2026-03-30T14:39:03","modified_gmt":"2026-03-30T14:39:03","slug":"nikolaos-schizas-there-s-hope-120-x-120-cm","status":"publish","type":"product","link":"https:\/\/www.belart-gallery.com\/fr\/product-page\/nikolaos-schizas-there-s-hope-120-x-120-cm\/","title":{"rendered":"There&#8217;s hope at the bottom of the biggest waterfall"},"content":{"rendered":"<p>L'\u0153uvre peut \u00eatre retir\u00e9e \u00e0 la galerie BelArt \u00e0 Bruxelles, Belgique, ou peut \u00eatre livr\u00e9e \u00e0 l'adresse de votre choix dans un d\u00e9lai de 2 \u00e0 3 semaines apr\u00e8s la confirmation de votre commande. L'\u0153uvre est assur\u00e9e pendant le transport, il n'y a donc aucun risque. Origine : Belgique : Belgique.<\/p>\n<p>&nbsp;<\/p>\n<p>L'\u0153uvre \"There's hope\" invite \u00e0 la pause et \u00e0 la r\u00e9flexion, en offrant un sentiment d'optimisme tranquille gr\u00e2ce \u00e0 l'utilisation puissante de la couleur et de la forme. L'\u0153uvre s'adresse au spectateur avec une \u00e9nergie douce mais persistante, guidant doucement l'\u0153il vers un lieu de r\u00e9silience calme.<\/p>\n<p>Le <a href=\"https:\/\/www.belart-gallery.com\/fr\/abstract\" target=\"_blank\" rel=\"noopener\"><strong>abstrait<\/strong><\/a> La technique utilis\u00e9e ici permet \u00e0 la composition de parler d'elle-m\u00eame, avec des tons doux de vert et des teintes douces formant un \u00e9quilibre harmonieux. Ces couleurs vont et viennent, cr\u00e9ant une atmosph\u00e8re de mouvement tout en maintenant un sentiment d'immobilit\u00e9. Les traits d\u00e9lib\u00e9r\u00e9s et les formes fluides de l'artiste \u00e9voquent une profonde connexion \u00e9motionnelle, soulignant un voyage du chaos \u00e0 la tranquillit\u00e9. Ses <a href=\"https:\/\/www.belart-gallery.com\/fr\/large-size-art-living-room-modern-abstract-contemporary-wall-art-pop-art\/\" target=\"_blank\" rel=\"noopener\"><strong>grande taille<\/strong><\/a> amplifie encore l'exp\u00e9rience, ce qui en fait une pi\u00e8ce ma\u00eetresse id\u00e9ale pour les espaces contemporains o\u00f9 une profondeur \u00e9motionnelle est souhait\u00e9e.<\/p>\n<p>&nbsp;<\/p>\n<p>Cette pi\u00e8ce offre une \u00e9chapp\u00e9e m\u00e9ditative, vous invitant \u00e0 explorer la force tranquille au milieu de l'incertitude. D\u00e9couvrez plus de <a href=\"https:\/\/www.belart-gallery.com\/fr\/nikolaos-schizas\/\" target=\"_blank\" rel=\"noopener\">Schizas<\/a>L'\u0153uvre de M. Kroes, o\u00f9 l'\u00e9motion et l'abstraction convergent pour cr\u00e9er un art qui n'est pas seulement vu, mais aussi ressenti.<\/p>","protected":false},"excerpt":{"rendered":"<p>The artwork is available for pickup at BelArt Gallery in Brussels, Belgium, or it can be delivered to the address of your choice within 2 to 3 weeks after your order is confirmed. The artwork is insured during transportation, so there&#8217;s no risk. Origin: Belgium. &nbsp; &#8220;There&#8217;s hope&#8221; invites you to pause and reflect, offering [&hellip;]<\/p>","protected":false},"featured_media":4883,"template":"","meta":{"_acf_changed":false,"inline_featured_image":false,"_monsterinsights_skip_tracking":false,"_monsterinsights_sitenote_active":false,"_monsterinsights_sitenote_note":"","_monsterinsights_sitenote_category":0},"product_brand":[184],"product_cat":[27,36],"product_tag":[117,123,169],"department":[],"class_list":{"0":"post-8456","1":"product","2":"type-product","3":"status-publish","4":"has-post-thumbnail","6":"product_brand-nikolaos-schizas","7":"product_cat-abstract","8":"product_cat-painting","9":"product_tag-abstract-art","10":"product_tag-colorful-artwork","11":"product_tag-colors","12":"product_shipping_class-large","14":"first","15":"outofstock","16":"sold-individually","17":"shipping-taxable","18":"purchasable","19":"product-type-simple"},"acf":[],"_links":{"self":[{"href":"https:\/\/www.belart-gallery.com\/fr\/wp-json\/wp\/v2\/product\/8456","targetHints":{"allow":["GET"]}}],"collection":[{"href":"https:\/\/www.belart-gallery.com\/fr\/wp-json\/wp\/v2\/product"}],"about":[{"href":"https:\/\/www.belart-gallery.com\/fr\/wp-json\/wp\/v2\/types\/product"}],"wp:featuredmedia":[{"embeddable":true,"href":"https:\/\/www.belart-gallery.com\/fr\/wp-json\/wp\/v2\/media\/4883"}],"wp:attachment":[{"href":"https:\/\/www.belart-gallery.com\/fr\/wp-json\/wp\/v2\/media?parent=8456"}],"wp:term":[{"taxonomy":"product_brand","embeddable":true,"href":"https:\/\/www.belart-gallery.com\/fr\/wp-json\/wp\/v2\/product_brand?post=8456"},{"taxonomy":"product_cat","embeddable":true,"href":"https:\/\/www.belart-gallery.com\/fr\/wp-json\/wp\/v2\/product_cat?post=8456"},{"taxonomy":"product_tag","embeddable":true,"href":"https:\/\/www.belart-gallery.com\/fr\/wp-json\/wp\/v2\/product_tag?post=8456"},{"taxonomy":"department","embeddable":true,"href":"https:\/\/www.belart-gallery.com\/fr\/wp-json\/wp\/v2\/department?post=8456"}],"curies":[{"name":"wp","href":"https:\/\/api.w.org\/{rel}","templated":true}]}}