{"id":8463,"date":"2025-04-28T15:48:26","date_gmt":"2025-04-28T15:48:26","guid":{"rendered":"https:\/\/belart-gallery.com\/product-page\/ensemble-cest-tout\/"},"modified":"2026-02-03T04:12:58","modified_gmt":"2026-02-03T04:12:58","slug":"ensemble-cest-tout","status":"publish","type":"product","link":"https:\/\/www.belart-gallery.com\/fr\/product-page\/rever-mieux-jazzu\/","title":{"rendered":"R\u00eaver Mieux"},"content":{"rendered":"<div>\n<div>\n<div>\n<div>\n<div>\n<div>\n<p>L'\u0153uvre peut \u00eatre retir\u00e9e \u00e0 la galerie BelArt \u00e0 Bruxelles, Belgique, ou peut \u00eatre livr\u00e9e \u00e0 l'adresse de votre choix dans un d\u00e9lai de 2 \u00e0 3 semaines apr\u00e8s la confirmation de votre commande. L'\u0153uvre est assur\u00e9e pendant le transport, il n'y a donc aucun risque. Origine : Belgique : Belgique.<\/p>\n<p>&nbsp;<\/p>\n<p>D\u00e8s que vous posez les yeux sur \"<em>R\u00eaver Mieux\"<\/em>Avec ce tableau, vous \u00eates instantan\u00e9ment plong\u00e9 dans un monde de liens et d'\u00e9motions brutes. Deux personnages, reli\u00e9s par des traits audacieux et expressifs, partagent un moment intime qui semble \u00e0 la fois personnel et universel. Chaque figure, peinte avec une palette de couleurs distincte, s'harmonise magnifiquement avec l'autre, capturant l'essence de l'interaction humaine, silencieuse mais profonde.<\/p>\n<p><a href=\"https:\/\/www.belart-gallery.com\/fr\/jazzu\" target=\"_blank\" rel=\"noopener\">Jazzu<\/a>Le style de l'artiste, ancr\u00e9 dans l'esprit des <a href=\"https:\/\/www.belart-gallery.com\/fr\/outsider-art\/?Style=Contemporary\" target=\"_blank\" rel=\"noopener\"><strong>l'art de l'outsider<\/strong><\/a>L'\u00e9motion et la franchise sont au rendez-vous. Ces figures ne sont pas de simples portraits, elles transcendent l'individualit\u00e9, devenant des symboles intemporels de connexion et de soutien. Le fond textur\u00e9, avec des touches d'\u00e9criture et des marques symboliques, vous invite \u00e0 creuser plus profond\u00e9ment, r\u00e9v\u00e9lant des couches de signification. Les teintes color\u00e9es et les traits textur\u00e9s cr\u00e9ent un flux visuel qui attire votre regard sur la toile, vous guidant \u00e0 travers la riche narration de l'\u0153uvre d'art.<\/p>\n<p>&nbsp;<\/p>\n<p>Envie d'en savoir plus ? Explorez <a href=\"https:\/\/www.belart-gallery.com\/fr\/jazzu\" target=\"_blank\" rel=\"noopener\">Jazzu<\/a>D\u00e9couvrez la collection de l'Institut de recherche et de d\u00e9veloppement de l'Union europ\u00e9enne (IRU) et la mani\u00e8re dont leur <a href=\"https:\/\/www.belart-gallery.com\/fr\/portrait\" target=\"_blank\" rel=\"noopener\"><strong>portrait<\/strong><\/a> capturent les th\u00e8mes durables de la communaut\u00e9, de la r\u00e9silience et de la connexion humaine. Chaque \u0153uvre vous invite \u00e0 vous connecter, \u00e0 r\u00e9fl\u00e9chir et \u00e0 ressentir la profondeur \u00e9motionnelle qui se d\u00e9gage de chaque trait.<\/p>\n<\/div>\n<\/div>\n<\/div>\n<div>\n<div>\n<div><\/div>\n<\/div>\n<\/div>\n<\/div>\n<\/div>\n<\/div>","protected":false},"excerpt":{"rendered":"<p>The artwork is available for pickup at BelArt Gallery in Brussels, Belgium, or it can be delivered to the address of your choice within 2 to 3 weeks after your order is confirmed. The artwork is insured during transportation, so there&#8217;s no risk. Origin: Belgium. &nbsp; From the moment you lay eyes on &#8220;R\u00eaver Mieux&#8221;, [&hellip;]<\/p>","protected":false},"featured_media":4932,"template":"","meta":{"_acf_changed":false,"inline_featured_image":false,"_monsterinsights_skip_tracking":false,"_monsterinsights_sitenote_active":false,"_monsterinsights_sitenote_note":"","_monsterinsights_sitenote_category":0},"product_brand":[195],"product_cat":[167,33,36],"product_tag":[123,169,168,134,170],"department":[],"class_list":{"0":"post-8463","1":"product","2":"type-product","3":"status-publish","4":"has-post-thumbnail","6":"product_brand-jazzu","7":"product_cat-figurative","8":"product_cat-outsider-art","9":"product_cat-painting","10":"product_tag-colorful-artwork","11":"product_tag-colors","12":"product_tag-friends","13":"product_tag-portrait","14":"product_tag-text","15":"product_shipping_class-medium","17":"first","18":"instock","19":"shipping-taxable","20":"purchasable","21":"product-type-simple"},"acf":[],"_links":{"self":[{"href":"https:\/\/www.belart-gallery.com\/fr\/wp-json\/wp\/v2\/product\/8463","targetHints":{"allow":["GET"]}}],"collection":[{"href":"https:\/\/www.belart-gallery.com\/fr\/wp-json\/wp\/v2\/product"}],"about":[{"href":"https:\/\/www.belart-gallery.com\/fr\/wp-json\/wp\/v2\/types\/product"}],"version-history":[{"count":1,"href":"https:\/\/www.belart-gallery.com\/fr\/wp-json\/wp\/v2\/product\/8463\/revisions"}],"predecessor-version":[{"id":10059,"href":"https:\/\/www.belart-gallery.com\/fr\/wp-json\/wp\/v2\/product\/8463\/revisions\/10059"}],"wp:featuredmedia":[{"embeddable":true,"href":"https:\/\/www.belart-gallery.com\/fr\/wp-json\/wp\/v2\/media\/4932"}],"wp:attachment":[{"href":"https:\/\/www.belart-gallery.com\/fr\/wp-json\/wp\/v2\/media?parent=8463"}],"wp:term":[{"taxonomy":"product_brand","embeddable":true,"href":"https:\/\/www.belart-gallery.com\/fr\/wp-json\/wp\/v2\/product_brand?post=8463"},{"taxonomy":"product_cat","embeddable":true,"href":"https:\/\/www.belart-gallery.com\/fr\/wp-json\/wp\/v2\/product_cat?post=8463"},{"taxonomy":"product_tag","embeddable":true,"href":"https:\/\/www.belart-gallery.com\/fr\/wp-json\/wp\/v2\/product_tag?post=8463"},{"taxonomy":"department","embeddable":true,"href":"https:\/\/www.belart-gallery.com\/fr\/wp-json\/wp\/v2\/department?post=8463"}],"curies":[{"name":"wp","href":"https:\/\/api.w.org\/{rel}","templated":true}]}}