{"id":8465,"date":"2025-04-28T15:48:26","date_gmt":"2025-04-28T15:48:26","guid":{"rendered":"https:\/\/belart-gallery.com\/product-page\/facing-summer\/"},"modified":"2025-07-17T18:44:46","modified_gmt":"2025-07-17T18:44:46","slug":"facing-summer-90-x-90-cm-nikolaos-schizas","status":"publish","type":"product","link":"https:\/\/www.belart-gallery.com\/fr\/product-page\/facing-summer-90-x-90-cm-nikolaos-schizas\/","title":{"rendered":"Facing Summer"},"content":{"rendered":"<p>L'\u0153uvre peut \u00eatre retir\u00e9e \u00e0 la galerie BelArt \u00e0 Bruxelles, Belgique, ou peut \u00eatre livr\u00e9e \u00e0 l'adresse de votre choix dans un d\u00e9lai de 2 \u00e0 3 semaines apr\u00e8s la confirmation de votre commande. L'\u0153uvre est assur\u00e9e pendant le transport, il n'y a donc aucun risque. Origine : Belgique : Belgique.<\/p>\n<p>&nbsp;<\/p>\n<p>The warmth of summer is alive in every stroke of this stunning abstract piece. As your eyes explore the canvas, you&#8217;re immediately drawn to the vibrant mix of rich reds, golden yellows, and soft oranges, which are beautifully contrasted by the cool, calming cyan tones. These unexpected splashes of cyan bring a refreshing balance to the otherwise warm palette, creating a dynamic tension that feels both energizing and soothing, like a summer breeze cooling you down on a hot day.<\/p>\n<p><a href=\"https:\/\/www.belart-gallery.com\/fr\/nikolaos-schizas\/\" target=\"_blank\" rel=\"noopener\">Schizas<\/a>\u2019s use of <a href=\"https:\/\/www.belart-gallery.com\/fr\/abstract\" target=\"_blank\" rel=\"noopener\"><strong>abstrait<\/strong><\/a> techniques transforms the piece into an emotional landscape, where color and form take center stage. The brushwork flows effortlessly across the canvas, creating a sense of movement and depth that invites you to linger and reflect. The cyan accents, though minimal, add just enough contrast to give the piece depth and dimension, inviting the viewer to pause and reflect on the balance between heat and coolness.<\/p>\n<p>&nbsp;<\/p>\n<p>\u201cFacing Summer\u201d is a perfect statement piece for any <a href=\"https:\/\/www.belart-gallery.com\/fr\/large-size-art-living-room-modern-abstract-contemporary-wall-art-pop-art\/\" target=\"_blank\" rel=\"noopener\"><strong>grande taille<\/strong><\/a> space. If you&#8217;re drawn to the vibrant fusion of color and emotion, explore more of the <a href=\"https:\/\/www.belart-gallery.com\/fr\/nikolaos-schizas\/\" target=\"_blank\" rel=\"noopener\">Nikolaos Schizas<\/a>'s <a href=\"https:\/\/www.belart-gallery.com\/fr\/abstract\" target=\"_blank\" rel=\"noopener\"><strong>abstrait<\/strong><\/a> works to discover how they continue to evoke powerful feelings through dynamic, color-rich compositions.<\/p>\n<div>\n<div>\n<div>\n<div>\n<div>\n<div><\/div>\n<\/div>\n<\/div>\n<\/div>\n<\/div>\n<\/div>\n<p>&nbsp;<\/p>","protected":false},"excerpt":{"rendered":"<p>The artwork is available for pickup at BelArt Gallery in Brussels, Belgium, or it can be delivered to the address of your choice within 2 to 3 weeks after your order is confirmed. The artwork is insured during transportation, so there&#8217;s no risk. Origin: Belgium. &nbsp; The warmth of summer is alive in every stroke [&hellip;]<\/p>","protected":false},"featured_media":4945,"template":"","meta":{"_acf_changed":false,"inline_featured_image":false,"_monsterinsights_skip_tracking":false,"_monsterinsights_sitenote_active":false,"_monsterinsights_sitenote_note":"","_monsterinsights_sitenote_category":0},"product_brand":[184],"product_cat":[27,36],"product_tag":[117,123,169],"department":[],"class_list":{"0":"post-8465","1":"product","2":"type-product","3":"status-publish","4":"has-post-thumbnail","6":"product_brand-nikolaos-schizas","7":"product_cat-abstract","8":"product_cat-painting","9":"product_tag-abstract-art","10":"product_tag-colorful-artwork","11":"product_tag-colors","12":"product_shipping_class-medium","14":"first","15":"instock","16":"sold-individually","17":"shipping-taxable","18":"purchasable","19":"product-type-simple"},"acf":[],"_links":{"self":[{"href":"https:\/\/www.belart-gallery.com\/fr\/wp-json\/wp\/v2\/product\/8465","targetHints":{"allow":["GET"]}}],"collection":[{"href":"https:\/\/www.belart-gallery.com\/fr\/wp-json\/wp\/v2\/product"}],"about":[{"href":"https:\/\/www.belart-gallery.com\/fr\/wp-json\/wp\/v2\/types\/product"}],"wp:featuredmedia":[{"embeddable":true,"href":"https:\/\/www.belart-gallery.com\/fr\/wp-json\/wp\/v2\/media\/4945"}],"wp:attachment":[{"href":"https:\/\/www.belart-gallery.com\/fr\/wp-json\/wp\/v2\/media?parent=8465"}],"wp:term":[{"taxonomy":"product_brand","embeddable":true,"href":"https:\/\/www.belart-gallery.com\/fr\/wp-json\/wp\/v2\/product_brand?post=8465"},{"taxonomy":"product_cat","embeddable":true,"href":"https:\/\/www.belart-gallery.com\/fr\/wp-json\/wp\/v2\/product_cat?post=8465"},{"taxonomy":"product_tag","embeddable":true,"href":"https:\/\/www.belart-gallery.com\/fr\/wp-json\/wp\/v2\/product_tag?post=8465"},{"taxonomy":"department","embeddable":true,"href":"https:\/\/www.belart-gallery.com\/fr\/wp-json\/wp\/v2\/department?post=8465"}],"curies":[{"name":"wp","href":"https:\/\/api.w.org\/{rel}","templated":true}]}}