{"id":8476,"date":"2025-04-28T15:48:28","date_gmt":"2025-04-28T15:48:28","guid":{"rendered":"https:\/\/belart-gallery.com\/product-page\/parti-pris-iii\/"},"modified":"2026-01-10T23:20:56","modified_gmt":"2026-01-10T23:20:56","slug":"parti-pris-iii-81-x-100-cm-agnes-tiollier","status":"publish","type":"product","link":"https:\/\/www.belart-gallery.com\/fr\/product-page\/parti-pris-iii-81-x-100-cm-agnes-tiollier\/","title":{"rendered":"Parti pris III"},"content":{"rendered":"<p>L'\u0153uvre peut \u00eatre retir\u00e9e \u00e0 la galerie BelArt \u00e0 Bruxelles, Belgique, ou peut \u00eatre livr\u00e9e \u00e0 l'adresse de votre choix dans un d\u00e9lai de 2 \u00e0 3 semaines apr\u00e8s la confirmation de votre commande. L'\u0153uvre est assur\u00e9e pendant le transport, il n'y a donc aucun risque. Origine : Belgique : Belgique.<\/p>\n<div>\n<div>\n<div>\n<div>\n<div>\n<div><\/div>\n<\/div>\n<\/div>\n<\/div>\n<\/div>\n<\/div>\n<p>&nbsp;<\/p>","protected":false},"excerpt":{"rendered":"<p>Exclusivit\u00e9 de la galerie Belart.<\/p>\n<p>Cette \u0153uvre d'art capture une sc\u00e8ne de jardin luxuriante et verdoyante, domin\u00e9e par une juxtaposition frappante de textures et de couleurs. Le premier plan pr\u00e9sente un agave dynamique et audacieux, dont les feuilles anguleuses et tranchantes contrastent fortement avec les tons doux et terreux du sol environnant. Le tronc d'un palmier robuste se dresse bien en \u00e9vidence, son \u00e9corce rugueuse apportant une profondeur de texture intrigante. La verdure vibrante du feuillage environnant, avec ses formes et ses teintes vari\u00e9es, ajoute une richesse tropicale \u00e0 la composition. Un bassin d'eau bleue sereine dans la partie inf\u00e9rieure de l'image introduit un \u00e9l\u00e9ment de tranquillit\u00e9, sa surface lisse refl\u00e9tant le paysage luxuriant au-dessus. L'interaction harmonieuse des \u00e9l\u00e9ments naturels et de la palette vibrante souligne la beaut\u00e9 captivante d'une oasis isol\u00e9e, rendant cette \u0153uvre \u00e0 la fois visuellement attrayante et apaisante.<\/p>\n<p>C'est en s'immergeant dans la nature qu'elle trouve les sujets de ses \u0153uvres, dont l'intensit\u00e9 lumineuse semble t\u00e9moigner d'un regard o\u00f9 l'\u00e9merveillement reste intact face au spectacle du monde qui nous entoure. Son attirance pour celle-ci la conduit naturellement vers les jardins, comme le jardin Majorelle d'Yves Saint Laurent, sujet unique d'une vingtaine d'\u0153uvres.<\/p>","protected":false},"featured_media":10730,"template":"","meta":{"_acf_changed":false,"inline_featured_image":false,"_monsterinsights_skip_tracking":false,"_monsterinsights_sitenote_active":false,"_monsterinsights_sitenote_note":"","_monsterinsights_sitenote_category":0},"product_brand":[216],"product_cat":[167,36],"product_tag":[126,127,129],"department":[],"class_list":{"0":"post-8476","1":"product","2":"type-product","3":"status-publish","4":"has-post-thumbnail","6":"product_brand-agnes-tiollier","7":"product_cat-figurative","8":"product_cat-painting","9":"product_tag-figurative","10":"product_tag-floral","11":"product_tag-landscape-artwork","12":"product_shipping_class-medium","14":"first","15":"instock","16":"sold-individually","17":"shipping-taxable","18":"purchasable","19":"product-type-simple"},"acf":[],"_links":{"self":[{"href":"https:\/\/www.belart-gallery.com\/fr\/wp-json\/wp\/v2\/product\/8476","targetHints":{"allow":["GET"]}}],"collection":[{"href":"https:\/\/www.belart-gallery.com\/fr\/wp-json\/wp\/v2\/product"}],"about":[{"href":"https:\/\/www.belart-gallery.com\/fr\/wp-json\/wp\/v2\/types\/product"}],"wp:featuredmedia":[{"embeddable":true,"href":"https:\/\/www.belart-gallery.com\/fr\/wp-json\/wp\/v2\/media\/10730"}],"wp:attachment":[{"href":"https:\/\/www.belart-gallery.com\/fr\/wp-json\/wp\/v2\/media?parent=8476"}],"wp:term":[{"taxonomy":"product_brand","embeddable":true,"href":"https:\/\/www.belart-gallery.com\/fr\/wp-json\/wp\/v2\/product_brand?post=8476"},{"taxonomy":"product_cat","embeddable":true,"href":"https:\/\/www.belart-gallery.com\/fr\/wp-json\/wp\/v2\/product_cat?post=8476"},{"taxonomy":"product_tag","embeddable":true,"href":"https:\/\/www.belart-gallery.com\/fr\/wp-json\/wp\/v2\/product_tag?post=8476"},{"taxonomy":"department","embeddable":true,"href":"https:\/\/www.belart-gallery.com\/fr\/wp-json\/wp\/v2\/department?post=8476"}],"curies":[{"name":"wp","href":"https:\/\/api.w.org\/{rel}","templated":true}]}}